{"id":998,"date":"2021-02-17T16:38:37","date_gmt":"2021-02-17T16:38:37","guid":{"rendered":"http:\/\/shop.belar.md\/product\/christina-comodex-mattify-protect-cream-spf-15\/"},"modified":"2026-05-02T08:02:29","modified_gmt":"2026-05-02T05:02:29","slug":"christina-comodex-mattify-protect-cream-spf-15","status":"publish","type":"product","link":"https:\/\/shop.belar.md\/ro\/product\/christina-comodex-mattify-protect-cream-spf-15\/","title":{"rendered":"SPF15 Crem\u0103 protectoare matifiant\u0103 pentru pielea gras\u0103 \u0219i problematic\u0103"},"content":{"rendered":"<p><strong><em><span style=\"color: red;\">ATEN\u021aIE: \u201eReducerea Pudra Card nu se aplica produselor promotionale. Reducerea Pudra Card se aplica doar la produsele cu pret intreg. Daca aveti intrebari despre procedura de inregistrare a produselor promotionale, scrie\u021bi consultantului nostru in chat.&#8221;<\/span><\/em><\/strong><\/p>\n<p>U\u0219or de aplicat, este absorbit instant, cre\u00e2nd un efect matifiant care dureaz\u0103 p\u00e2n\u0103 la c\u00e2teva ore (\u00een func\u021bie de activitatea glandelor sebacee). Protejeaz\u0103 \u00eempotriva efectelor negative ale razelor UV.<\/p>\n<p>Ingrediente active: Glicerin\u0103, triazon\u0103, triazin\u0103, acid citric, pantenol, factori naturali de hidratare, acetat de tocoferol, alantoin\u0103, biotin\u0103, protein\u0103 de drojdie hidrolizat\u0103, niacinamid\u0103, extract de ciuperci (ciuperca tinder).<\/p>\n<p>Instruc\u021biuni: Aplica\u021bi o cantitate mic\u0103 pe toat\u0103 fa\u021ba, apoi \u00eentinde\u021bi \u0219i masa\u021bi p\u00e2n\u0103 la absorb\u021bia complet\u0103.<\/p>","protected":false},"excerpt":{"rendered":"<p>Christina Comodex Mattify &amp; Protect Cream SPF 15, 75 ml<\/p>\n","protected":false},"featured_media":3635,"template":"","meta":[],"product_cat":[41],"product_tag":[],"_links":{"self":[{"href":"https:\/\/shop.belar.md\/ro\/wp-json\/wp\/v2\/product\/998"}],"collection":[{"href":"https:\/\/shop.belar.md\/ro\/wp-json\/wp\/v2\/product"}],"about":[{"href":"https:\/\/shop.belar.md\/ro\/wp-json\/wp\/v2\/types\/product"}],"wp:featuredmedia":[{"embeddable":true,"href":"https:\/\/shop.belar.md\/ro\/wp-json\/wp\/v2\/media\/3635"}],"wp:attachment":[{"href":"https:\/\/shop.belar.md\/ro\/wp-json\/wp\/v2\/media?parent=998"}],"wp:term":[{"taxonomy":"product_cat","embeddable":true,"href":"https:\/\/shop.belar.md\/ro\/wp-json\/wp\/v2\/product_cat?post=998"},{"taxonomy":"product_tag","embeddable":true,"href":"https:\/\/shop.belar.md\/ro\/wp-json\/wp\/v2\/product_tag?post=998"}],"curies":[{"name":"wp","href":"https:\/\/api.w.org\/{rel}","templated":true}]}}