{"id":996,"date":"2021-02-17T16:38:36","date_gmt":"2021-02-17T16:38:36","guid":{"rendered":"http:\/\/shop.belar.md\/product\/christina-comodex-hydrate-restore-serum\/"},"modified":"2026-04-20T05:03:35","modified_gmt":"2026-04-20T05:03:35","slug":"christina-comodex-hydrate-restore-serum","status":"publish","type":"product","link":"https:\/\/shop.belar.md\/ro\/product\/christina-comodex-hydrate-restore-serum\/","title":{"rendered":"Christina Comodex Hydrate &#038; Restore Serum"},"content":{"rendered":"<p>Este un ser u\u0219or, \u00eembog\u0103\u021bit cu ingrediente hidratante, regenereaz\u0103 \u0219i \u00eentinere\u0219te pielea. Previne pierderea de umiditate, l\u0103s\u00e2nd pielea neted\u0103 \u0219i confortabil\u0103.<br \/>\nStimuleaz\u0103 sinteza colagenului. Complexul Hygroplex este un complex hidratant efficient adaptat capacit\u0103\u021bii pielii de a re\u021bine umezeala. Hidrateaz\u0103, \u00eembun\u0103t\u0103\u021be\u0219te penetrarea substan\u021belor active \u00een piele.<br \/>\nPotrivit pentru reabilitarea dup\u0103 decojire.<br \/>\nIngrediente active: Ap\u0103 deionizat\u0103, hialuronat de sodiu, metilglucet-20, alanin\u0103, serin\u0103, gum\u0103 xantan, extract de enzime bacteriene Pseudoalteromonas, prolin\u0103, extract de flori de mu\u0219e\u021bel, acid aspartic, fructoz\u0103, glucoz\u0103, acid glutamic, hexil nicotinat, zaharoz\u0103 de ciuperci, extract de uree , acid ascorbic, extract de scoar\u021b\u0103 de salc\u00e2m, lecitin\u0103, hexanoil dipeptid\u0103-3 acetat de norlecin\u0103.<br \/>\nInstruc\u021biuni: Aplica\u021bi 1-2 clicuri din preparat diminea\u021ba \u0219i seara pe pielea fe\u021bei u\u0219or umed\u0103, cur\u0103\u021bat\u0103, masa\u021bi p\u00e2n\u0103 la absorb\u021bia complet\u0103. Aplica\u021bi deasupra crema potrivit\u0103.<br \/>\n<\/p>","protected":false},"excerpt":{"rendered":"<p>Ser reparator hidratant, 30 ml<\/p>\n","protected":false},"featured_media":3668,"template":"","meta":[],"product_cat":[41],"product_tag":[],"_links":{"self":[{"href":"https:\/\/shop.belar.md\/ro\/wp-json\/wp\/v2\/product\/996"}],"collection":[{"href":"https:\/\/shop.belar.md\/ro\/wp-json\/wp\/v2\/product"}],"about":[{"href":"https:\/\/shop.belar.md\/ro\/wp-json\/wp\/v2\/types\/product"}],"wp:featuredmedia":[{"embeddable":true,"href":"https:\/\/shop.belar.md\/ro\/wp-json\/wp\/v2\/media\/3668"}],"wp:attachment":[{"href":"https:\/\/shop.belar.md\/ro\/wp-json\/wp\/v2\/media?parent=996"}],"wp:term":[{"taxonomy":"product_cat","embeddable":true,"href":"https:\/\/shop.belar.md\/ro\/wp-json\/wp\/v2\/product_cat?post=996"},{"taxonomy":"product_tag","embeddable":true,"href":"https:\/\/shop.belar.md\/ro\/wp-json\/wp\/v2\/product_tag?post=996"}],"curies":[{"name":"wp","href":"https:\/\/api.w.org\/{rel}","templated":true}]}}