{"id":994,"date":"2021-02-17T16:38:34","date_gmt":"2021-02-17T16:38:34","guid":{"rendered":"http:\/\/shop.belar.md\/product\/christina-comodex-cover-shield\/"},"modified":"2026-04-19T05:00:39","modified_gmt":"2026-04-19T05:00:39","slug":"christina-comodex-cover-shield","status":"publish","type":"product","link":"https:\/\/shop.belar.md\/ro\/product\/christina-comodex-cover-shield\/","title":{"rendered":"SPF20 crem\u0103 cu efect de tonifiere pentru pielea gras\u0103 \u0219i problematic\u0103"},"content":{"rendered":"<p><strong><em><span style=\"color: red;\">ATEN\u021aIE: \u201eReducerea Pudra Card nu se aplica produselor promotionale. Reducerea Pudra Card se aplica doar la produsele cu pret intreg. Daca aveti intrebari despre procedura de inregistrare a produselor promotionale, scrie\u021bi consultantului nostru in chat.&#8221;<\/span><\/em><\/strong><\/p>\n<p>Funda\u021bia are un singur ton universal, potrivit pentru fototipurile II-IV. Ascunde imperfec\u021biunile astfel creaz\u0103 un efect mai uniform. Nu combate str\u0103lucirea uleioas\u0103, dar nu o las\u0103 dup\u0103 aplicare. Protejeaz\u0103 pielea de razele UV.<\/p>\n<p>Ingrediente active: Oxid de zinc, talc, mica, oxid de siliciu, unt de shea, extract de calendula officinalis, ulei de semin\u021be de floarea soarelui, extract de Alaria Esculenta, acetat de tocoferol, ulei de trandafir de c\u00e2ine, extract de semin\u021be de jojoba, fosfat de ascorbil de magneziu, ulei de soia s\u0103lbatic\u0103, palmitat de retinil, abol.<\/p>\n<p>Instruc\u021biuni: Aplica\u021bi o cantitate mic\u0103 de preparat pe pielea fe\u021bei, distribui\u021bi pentru a ob\u021bine o baz\u0103. Apoi, cu mi\u0219c\u0103ri u\u0219oare de b\u0103taie, aplica\u021bi local pe imperfec\u021biunile pielii pentru a le masca.<\/p>","protected":false},"excerpt":{"rendered":"<p>Crem\u0103 de protec\u021bie cu ton u\u0219or SPF 20<\/p>\n","protected":false},"featured_media":3636,"template":"","meta":[],"product_cat":[41],"product_tag":[],"_links":{"self":[{"href":"https:\/\/shop.belar.md\/ro\/wp-json\/wp\/v2\/product\/994"}],"collection":[{"href":"https:\/\/shop.belar.md\/ro\/wp-json\/wp\/v2\/product"}],"about":[{"href":"https:\/\/shop.belar.md\/ro\/wp-json\/wp\/v2\/types\/product"}],"wp:featuredmedia":[{"embeddable":true,"href":"https:\/\/shop.belar.md\/ro\/wp-json\/wp\/v2\/media\/3636"}],"wp:attachment":[{"href":"https:\/\/shop.belar.md\/ro\/wp-json\/wp\/v2\/media?parent=994"}],"wp:term":[{"taxonomy":"product_cat","embeddable":true,"href":"https:\/\/shop.belar.md\/ro\/wp-json\/wp\/v2\/product_cat?post=994"},{"taxonomy":"product_tag","embeddable":true,"href":"https:\/\/shop.belar.md\/ro\/wp-json\/wp\/v2\/product_tag?post=994"}],"curies":[{"name":"wp","href":"https:\/\/api.w.org\/{rel}","templated":true}]}}