{"id":990,"date":"2021-02-17T16:38:32","date_gmt":"2021-02-17T16:38:32","guid":{"rendered":"http:\/\/shop.belar.md\/product\/christina-comodex-control-regulate\/"},"modified":"2026-04-20T05:03:31","modified_gmt":"2026-04-20T05:03:31","slug":"christina-comodex-control-regulate","status":"publish","type":"product","link":"https:\/\/shop.belar.md\/ro\/product\/christina-comodex-control-regulate\/","title":{"rendered":"Christina Comodex Control &#038; Regulate"},"content":{"rendered":"<p>Are un efect pronun\u021bat de reglare a sebumului, are efect antiinflamator \u0219i de reducere a porilor. De asemenea, poate fi utilizat numai \u00een zona T pentru a preveni apari\u021bia str\u0103lucirii uleioase \u00een timpul zilei.<br \/>\nIngrediente active: Ap\u0103 deionizat\u0103, hialuronat de sodiu, extract de scoar\u021b\u0103 de scor\u021bi\u0219oar\u0103 din ceilan, sarcozin\u0103, extracte de frunze chineze\u0219ti de camelie, scoar\u021b\u0103 de magnolie medicinal\u0103, acid oleanolic, extracte de coaj\u0103 citric\u0103 tahiban, extracte de fructe de palmier pitic, extracte de acid citric, ro\u0219ii, ciuperci (ciuperci), acid lactic.<br \/>\nInstruc\u021biuni: Aplica\u021bi un maz\u0103re din preparat cu degetele umede pe pielea curat\u0103, u\u0219or umed\u0103 (de preferin\u021b\u0103 imediat dup\u0103 sp\u0103lare), evit\u00e2nd zona din jurul ochilor, masa\u021bi p\u00e2n\u0103 la absorb\u021bia complet\u0103. Aplica\u021bi o crem\u0103 de zi cu protec\u021bie solar\u0103 deasupra<\/p>","protected":false},"excerpt":{"rendered":"<p>Ser control de zi, 50 ml<\/p>\n","protected":false},"featured_media":3656,"template":"","meta":[],"product_cat":[41],"product_tag":[],"_links":{"self":[{"href":"https:\/\/shop.belar.md\/ro\/wp-json\/wp\/v2\/product\/990"}],"collection":[{"href":"https:\/\/shop.belar.md\/ro\/wp-json\/wp\/v2\/product"}],"about":[{"href":"https:\/\/shop.belar.md\/ro\/wp-json\/wp\/v2\/types\/product"}],"wp:featuredmedia":[{"embeddable":true,"href":"https:\/\/shop.belar.md\/ro\/wp-json\/wp\/v2\/media\/3656"}],"wp:attachment":[{"href":"https:\/\/shop.belar.md\/ro\/wp-json\/wp\/v2\/media?parent=990"}],"wp:term":[{"taxonomy":"product_cat","embeddable":true,"href":"https:\/\/shop.belar.md\/ro\/wp-json\/wp\/v2\/product_cat?post=990"},{"taxonomy":"product_tag","embeddable":true,"href":"https:\/\/shop.belar.md\/ro\/wp-json\/wp\/v2\/product_tag?post=990"}],"curies":[{"name":"wp","href":"https:\/\/api.w.org\/{rel}","templated":true}]}}