{"id":988,"date":"2021-02-17T16:38:32","date_gmt":"2021-02-17T16:38:32","guid":{"rendered":"http:\/\/shop.belar.md\/product\/christina-comodex-purify-balance-toner\/"},"modified":"2026-04-16T05:00:39","modified_gmt":"2026-04-16T05:00:39","slug":"christina-comodex-purify-balance-toner","status":"publish","type":"product","link":"https:\/\/shop.belar.md\/ro\/product\/christina-comodex-purify-balance-toner\/","title":{"rendered":"Christina  Comodex Purify &#038; Balance Toner"},"content":{"rendered":"<p>Finalizeaz\u0103 procesul de cur\u0103\u021bare dup\u0103 demachiere, elimin\u0103 excesul de sebum. Are efect antibacterian \u0219i usuc\u0103 elementele inflamatorii.<br \/>\nIngrediente active: Ap\u0103 deionizat\u0103, alcool etilic, camfor, acid citric, extracte de frunze globulare de eucalipt, piper tasmanian, mentol.<br \/>\nInstruc\u021biuni: Aplica\u021bi 1-1,5 ml de tonic pe un disc de bumbac, cu mi\u0219c\u0103ri circulare aplica\u021bi \u00een zonele cu inflama\u021bie, cu pori m\u0103ri\u021bi \u0219i zone post-acnee, evit\u00e2nd zona orbital\u0103, nu cl\u0103ti\u021bi<br \/>\n<\/p>","protected":false},"excerpt":{"rendered":"<p>Toner facial echilibrant, 300 ml<\/p>\n","protected":false},"featured_media":3699,"template":"","meta":[],"product_cat":[41],"product_tag":[],"_links":{"self":[{"href":"https:\/\/shop.belar.md\/ro\/wp-json\/wp\/v2\/product\/988"}],"collection":[{"href":"https:\/\/shop.belar.md\/ro\/wp-json\/wp\/v2\/product"}],"about":[{"href":"https:\/\/shop.belar.md\/ro\/wp-json\/wp\/v2\/types\/product"}],"wp:featuredmedia":[{"embeddable":true,"href":"https:\/\/shop.belar.md\/ro\/wp-json\/wp\/v2\/media\/3699"}],"wp:attachment":[{"href":"https:\/\/shop.belar.md\/ro\/wp-json\/wp\/v2\/media?parent=988"}],"wp:term":[{"taxonomy":"product_cat","embeddable":true,"href":"https:\/\/shop.belar.md\/ro\/wp-json\/wp\/v2\/product_cat?post=988"},{"taxonomy":"product_tag","embeddable":true,"href":"https:\/\/shop.belar.md\/ro\/wp-json\/wp\/v2\/product_tag?post=988"}],"curies":[{"name":"wp","href":"https:\/\/api.w.org\/{rel}","templated":true}]}}