{"id":976,"date":"2021-02-17T16:38:26","date_gmt":"2021-02-17T16:38:26","guid":{"rendered":"http:\/\/shop.belar.md\/product\/christina-wish-night-eye-cream\/"},"modified":"2026-04-19T05:00:45","modified_gmt":"2026-04-19T05:00:45","slug":"christina-wish-night-eye-cream","status":"publish","type":"product","link":"https:\/\/shop.belar.md\/ro\/product\/christina-wish-night-eye-cream\/","title":{"rendered":"Christina Wish Night Eye Cream"},"content":{"rendered":"<p>\u00cembun\u0103t\u0103\u021be\u0219te calitatea pielii din jurul ochilor: neteze\u0219te ridurile, m\u0103re\u0219te elasticitatea pielii. Reduce cearc\u0103nele de sub ochi. Lumineaz\u0103 hiperpigmentarea \u0219i uniformizeaz\u0103 tonul pielii. O face s\u0103 par\u0103 mai t\u00e2n\u0103r\u0103 \u0219i mai str\u0103lucitoare.<br \/>\nIngrediente active: Unt de karit\u00e9, squalan, acetil dipeptid\u0103-1, ulei de avocado, acid tioctic, hidroxidecil ubiquinon\u0103, extract de mu\u0219chi irlandez, fosfatidilcolin\u0103 hidrogenat\u0103, melatonin\u0103, retinol, alantoin\u0103, acetat de tocoferol.<br \/>\nInstruc\u021biuni: Aplica\u021bi pe pielea curat\u0103 din jurul ochilor de 2 ori pe s\u0103pt\u0103m\u00e2n\u0103. La \u00eenceput, pot exista peeling, irita\u021bii, m\u00e2nc\u0103rime.<br \/>\n<\/p>","protected":false},"excerpt":{"rendered":"<p>Crema de noapte pentru pielea din jurul ochilor<\/p>\n","protected":false},"featured_media":975,"template":"","meta":[],"product_cat":[41],"product_tag":[],"_links":{"self":[{"href":"https:\/\/shop.belar.md\/ro\/wp-json\/wp\/v2\/product\/976"}],"collection":[{"href":"https:\/\/shop.belar.md\/ro\/wp-json\/wp\/v2\/product"}],"about":[{"href":"https:\/\/shop.belar.md\/ro\/wp-json\/wp\/v2\/types\/product"}],"wp:featuredmedia":[{"embeddable":true,"href":"https:\/\/shop.belar.md\/ro\/wp-json\/wp\/v2\/media\/975"}],"wp:attachment":[{"href":"https:\/\/shop.belar.md\/ro\/wp-json\/wp\/v2\/media?parent=976"}],"wp:term":[{"taxonomy":"product_cat","embeddable":true,"href":"https:\/\/shop.belar.md\/ro\/wp-json\/wp\/v2\/product_cat?post=976"},{"taxonomy":"product_tag","embeddable":true,"href":"https:\/\/shop.belar.md\/ro\/wp-json\/wp\/v2\/product_tag?post=976"}],"curies":[{"name":"wp","href":"https:\/\/api.w.org\/{rel}","templated":true}]}}