{"id":972,"date":"2021-02-17T16:38:24","date_gmt":"2021-02-17T16:38:24","guid":{"rendered":"http:\/\/shop.belar.md\/product\/christina-wish-day-eye-cream-spf-8\/"},"modified":"2026-04-23T08:00:35","modified_gmt":"2026-04-23T05:00:35","slug":"christina-wish-day-eye-cream-spf-8","status":"publish","type":"product","link":"https:\/\/shop.belar.md\/ro\/product\/christina-wish-day-eye-cream-spf-8\/","title":{"rendered":"SPF 8 crem\u0103 de ochi anti-\u00eemb\u0103tr\u00e2nire"},"content":{"rendered":"<p>O crem\u0103 hr\u0103nitoare pentru pielea sub\u021bire din jurul ochilor cu problema ridurilor \u0219i fermit\u0103\u021bii reduse. Protejeaz\u0103 \u00eempotriva factorilor externi adversi, previne ac\u021biunea radicalilor liberi \u0219i a razelor UV. Reduce severitatea pigment\u0103rii.<\/p>\n<p>Ingrediente active Etilhexilmetoxicinamat, unt de shea, acetil dipeptid\u0103-1, squalan, ulei de avocado, triazin\u0103, acid tioctic, acid fitic, acid ferulic, acid kojic, alantoin\u0103, acetat de tocoferol, dimeticon\u0103, clorfenezin\u0103.<\/p>\n<p>Instruc\u021biuni Aplica\u021bi crema zilnic pe pielea cur\u0103\u021bat\u0103 din jurul ochilor, f\u0103c\u00e2nd un pas \u00eenapoi la 0,5-1 cm de marginea genelor.<\/p>","protected":false},"excerpt":{"rendered":"<p>Christina Wish Day Eye Cream SPF 8, 30 ml<\/p>\n","protected":false},"featured_media":971,"template":"","meta":[],"product_cat":[41],"product_tag":[],"_links":{"self":[{"href":"https:\/\/shop.belar.md\/ro\/wp-json\/wp\/v2\/product\/972"}],"collection":[{"href":"https:\/\/shop.belar.md\/ro\/wp-json\/wp\/v2\/product"}],"about":[{"href":"https:\/\/shop.belar.md\/ro\/wp-json\/wp\/v2\/types\/product"}],"wp:featuredmedia":[{"embeddable":true,"href":"https:\/\/shop.belar.md\/ro\/wp-json\/wp\/v2\/media\/971"}],"wp:attachment":[{"href":"https:\/\/shop.belar.md\/ro\/wp-json\/wp\/v2\/media?parent=972"}],"wp:term":[{"taxonomy":"product_cat","embeddable":true,"href":"https:\/\/shop.belar.md\/ro\/wp-json\/wp\/v2\/product_cat?post=972"},{"taxonomy":"product_tag","embeddable":true,"href":"https:\/\/shop.belar.md\/ro\/wp-json\/wp\/v2\/product_tag?post=972"}],"curies":[{"name":"wp","href":"https:\/\/api.w.org\/{rel}","templated":true}]}}