{"id":970,"date":"2021-02-17T16:38:24","date_gmt":"2021-02-17T16:38:24","guid":{"rendered":"http:\/\/shop.belar.md\/product\/christina-wish-day-cream-spf-12\/"},"modified":"2026-04-18T05:02:35","modified_gmt":"2026-04-18T05:02:35","slug":"christina-wish-day-cream-spf-12","status":"publish","type":"product","link":"https:\/\/shop.belar.md\/ro\/product\/christina-wish-day-cream-spf-12\/","title":{"rendered":"SPF12 Crem\u0103 anti-\u00eemb\u0103tr\u00e2nire de zi cu ac\u021biune complex\u0103"},"content":{"rendered":"<p><strong><em><span style=\"color: red;\">ATEN\u021aIE: \u201eReducerea Pudra Card nu se aplica produselor promotionale. Reducerea Pudra Card se aplica doar la produsele cu pret intreg. Daca aveti intrebari despre procedura de inregistrare a produselor promotionale, scrie\u021bi consultantului nostru in chat.&#8221;<\/span><\/em><\/strong><\/p>\n<p>Textura u\u0219oar\u0103, dar crema hr\u0103nitoare protejeaz\u0103 pielea de factorii de mediu nefavorabili, inclusiv radia\u021biile ultraviolete \u0219i radicalii liberi. Lumineaz\u0103 petele de v\u00e2rst\u0103, face tenul mai u\u0219or \u0219i mai uniform.<\/p>\n<p>Ingrediente active Etilhexilmetoxicinamat, acetil dipeptid\u0103-1, triazon\u0103, triazin\u0103, acid tioctic, acid fitic, acid ferulic, acid kojic, alantoin\u0103, acetat de tocoferol, dimeticon\u0103, clorfenezin\u0103.<\/p>\n<p>Instruc\u021biuni Aplica\u021bi un strat sub\u021bire de crem\u0103 pe fa\u021b\u0103 \u0219i g\u00e2t \u00een fiecare diminea\u021b\u0103.<\/p>","protected":false},"excerpt":{"rendered":"<p>Christina Wish Day Cream SPF 12, 50 ml<\/p>\n","protected":false},"featured_media":3243,"template":"","meta":[],"product_cat":[41],"product_tag":[],"_links":{"self":[{"href":"https:\/\/shop.belar.md\/ro\/wp-json\/wp\/v2\/product\/970"}],"collection":[{"href":"https:\/\/shop.belar.md\/ro\/wp-json\/wp\/v2\/product"}],"about":[{"href":"https:\/\/shop.belar.md\/ro\/wp-json\/wp\/v2\/types\/product"}],"wp:featuredmedia":[{"embeddable":true,"href":"https:\/\/shop.belar.md\/ro\/wp-json\/wp\/v2\/media\/3243"}],"wp:attachment":[{"href":"https:\/\/shop.belar.md\/ro\/wp-json\/wp\/v2\/media?parent=970"}],"wp:term":[{"taxonomy":"product_cat","embeddable":true,"href":"https:\/\/shop.belar.md\/ro\/wp-json\/wp\/v2\/product_cat?post=970"},{"taxonomy":"product_tag","embeddable":true,"href":"https:\/\/shop.belar.md\/ro\/wp-json\/wp\/v2\/product_tag?post=970"}],"curies":[{"name":"wp","href":"https:\/\/api.w.org\/{rel}","templated":true}]}}