{"id":966,"date":"2021-02-17T16:38:22","date_gmt":"2021-02-17T16:38:22","guid":{"rendered":"http:\/\/shop.belar.md\/product\/christina-wish-rejuvenating-serum\/"},"modified":"2026-04-17T05:00:40","modified_gmt":"2026-04-17T05:00:40","slug":"christina-wish-rejuvenating-serum","status":"publish","type":"product","link":"https:\/\/shop.belar.md\/ro\/product\/christina-wish-rejuvenating-serum\/","title":{"rendered":"Christina Wish Rejuvenating Serum"},"content":{"rendered":"<p>Are un efect pronun\u021bat anti-\u00eemb\u0103tr\u00e2nire, str\u00e2nge pielea, reduce severitatea ridurilor. Combate pigmentarea epidermic\u0103 \u0219i hiperkeratoza. Are un efect antioxidant pronun\u021bat.<br \/>\nIngrediente active Acid tioctic, acid fitic, melatonin\u0103, acid azelaic, extract de r\u0103d\u0103cin\u0103 cimicifug\u0103, acid ferulic, acid kojic, diaminobutiroil benzibimid\u0103 diacetat dipeptid\u0103, palmitoil tripeptid\u0103-5, acetil hexapeptid\u0103-8, retinil palmitat, vitamina E.<br \/>\nInstruc\u021biuni:   Aplica\u021bi 1-2 clicuri de ser \u00eentr-un strat sub\u021bire \u0219i uniform pe fa\u021b\u0103, evit\u00e2nd zona ochilor. Masa\u021bi cu mi\u0219c\u0103ri u\u0219oare p\u00e2n\u0103 la absorb\u021bia complet\u0103.<br \/>\n<\/p>","protected":false},"excerpt":{"rendered":"<p>Ser anti-\u00eemb\u0103tr\u00e2nire, 30 ml<\/p>\n","protected":false},"featured_media":965,"template":"","meta":[],"product_cat":[41],"product_tag":[],"_links":{"self":[{"href":"https:\/\/shop.belar.md\/ro\/wp-json\/wp\/v2\/product\/966"}],"collection":[{"href":"https:\/\/shop.belar.md\/ro\/wp-json\/wp\/v2\/product"}],"about":[{"href":"https:\/\/shop.belar.md\/ro\/wp-json\/wp\/v2\/types\/product"}],"wp:featuredmedia":[{"embeddable":true,"href":"https:\/\/shop.belar.md\/ro\/wp-json\/wp\/v2\/media\/965"}],"wp:attachment":[{"href":"https:\/\/shop.belar.md\/ro\/wp-json\/wp\/v2\/media?parent=966"}],"wp:term":[{"taxonomy":"product_cat","embeddable":true,"href":"https:\/\/shop.belar.md\/ro\/wp-json\/wp\/v2\/product_cat?post=966"},{"taxonomy":"product_tag","embeddable":true,"href":"https:\/\/shop.belar.md\/ro\/wp-json\/wp\/v2\/product_tag?post=966"}],"curies":[{"name":"wp","href":"https:\/\/api.w.org\/{rel}","templated":true}]}}