{"id":964,"date":"2021-02-17T16:38:22","date_gmt":"2021-02-17T16:38:22","guid":{"rendered":"http:\/\/shop.belar.md\/product\/christina-wish-purifying-toner\/"},"modified":"2026-05-02T08:02:35","modified_gmt":"2026-05-02T05:02:35","slug":"christina-wish-purifying-toner","status":"publish","type":"product","link":"https:\/\/shop.belar.md\/ro\/product\/christina-wish-purifying-toner\/","title":{"rendered":"Christina Wish Purifying Toner"},"content":{"rendered":"<p>Tonerul slab alcalin \u00eendep\u0103rteaz\u0103 delicat reziduurile de machiaj, impurit\u0103\u021bile de suprafa\u021b\u0103, excesul de sebum, cur\u0103\u021b\u0103 \u0219i hidrateaz\u0103 pielea uscat\u0103, restabilind echilibrul lipidic.<br \/>\nIngrediente active Ulei de migdale gliceride, trigliceride caprilice \/ caprice PEG-6, glicerin\u0103, extract de frunze de aloe, extract de s\u0103pun medicinal, ap\u0103 de flori de vr\u0103jitoare, componente NUF (lactat de sodiu, fructoz\u0103, glicin\u0103, niacinamid\u0103, uree), acid lactic.<br \/>\nInstruc\u021biuni:   Aplica\u021bi medicamentul pe un tampon de bumbac, trata\u021bi fa\u021ba, g\u00e2tul \u0219i decolteul cu el \u0219i, dac\u0103 este necesar, zona din jurul ochilor.<br \/>\n<\/p>","protected":false},"excerpt":{"rendered":"<p>Toner demachiant, 300 ml<\/p>\n","protected":false},"featured_media":963,"template":"","meta":[],"product_cat":[41],"product_tag":[],"_links":{"self":[{"href":"https:\/\/shop.belar.md\/ro\/wp-json\/wp\/v2\/product\/964"}],"collection":[{"href":"https:\/\/shop.belar.md\/ro\/wp-json\/wp\/v2\/product"}],"about":[{"href":"https:\/\/shop.belar.md\/ro\/wp-json\/wp\/v2\/types\/product"}],"wp:featuredmedia":[{"embeddable":true,"href":"https:\/\/shop.belar.md\/ro\/wp-json\/wp\/v2\/media\/963"}],"wp:attachment":[{"href":"https:\/\/shop.belar.md\/ro\/wp-json\/wp\/v2\/media?parent=964"}],"wp:term":[{"taxonomy":"product_cat","embeddable":true,"href":"https:\/\/shop.belar.md\/ro\/wp-json\/wp\/v2\/product_cat?post=964"},{"taxonomy":"product_tag","embeddable":true,"href":"https:\/\/shop.belar.md\/ro\/wp-json\/wp\/v2\/product_tag?post=964"}],"curies":[{"name":"wp","href":"https:\/\/api.w.org\/{rel}","templated":true}]}}