{"id":960,"date":"2021-02-17T16:38:21","date_gmt":"2021-02-17T16:38:21","guid":{"rendered":"http:\/\/shop.belar.md\/product\/christina-wish-facial-wash\/"},"modified":"2026-04-20T05:06:03","modified_gmt":"2026-04-20T05:06:03","slug":"christina-wish-facial-wash","status":"publish","type":"product","link":"https:\/\/shop.belar.md\/ro\/product\/christina-wish-facial-wash\/","title":{"rendered":"Christina Wish Facial Wash"},"content":{"rendered":"<p> Cur\u0103\u021b\u0103 \u00een profunzime pielea, \u00eendep\u0103rt\u00e2nd reziduurile de machiaj \u0219i impurit\u0103\u021bile care se acumuleaz\u0103 pe piele pe tot parcursul zilei. Promoveaz\u0103 o exfoliere u\u0219oar\u0103 a corneocitelor superficiale. Formula moale a gelului las\u0103 pielea hidratat\u0103 \u0219i nu o irit\u0103.<\/p>\n<p>Ingrediente active: Lauril betain\u0103, caprilil \/ glucozid caprilic, cocamid\u0103 MEA, ap\u0103 de flori de hamamelis, extract de floare de mu\u0219e\u021bel, acid glicolic, extract de s\u0103pun oficial.<br \/>\nInstruc\u021biuni:   Aplica\u021bi gelul pe pielea hidratat\u0103 a fe\u021bei, g\u00e2tului \u0219i decolteului, lucra\u021bi cu mi\u0219c\u0103ri u\u0219oare de masaj, apoi cl\u0103ti\u021bi cu ap\u0103 cald\u0103.<br \/>\n<\/p>","protected":false},"excerpt":{"rendered":"<p>Lo\u021biune hidratant\u0103 de cura\u021bare a fe\u021bei pentru toate tipurile de piele<\/p>\n","protected":false},"featured_media":3868,"template":"","meta":[],"product_cat":[41],"product_tag":[],"_links":{"self":[{"href":"https:\/\/shop.belar.md\/ro\/wp-json\/wp\/v2\/product\/960"}],"collection":[{"href":"https:\/\/shop.belar.md\/ro\/wp-json\/wp\/v2\/product"}],"about":[{"href":"https:\/\/shop.belar.md\/ro\/wp-json\/wp\/v2\/types\/product"}],"wp:featuredmedia":[{"embeddable":true,"href":"https:\/\/shop.belar.md\/ro\/wp-json\/wp\/v2\/media\/3868"}],"wp:attachment":[{"href":"https:\/\/shop.belar.md\/ro\/wp-json\/wp\/v2\/media?parent=960"}],"wp:term":[{"taxonomy":"product_cat","embeddable":true,"href":"https:\/\/shop.belar.md\/ro\/wp-json\/wp\/v2\/product_cat?post=960"},{"taxonomy":"product_tag","embeddable":true,"href":"https:\/\/shop.belar.md\/ro\/wp-json\/wp\/v2\/product_tag?post=960"}],"curies":[{"name":"wp","href":"https:\/\/api.w.org\/{rel}","templated":true}]}}