{"id":944,"date":"2021-02-17T16:38:15","date_gmt":"2021-02-17T16:38:15","guid":{"rendered":"http:\/\/shop.belar.md\/product\/christina-forever-young-lip-zone-revitalizer\/"},"modified":"2026-04-23T08:00:31","modified_gmt":"2026-04-23T05:00:31","slug":"christina-forever-young-lip-zone-revitalizer","status":"publish","type":"product","link":"https:\/\/shop.belar.md\/ro\/product\/christina-forever-young-lip-zone-revitalizer\/","title":{"rendered":"SPF 15 protec\u021bie hidratant\u0103 pentru buze cu efect anti-\u00eemb\u0103tr\u00e2nire"},"content":{"rendered":"<p>Preparatul cu o textur\u0103 u\u0219oar\u0103 reduce num\u0103rul ridurilor din zona perioral\u0103, \u00eenmoaie \u0219i hidrateaz\u0103 pielea buzelor, vindec\u0103 fisurile.<br \/>\nIngrediente active: Ap\u0103, ciclopentasiloxan, glicerin\u0103, dipalmitil hidroxiprolin\u0103, unt de karit\u00e9, bis-etilhexiloxifenol metoxifenil triazin\u0103, etilhexilmetoxicinamat, ulei de avocado, dextran, acetil pentapeptid\u0103-1, tripeptid-1, beta-meton-sitoferol de sodiu, dimetol<br \/>\nInstruc\u021biuni: Aplica\u021bi un strat sub\u021bire pe pielea buzelor \u0219i \u00een jurul gurii (ridurile \u201e\u0219nur de pung\u0103\u201d) de 2 ori pe zi.<\/p>","protected":false},"excerpt":{"rendered":"<p>Christina Forever Young Lip Zone Revitalizer SPF 15. 20 ml<\/p>\n","protected":false},"featured_media":943,"template":"","meta":[],"product_cat":[41],"product_tag":[],"_links":{"self":[{"href":"https:\/\/shop.belar.md\/ro\/wp-json\/wp\/v2\/product\/944"}],"collection":[{"href":"https:\/\/shop.belar.md\/ro\/wp-json\/wp\/v2\/product"}],"about":[{"href":"https:\/\/shop.belar.md\/ro\/wp-json\/wp\/v2\/types\/product"}],"wp:featuredmedia":[{"embeddable":true,"href":"https:\/\/shop.belar.md\/ro\/wp-json\/wp\/v2\/media\/943"}],"wp:attachment":[{"href":"https:\/\/shop.belar.md\/ro\/wp-json\/wp\/v2\/media?parent=944"}],"wp:term":[{"taxonomy":"product_cat","embeddable":true,"href":"https:\/\/shop.belar.md\/ro\/wp-json\/wp\/v2\/product_cat?post=944"},{"taxonomy":"product_tag","embeddable":true,"href":"https:\/\/shop.belar.md\/ro\/wp-json\/wp\/v2\/product_tag?post=944"}],"curies":[{"name":"wp","href":"https:\/\/api.w.org\/{rel}","templated":true}]}}