{"id":938,"date":"2021-02-17T16:38:12","date_gmt":"2021-02-17T16:38:12","guid":{"rendered":"http:\/\/shop.belar.md\/product\/christina-forever-young-rejuvenating-day-eye-cream-spf-15\/"},"modified":"2026-05-02T08:02:31","modified_gmt":"2026-05-02T05:02:31","slug":"christina-forever-young-rejuvenating-day-eye-cream-spf-15","status":"publish","type":"product","link":"https:\/\/shop.belar.md\/ro\/product\/christina-forever-young-rejuvenating-day-eye-cream-spf-15\/","title":{"rendered":"Christina  FOREVER YOUNG REJUVENATING DAY EYE CREAM SPF 15"},"content":{"rendered":"<p>Crema u\u0219oar\u0103 protejeaz\u0103 pielea de efectele negative ale razelor ultraviolete, stimuleaz\u0103 sinteza colagenului \u0219i elastinei, reduce num\u0103rul ridurilor \u0219i \u00eent\u0103re\u0219te imunitatea pielii.<br \/>\nIngrediente active: Ap\u0103, ciclopentasiloxan, glicerin\u0103, unt de karit\u00e9, bis-etilhexiloxifenol metoxifenil triazin\u0103, dipalmitil hidroxiprolin\u0103, dextran, acetil pentapeptid\u0103-1, tripeptid\u0103-1, dimeticon\u0103, acetat de tocoferol, palmitat de retinol.<br \/>\nInstruc\u021biuni: Aplica\u021bi preparatul \u00eentr-un strat sub\u021bire pe pielea curat\u0103 din jurul ochilor.<\/p>","protected":false},"excerpt":{"rendered":"<p>Crem\u0103 de ochi SPF 15, 30 ml<\/p>\n","protected":false},"featured_media":3773,"template":"","meta":[],"product_cat":[41],"product_tag":[],"_links":{"self":[{"href":"https:\/\/shop.belar.md\/ro\/wp-json\/wp\/v2\/product\/938"}],"collection":[{"href":"https:\/\/shop.belar.md\/ro\/wp-json\/wp\/v2\/product"}],"about":[{"href":"https:\/\/shop.belar.md\/ro\/wp-json\/wp\/v2\/types\/product"}],"wp:featuredmedia":[{"embeddable":true,"href":"https:\/\/shop.belar.md\/ro\/wp-json\/wp\/v2\/media\/3773"}],"wp:attachment":[{"href":"https:\/\/shop.belar.md\/ro\/wp-json\/wp\/v2\/media?parent=938"}],"wp:term":[{"taxonomy":"product_cat","embeddable":true,"href":"https:\/\/shop.belar.md\/ro\/wp-json\/wp\/v2\/product_cat?post=938"},{"taxonomy":"product_tag","embeddable":true,"href":"https:\/\/shop.belar.md\/ro\/wp-json\/wp\/v2\/product_tag?post=938"}],"curies":[{"name":"wp","href":"https:\/\/api.w.org\/{rel}","templated":true}]}}