{"id":926,"date":"2021-02-17T16:38:07","date_gmt":"2021-02-17T16:38:07","guid":{"rendered":"http:\/\/shop.belar.md\/product\/christina-forever-young-eye-zone-treatment\/"},"modified":"2026-04-19T05:00:40","modified_gmt":"2026-04-19T05:00:40","slug":"christina-forever-young-eye-zone-treatment","status":"publish","type":"product","link":"https:\/\/shop.belar.md\/ro\/product\/christina-forever-young-eye-zone-treatment\/","title":{"rendered":"Christina Forever Young Eye Zone Treatment"},"content":{"rendered":"<p>Gelul stimuleaz\u0103 microcircula\u021bia pielii din jurul ochilor, hidrateaz\u0103 \u0219i satureaz\u0103 cu antioxidan\u021bi, calmeaz\u0103 \u0219i lumineaz\u0103 tonul pielii.<br \/>\nIngrediente active: Ap\u0103 deionizat\u0103, glicerin\u0103, extract de m\u0103ce\u0219\u0103 galic\u0103, acid citric, extract de ro\u0219ie, fructoz\u0103, glicin\u0103, inozitol, lactat de sodiu, uree, extract de scoar\u021b\u0103 de salc\u00e2m Lenkoranskaya, extract de centella asiatic\u0103, hialuronat de sodiu, alantoin\u0103.<br \/>\nInstruc\u021biuni: Aplica\u021bi preparatul \u00eentr-un strat sub\u021bire pe pielea curat\u0103 din jurul ochilor. Se recomand\u0103 aplicarea de 2 ori pe zi, apoi se aplic\u0103 crem\u0103 de zi sau de noapte pe pielea din jurul ochilor, dup\u0103 cum este necesar.<br \/>\n<\/p>","protected":false},"excerpt":{"rendered":"<p>Gel contur ochi, 30 ml<\/p>\n","protected":false},"featured_media":925,"template":"","meta":[],"product_cat":[41],"product_tag":[],"_links":{"self":[{"href":"https:\/\/shop.belar.md\/ro\/wp-json\/wp\/v2\/product\/926"}],"collection":[{"href":"https:\/\/shop.belar.md\/ro\/wp-json\/wp\/v2\/product"}],"about":[{"href":"https:\/\/shop.belar.md\/ro\/wp-json\/wp\/v2\/types\/product"}],"wp:featuredmedia":[{"embeddable":true,"href":"https:\/\/shop.belar.md\/ro\/wp-json\/wp\/v2\/media\/925"}],"wp:attachment":[{"href":"https:\/\/shop.belar.md\/ro\/wp-json\/wp\/v2\/media?parent=926"}],"wp:term":[{"taxonomy":"product_cat","embeddable":true,"href":"https:\/\/shop.belar.md\/ro\/wp-json\/wp\/v2\/product_cat?post=926"},{"taxonomy":"product_tag","embeddable":true,"href":"https:\/\/shop.belar.md\/ro\/wp-json\/wp\/v2\/product_tag?post=926"}],"curies":[{"name":"wp","href":"https:\/\/api.w.org\/{rel}","templated":true}]}}