{"id":924,"date":"2021-02-17T16:38:06","date_gmt":"2021-02-17T16:38:06","guid":{"rendered":"http:\/\/shop.belar.md\/product\/christina-forever-young-active-night-eye-cream\/"},"modified":"2026-04-23T08:00:30","modified_gmt":"2026-04-23T05:00:30","slug":"christina-forever-young-active-night-eye-cream","status":"publish","type":"product","link":"https:\/\/shop.belar.md\/ro\/product\/christina-forever-young-active-night-eye-cream\/","title":{"rendered":"Christina  Forever Young Active Night Eye Cream"},"content":{"rendered":"<p>Crema echilibreaz\u0103, hidrateaz\u0103 \u0219i hr\u0103ne\u0219te pielea din jurul ochilor, stimuleaz\u0103 re\u00eennoirea celular\u0103, producerea de colagen \u0219i elastin\u0103 \u0219i ajut\u0103 la str\u00e2ngerea pielii.<br \/>\nIngrediente active: Ap\u0103, ciclopentasiloxan, glicerin\u0103, ulei de avocado, retinol, dipalmitil hidroxiprolin\u0103, dextran, acetil pentapeptid\u0103-1, tripeptid\u0103-1, acetil hexapeptid\u0103-3.<br \/>\nInstruc\u021biuni: Aplica\u021bi medicamentul \u00eentr-un strat sub\u021bire pe pielea curat\u0103 din jurul ochilor, care nu atinge marginea ciliar\u0103 a pleoapelor 0,5-1 cm. La \u00eenceput, poate ap\u0103rea o reac\u021bie la retinol cu sensibilitate crescut\u0103 a pielii (peeling, ro\u0219ea\u021b\u0103), apoi frecven\u021ba de utilizare trebuie redus\u0103 &#8211; seara.<br \/>\nDup\u0103 adaptarea pielii timp de c\u00e2teva s\u0103pt\u0103m\u00e2ni, pute\u021bi reveni la utilizarea pe timp de noapte.<br \/>\n<\/p>","protected":false},"excerpt":{"rendered":"<p>Crem\u0103 activ\u0103 de noapte pentru pielea din jurul ochilor, 30 ml<\/p>\n","protected":false},"featured_media":923,"template":"","meta":[],"product_cat":[41],"product_tag":[],"_links":{"self":[{"href":"https:\/\/shop.belar.md\/ro\/wp-json\/wp\/v2\/product\/924"}],"collection":[{"href":"https:\/\/shop.belar.md\/ro\/wp-json\/wp\/v2\/product"}],"about":[{"href":"https:\/\/shop.belar.md\/ro\/wp-json\/wp\/v2\/types\/product"}],"wp:featuredmedia":[{"embeddable":true,"href":"https:\/\/shop.belar.md\/ro\/wp-json\/wp\/v2\/media\/923"}],"wp:attachment":[{"href":"https:\/\/shop.belar.md\/ro\/wp-json\/wp\/v2\/media?parent=924"}],"wp:term":[{"taxonomy":"product_cat","embeddable":true,"href":"https:\/\/shop.belar.md\/ro\/wp-json\/wp\/v2\/product_cat?post=924"},{"taxonomy":"product_tag","embeddable":true,"href":"https:\/\/shop.belar.md\/ro\/wp-json\/wp\/v2\/product_tag?post=924"}],"curies":[{"name":"wp","href":"https:\/\/api.w.org\/{rel}","templated":true}]}}