{"id":920,"date":"2021-02-17T16:38:05","date_gmt":"2021-02-17T16:38:05","guid":{"rendered":"http:\/\/shop.belar.md\/product\/christina-forever-young-total-renewal-serum\/"},"modified":"2026-05-02T08:02:31","modified_gmt":"2026-05-02T05:02:31","slug":"christina-forever-young-total-renewal-serum","status":"publish","type":"product","link":"https:\/\/shop.belar.md\/ro\/product\/christina-forever-young-total-renewal-serum\/","title":{"rendered":"Christina Forever Young Total Renewal Serum"},"content":{"rendered":"<p>Un ser gros cu peptide p\u0103trunde ad\u00e2nc \u00een piele, \u00eentinere\u0219te, hidrateaz\u0103, uniformizeaz\u0103 tonul \u0219i umple ridurile. Poate fi aplicat pe zona din jurul ochilor p\u00e2n\u0103 la marginea osoas\u0103 a orbitei.<br \/>\nIngrediente active: Ap\u0103 deionizat\u0103, ulei de miez de caise, acid hialuronic, kaempferol, extract de coaj\u0103 de magnolie, acetat de tocoferol, heptapeptid\u0103-15 palmitat, extract de chlorella, acid glicolic, acid lactic, hidroxipinacolon\u0103 retinoat, tetradecil aminobutirol-valin\u0103 palmitofutildoacetiric uree<br \/>\nInstruc\u021biuni:  Aplica\u021bi 1 clic de preparat pe pielea curat\u0103 a fe\u021bei, g\u00e2tului, decolteului. Se recomand\u0103 aplicarea de dou\u0103 ori pe zi, apoi se aplic\u0103 crema \u00een func\u021bie de tipul de piele.<br \/>\n<\/p>","protected":false},"excerpt":{"rendered":"<p>Ser de \u00eentinerire total\u0103, 30 ml<\/p>\n","protected":false},"featured_media":5198,"template":"","meta":[],"product_cat":[41],"product_tag":[],"_links":{"self":[{"href":"https:\/\/shop.belar.md\/ro\/wp-json\/wp\/v2\/product\/920"}],"collection":[{"href":"https:\/\/shop.belar.md\/ro\/wp-json\/wp\/v2\/product"}],"about":[{"href":"https:\/\/shop.belar.md\/ro\/wp-json\/wp\/v2\/types\/product"}],"wp:featuredmedia":[{"embeddable":true,"href":"https:\/\/shop.belar.md\/ro\/wp-json\/wp\/v2\/media\/5198"}],"wp:attachment":[{"href":"https:\/\/shop.belar.md\/ro\/wp-json\/wp\/v2\/media?parent=920"}],"wp:term":[{"taxonomy":"product_cat","embeddable":true,"href":"https:\/\/shop.belar.md\/ro\/wp-json\/wp\/v2\/product_cat?post=920"},{"taxonomy":"product_tag","embeddable":true,"href":"https:\/\/shop.belar.md\/ro\/wp-json\/wp\/v2\/product_tag?post=920"}],"curies":[{"name":"wp","href":"https:\/\/api.w.org\/{rel}","templated":true}]}}