{"id":904,"date":"2021-02-17T16:38:01","date_gmt":"2021-02-17T16:38:01","guid":{"rendered":"http:\/\/shop.belar.md\/product\/christina-illustrious-mask\/"},"modified":"2026-04-18T05:02:25","modified_gmt":"2026-04-18T05:02:25","slug":"christina-illustrious-mask","status":"publish","type":"product","link":"https:\/\/shop.belar.md\/ro\/product\/christina-illustrious-mask\/","title":{"rendered":"Christina ILLUSTRIOUS MASK\u00a0"},"content":{"rendered":"<p>Masc\u0103 intensiv\u0103 cu ingrediente active foarte concentrate. Reduce semnificativ petele \u00eentunecate, promov\u00e2nd \u00een acela\u0219i timp un ton uniform. Complexul mineral accelereaz\u0103 procesul de albire. Are propriet\u0103\u021bi calmante, antiinflamatoare \u0219i neutralizeaz\u0103 radicalii liberi. Procesul osmotic care apare atunci c\u00e2nd este aplicat peste Hydro Fusion Hydrogel asigur\u0103 o absorb\u021bie optim\u0103 a ingredientelor active.<br \/>\nIngrediente active: Complex mineral (absorbant, carbonat de magneziu, oxid de zinc, dioxid de titan, mineral albastru de mare), extract de lemn dulce, resveratrol.<br \/>\nInstruc\u021biuni: Se aplic\u0103 pe toat\u0103 fa\u021ba, g\u00e2tul \u0219i decolteul, se las\u0103 10-15 minute, se \u00eendep\u0103rteaz\u0103 cu ap\u0103 cald\u0103.<br \/>\n<\/p>","protected":false},"excerpt":{"rendered":"<p>Masc\u0103 de iluminare, 75 ml<\/p>\n","protected":false},"featured_media":903,"template":"","meta":[],"product_cat":[41],"product_tag":[],"_links":{"self":[{"href":"https:\/\/shop.belar.md\/ro\/wp-json\/wp\/v2\/product\/904"}],"collection":[{"href":"https:\/\/shop.belar.md\/ro\/wp-json\/wp\/v2\/product"}],"about":[{"href":"https:\/\/shop.belar.md\/ro\/wp-json\/wp\/v2\/types\/product"}],"wp:featuredmedia":[{"embeddable":true,"href":"https:\/\/shop.belar.md\/ro\/wp-json\/wp\/v2\/media\/903"}],"wp:attachment":[{"href":"https:\/\/shop.belar.md\/ro\/wp-json\/wp\/v2\/media?parent=904"}],"wp:term":[{"taxonomy":"product_cat","embeddable":true,"href":"https:\/\/shop.belar.md\/ro\/wp-json\/wp\/v2\/product_cat?post=904"},{"taxonomy":"product_tag","embeddable":true,"href":"https:\/\/shop.belar.md\/ro\/wp-json\/wp\/v2\/product_tag?post=904"}],"curies":[{"name":"wp","href":"https:\/\/api.w.org\/{rel}","templated":true}]}}