{"id":896,"date":"2021-02-17T16:38:00","date_gmt":"2021-02-17T16:38:00","guid":{"rendered":"http:\/\/shop.belar.md\/product\/christina-illustrious-day-cream-spf-50\/"},"modified":"2026-05-02T08:02:25","modified_gmt":"2026-05-02T05:02:25","slug":"christina-illustrious-day-cream-spf-50","status":"publish","type":"product","link":"https:\/\/shop.belar.md\/ro\/product\/christina-illustrious-day-cream-spf-50\/","title":{"rendered":"Christina  Illustrious day cream spf 50"},"content":{"rendered":"<p>Crema, bogat\u0103 \u00een substan\u021be fotoprotectoare, m\u0103re\u0219te str\u0103lucirea \u0219i str\u0103lucirea pielii. Reduce pigmentarea cauzat\u0103 de influen\u021bele mediului, prevenind \u00een acela\u0219i timp formarea de noi pete \u00eentunecate. Noua tehnologie de filtrare solar\u0103 \u00eembun\u0103t\u0103\u021be\u0219te protec\u021bia prin blocarea radia\u021biilor UVA + UVB cu spectru larg. Acidul hialuronic din formul\u0103 asigur\u0103 hidratare, \u00een timp ce particulele reflectorizante sporesc str\u0103lucirea.<br \/>\nIngrediente active: Filtre de protec\u021bie solar\u0103 UVA + UVB, peptid\u0103 de albire, HA, complex hidratant, lemn dulce, vitamina E, particule reflectorizante.<br \/>\nInstruc\u021biuni: Aplica\u021bi un strat uniform pe fa\u021b\u0103 \u0219i g\u00e2t \u0219i masa\u021bi u\u0219or.<br \/>\n<\/p>","protected":false},"excerpt":{"rendered":"<p>Illustrious Crem\u0103 de zi SPF50, 50 ml<\/p>\n","protected":false},"featured_media":895,"template":"","meta":[],"product_cat":[41],"product_tag":[],"_links":{"self":[{"href":"https:\/\/shop.belar.md\/ro\/wp-json\/wp\/v2\/product\/896"}],"collection":[{"href":"https:\/\/shop.belar.md\/ro\/wp-json\/wp\/v2\/product"}],"about":[{"href":"https:\/\/shop.belar.md\/ro\/wp-json\/wp\/v2\/types\/product"}],"wp:featuredmedia":[{"embeddable":true,"href":"https:\/\/shop.belar.md\/ro\/wp-json\/wp\/v2\/media\/895"}],"wp:attachment":[{"href":"https:\/\/shop.belar.md\/ro\/wp-json\/wp\/v2\/media?parent=896"}],"wp:term":[{"taxonomy":"product_cat","embeddable":true,"href":"https:\/\/shop.belar.md\/ro\/wp-json\/wp\/v2\/product_cat?post=896"},{"taxonomy":"product_tag","embeddable":true,"href":"https:\/\/shop.belar.md\/ro\/wp-json\/wp\/v2\/product_tag?post=896"}],"curies":[{"name":"wp","href":"https:\/\/api.w.org\/{rel}","templated":true}]}}