{"id":892,"date":"2021-02-17T16:37:59","date_gmt":"2021-02-17T16:37:59","guid":{"rendered":"http:\/\/shop.belar.md\/product\/christina-illustrious-serum\/"},"modified":"2026-04-16T05:00:36","modified_gmt":"2026-04-16T05:00:36","slug":"christina-illustrious-serum","status":"publish","type":"product","link":"https:\/\/shop.belar.md\/ro\/product\/christina-illustrious-serum\/","title":{"rendered":"Christina ILLUSTRIOUS SERUM"},"content":{"rendered":"<p>Serul corecteaz\u0103 elasticitatea tenului, \u00eembun\u0103t\u0103\u021be\u0219te tonului \u0219i hidrateaz\u0103 pielea. \u00cenc\u0103rcat cu antioxidan\u021bi \u0219i agen\u021bi de str\u0103lucire, serul regleaz\u0103 pigmentarea \u00een toate etapele. Efectul luminos pronun\u021bat al oligopeptidei-68 este completat de un complex de extracte din plante, care ajut\u0103 la uniformizarea culorii pielii.<br \/>\nIngrediente active: vitamina E, acid citric, extract de Boldo din Chile, extract de curcumin\u0103,<br \/>\nascorbil fosfat de magneziu, niacinamid\u0103, hexilresorcinol, resveratrol, oligopeptid\u0103-68.<br \/>\nInstruc\u021biuni: Aplica\u021bi c\u00e2teva pic\u0103turi, masa\u021bi peste fa\u021b\u0103, g\u00e2t \u0219i zona decolteului.<br \/>\n<\/p>","protected":false},"excerpt":{"rendered":"<p>Ser pentru corectarea tenului pielii, 30ml<\/p>\n","protected":false},"featured_media":891,"template":"","meta":[],"product_cat":[41],"product_tag":[],"_links":{"self":[{"href":"https:\/\/shop.belar.md\/ro\/wp-json\/wp\/v2\/product\/892"}],"collection":[{"href":"https:\/\/shop.belar.md\/ro\/wp-json\/wp\/v2\/product"}],"about":[{"href":"https:\/\/shop.belar.md\/ro\/wp-json\/wp\/v2\/types\/product"}],"wp:featuredmedia":[{"embeddable":true,"href":"https:\/\/shop.belar.md\/ro\/wp-json\/wp\/v2\/media\/891"}],"wp:attachment":[{"href":"https:\/\/shop.belar.md\/ro\/wp-json\/wp\/v2\/media?parent=892"}],"wp:term":[{"taxonomy":"product_cat","embeddable":true,"href":"https:\/\/shop.belar.md\/ro\/wp-json\/wp\/v2\/product_cat?post=892"},{"taxonomy":"product_tag","embeddable":true,"href":"https:\/\/shop.belar.md\/ro\/wp-json\/wp\/v2\/product_tag?post=892"}],"curies":[{"name":"wp","href":"https:\/\/api.w.org\/{rel}","templated":true}]}}