{"id":890,"date":"2021-02-17T16:37:59","date_gmt":"2021-02-17T16:37:59","guid":{"rendered":"http:\/\/shop.belar.md\/product\/christina-illustrious-peeling\/"},"modified":"2026-04-16T05:00:36","modified_gmt":"2026-04-16T05:00:36","slug":"christina-illustrious-peeling","status":"publish","type":"product","link":"https:\/\/shop.belar.md\/ro\/product\/christina-illustrious-peeling\/","title":{"rendered":"Christina ILLUSTRIOUS PEELING"},"content":{"rendered":"<p>Exfolierea u\u0219oar\u0103 face ca tonul pielii s\u0103 fie mai uniform \u0219i ridurile mai pu\u021bin vizibile. Combina\u021bia de acizii AHA cu ferlat de arginin\u0103 \u0219i plancton reduce pigmentarea, \u00eembun\u0103t\u0103\u021be\u0219te fluxul de oxigen \u0219i vitalitatea celulelor, reduc\u00e2nd \u00een acela\u0219i timp ad\u00e2ncimea ridurilor.<br \/>\nIngrediente active:  A + BHA (acizi glicolici, lactici, malici, salicilici \u0219i fitici), extract de plancton, ferulat de arginin\u0103, extract de urs, lemn dulce.<br \/>\nInstruc\u021biuni: Se aplic\u0103 de dou\u0103 ori pe s\u0103pt\u0103m\u00e2n\u0103 pe fa\u021b\u0103, g\u00e2t \u0219i decolteu \u0219i se las\u0103 s\u0103 ac\u021bioneze 3-5 minute, \u00een func\u021bie de reac\u021bia pielii. \u00cendep\u0103rta\u021bi cu o buret\u0103 umed\u0103.<br \/>\n<\/p>","protected":false},"excerpt":{"rendered":"<p>Peeling<\/p>\n","protected":false},"featured_media":889,"template":"","meta":[],"product_cat":[41],"product_tag":[],"_links":{"self":[{"href":"https:\/\/shop.belar.md\/ro\/wp-json\/wp\/v2\/product\/890"}],"collection":[{"href":"https:\/\/shop.belar.md\/ro\/wp-json\/wp\/v2\/product"}],"about":[{"href":"https:\/\/shop.belar.md\/ro\/wp-json\/wp\/v2\/types\/product"}],"wp:featuredmedia":[{"embeddable":true,"href":"https:\/\/shop.belar.md\/ro\/wp-json\/wp\/v2\/media\/889"}],"wp:attachment":[{"href":"https:\/\/shop.belar.md\/ro\/wp-json\/wp\/v2\/media?parent=890"}],"wp:term":[{"taxonomy":"product_cat","embeddable":true,"href":"https:\/\/shop.belar.md\/ro\/wp-json\/wp\/v2\/product_cat?post=890"},{"taxonomy":"product_tag","embeddable":true,"href":"https:\/\/shop.belar.md\/ro\/wp-json\/wp\/v2\/product_tag?post=890"}],"curies":[{"name":"wp","href":"https:\/\/api.w.org\/{rel}","templated":true}]}}