{"id":886,"date":"2021-02-17T16:37:58","date_gmt":"2021-02-17T16:37:58","guid":{"rendered":"http:\/\/shop.belar.md\/product\/christina-illustrious-cleancer\/"},"modified":"2026-04-20T05:02:55","modified_gmt":"2026-04-20T05:02:55","slug":"christina-illustrious-cleancer","status":"publish","type":"product","link":"https:\/\/shop.belar.md\/ro\/product\/christina-illustrious-cleancer\/","title":{"rendered":"Christina Illustrious cleancer"},"content":{"rendered":"<p>Combate eficient imperfec\u021biunile tenului \u0219i instantaneu \u00eemprosp\u0103teaz\u0103 pielea. Scade pH-ul, \u00eembun\u0103t\u0103\u021be\u0219te absorb\u021bia ingredientelor active din produsele de \u00eengrijire (serum, crema). Saturat cu acizi AHA, extract de l\u0103m\u00e2ie \u0219i lemn dulce care contribuie la uniformizarea culorii pielii.<\/p>\n<p>Ingrediente active: acid glicolic, extracte de citrice, pantenol, extract de hamamelis.<\/p>\n<p>Instruc\u021biuni: Masa\u021bi pe fa\u021b\u0103 \u0219i g\u00e2t umed, cl\u0103ti\u021bi cu ap\u0103 cald\u0103. Folosi\u021bi gelul o dat\u0103 pe zi \u2013 seara dup\u0103 demachierea preliminar\u0103.<br \/>\n<\/p>","protected":false},"excerpt":{"rendered":"<p>Gel de cur\u0103\u021bare cu AHA<\/p>\n","protected":false},"featured_media":3794,"template":"","meta":[],"product_cat":[41],"product_tag":[],"_links":{"self":[{"href":"https:\/\/shop.belar.md\/ro\/wp-json\/wp\/v2\/product\/886"}],"collection":[{"href":"https:\/\/shop.belar.md\/ro\/wp-json\/wp\/v2\/product"}],"about":[{"href":"https:\/\/shop.belar.md\/ro\/wp-json\/wp\/v2\/types\/product"}],"wp:featuredmedia":[{"embeddable":true,"href":"https:\/\/shop.belar.md\/ro\/wp-json\/wp\/v2\/media\/3794"}],"wp:attachment":[{"href":"https:\/\/shop.belar.md\/ro\/wp-json\/wp\/v2\/media?parent=886"}],"wp:term":[{"taxonomy":"product_cat","embeddable":true,"href":"https:\/\/shop.belar.md\/ro\/wp-json\/wp\/v2\/product_cat?post=886"},{"taxonomy":"product_tag","embeddable":true,"href":"https:\/\/shop.belar.md\/ro\/wp-json\/wp\/v2\/product_tag?post=886"}],"curies":[{"name":"wp","href":"https:\/\/api.w.org\/{rel}","templated":true}]}}