{"id":867,"date":"2021-02-15T20:21:01","date_gmt":"2021-02-15T20:21:01","guid":{"rendered":"http:\/\/shop.belar.md\/product\/sun-care-cream-spf50\/"},"modified":"2026-04-16T05:01:22","modified_gmt":"2026-04-16T05:01:22","slug":"sun-care-cream-spf50","status":"publish","type":"product","link":"https:\/\/shop.belar.md\/ro\/product\/sun-care-cream-spf50\/","title":{"rendered":"SPF 30 lichid u\u0219or pentru orice tip de piele"},"content":{"rendered":"<p>Fluidul are o textur\u0103 confortabil\u0103, potrivit\u0103 pentru orice tip de piele. Medicamentul blocheaz\u0103 \u00een mod fiabil razele UV d\u0103un\u0103toare, hidrateaz\u0103 perfect pielea, o protejeaz\u0103 de arsurile solare \u0219i, de asemenea, lupt\u0103 eficient \u00eempotriva radicalilor liberi care provoac\u0103 fotografierea. Cu ajutorul filtrelor UV active, produsul creeaz\u0103 o barier\u0103 puternic\u0103 de protec\u021bie \u00eempotriva efectelor distructive ale luminii solare, previne apari\u021bia petelor de v\u00e2rst\u0103. Antioxidan\u021bii, la r\u00e2ndul lor, combat eficient foto\u00eemb\u0103tr\u00e2nirea prin neutralizarea efectelor nocive ale radicalilor liberi.<\/p>\n<p><strong>Mod de utilizare:<\/strong> aplica\u021bi lichidul pe piele \u00eenainte de a ie\u0219i la soare. Pentru fa\u021b\u0103, g\u00e2t \u0219i decolteu.<\/p>","protected":false},"excerpt":{"rendered":"<p>SPF30 Daily Protecting Fluid, 50 ml<\/p>\n","protected":false},"featured_media":2356,"template":"","meta":[],"product_cat":[40,41,512],"product_tag":[],"_links":{"self":[{"href":"https:\/\/shop.belar.md\/ro\/wp-json\/wp\/v2\/product\/867"}],"collection":[{"href":"https:\/\/shop.belar.md\/ro\/wp-json\/wp\/v2\/product"}],"about":[{"href":"https:\/\/shop.belar.md\/ro\/wp-json\/wp\/v2\/types\/product"}],"wp:featuredmedia":[{"embeddable":true,"href":"https:\/\/shop.belar.md\/ro\/wp-json\/wp\/v2\/media\/2356"}],"wp:attachment":[{"href":"https:\/\/shop.belar.md\/ro\/wp-json\/wp\/v2\/media?parent=867"}],"wp:term":[{"taxonomy":"product_cat","embeddable":true,"href":"https:\/\/shop.belar.md\/ro\/wp-json\/wp\/v2\/product_cat?post=867"},{"taxonomy":"product_tag","embeddable":true,"href":"https:\/\/shop.belar.md\/ro\/wp-json\/wp\/v2\/product_tag?post=867"}],"curies":[{"name":"wp","href":"https:\/\/api.w.org\/{rel}","templated":true}]}}