{"id":855,"date":"2021-02-15T20:20:59","date_gmt":"2021-02-15T20:20:59","guid":{"rendered":"http:\/\/shop.belar.md\/product\/nutri-perfect-cream-spf-30\/"},"modified":"2026-05-02T08:03:21","modified_gmt":"2026-05-02T05:03:21","slug":"nutri-perfect-cream-spf-30","status":"publish","type":"product","link":"https:\/\/shop.belar.md\/ro\/product\/nutri-perfect-cream-spf-30\/","title":{"rendered":"Nutri Perfect Cream SPF 30"},"content":{"rendered":"<p>O crem\u0103 de albire de zi cu o textur\u0103 u\u0219oar\u0103 \u0219i confortabil\u0103 reduce semnificativ sinteza melaninei \u0219i lumineaz\u0103 petele de v\u00e2rst\u0103 existente. Datorit\u0103 con\u021binutului de ulei de tung \u0219i extract de muguri de sequoia, crema stimuleaz\u0103 sinteza ceramidelor, \u00eenmoaie \u0219i hr\u0103ne\u0219te intens pielea \u0219i, de asemenea, \u00eembun\u0103t\u0103\u021be\u0219te produc\u021bia de colagen \u0219i previne \u00eemb\u0103tr\u00e2nirea prematur\u0103. Acidul citric ajut\u0103 la \u00eendep\u0103rtarea pigmentului \u00eempreun\u0103 cu celulele moarte ale epidermei. Noua genera\u021bie de filtre non-toxice de protec\u021bie solar\u0103 protejeaz\u0103 eficient \u00eempotriva deterior\u0103rii UV f\u0103r\u0103 a afecta celulele pielii. Crema este potrivit\u0103 pentru toate tipurile de piele, \u00een special pentru pielea uscat\u0103 \u0219i deshidratat\u0103 cu tendin\u021b\u0103 la hiperpigmentare.<\/p>\n<p>Cerere<br \/>\nAplica\u021bi o cantitate mic\u0103 de crem\u0103 \u00een fiecare diminea\u021b\u0103 pe pielea fe\u021bei, g\u00e2tului \u0219i decolteului cur\u0103\u021bat\u0103 anterior. Pentru albirea intensiv\u0103, se recomand\u0103 combinarea cremei cu Serul de albire Melano-Stop SPF20<\/p>","protected":false},"excerpt":{"rendered":"<p>Crem\u0103 Nutri-perfect\u0103 spf30<\/p>\n","protected":false},"featured_media":2374,"template":"","meta":[],"product_cat":[40,41],"product_tag":[],"_links":{"self":[{"href":"https:\/\/shop.belar.md\/ro\/wp-json\/wp\/v2\/product\/855"}],"collection":[{"href":"https:\/\/shop.belar.md\/ro\/wp-json\/wp\/v2\/product"}],"about":[{"href":"https:\/\/shop.belar.md\/ro\/wp-json\/wp\/v2\/types\/product"}],"wp:featuredmedia":[{"embeddable":true,"href":"https:\/\/shop.belar.md\/ro\/wp-json\/wp\/v2\/media\/2374"}],"wp:attachment":[{"href":"https:\/\/shop.belar.md\/ro\/wp-json\/wp\/v2\/media?parent=855"}],"wp:term":[{"taxonomy":"product_cat","embeddable":true,"href":"https:\/\/shop.belar.md\/ro\/wp-json\/wp\/v2\/product_cat?post=855"},{"taxonomy":"product_tag","embeddable":true,"href":"https:\/\/shop.belar.md\/ro\/wp-json\/wp\/v2\/product_tag?post=855"}],"curies":[{"name":"wp","href":"https:\/\/api.w.org\/{rel}","templated":true}]}}