{"id":841,"date":"2021-02-15T20:20:58","date_gmt":"2021-02-15T20:20:58","guid":{"rendered":"http:\/\/shop.belar.md\/product\/acti-biotic-sebo-cream\/"},"modified":"2026-04-15T05:14:09","modified_gmt":"2026-04-15T05:14:09","slug":"acti-biotic-sebo-cream","status":"publish","type":"product","link":"https:\/\/shop.belar.md\/ro\/product\/acti-biotic-sebo-cream\/","title":{"rendered":"Acti-Biotic Sebo-Cream"},"content":{"rendered":"<p>Crema cu o textur\u0103 u\u0219oar\u0103 restabile\u0219te nivelul normal de hidratare, confer\u0103 pielii prospe\u021bime \u0219i siluet\u0103.<br \/>\nBiocomplexele au un efect terapeutic pronun\u021bat, amelioreaz\u0103 inflama\u021bia, elimin\u0103 str\u0103lucirea gras\u0103, regleaz\u0103 secre\u021bia de sebum \u0219i chiar elimin\u0103 relieful pielii. Crema ofer\u0103 un sentiment de cur\u0103\u021benie \u0219i confort.<br \/>\n<strong>Aplicare:<\/strong> Aplica\u021bi crema diminea\u021ba \u0219i \/ sau seara pe pielea pre-cur\u0103\u021bat\u0103.<\/p>","protected":false},"excerpt":{"rendered":"<p>Crem\u0103 hidratant\u0103 antiinflamatoare<\/p>\n","protected":false},"featured_media":2335,"template":"","meta":[],"product_cat":[40,41],"product_tag":[],"_links":{"self":[{"href":"https:\/\/shop.belar.md\/ro\/wp-json\/wp\/v2\/product\/841"}],"collection":[{"href":"https:\/\/shop.belar.md\/ro\/wp-json\/wp\/v2\/product"}],"about":[{"href":"https:\/\/shop.belar.md\/ro\/wp-json\/wp\/v2\/types\/product"}],"wp:featuredmedia":[{"embeddable":true,"href":"https:\/\/shop.belar.md\/ro\/wp-json\/wp\/v2\/media\/2335"}],"wp:attachment":[{"href":"https:\/\/shop.belar.md\/ro\/wp-json\/wp\/v2\/media?parent=841"}],"wp:term":[{"taxonomy":"product_cat","embeddable":true,"href":"https:\/\/shop.belar.md\/ro\/wp-json\/wp\/v2\/product_cat?post=841"},{"taxonomy":"product_tag","embeddable":true,"href":"https:\/\/shop.belar.md\/ro\/wp-json\/wp\/v2\/product_tag?post=841"}],"curies":[{"name":"wp","href":"https:\/\/api.w.org\/{rel}","templated":true}]}}