{"id":835,"date":"2021-02-15T20:20:57","date_gmt":"2021-02-15T20:20:57","guid":{"rendered":"http:\/\/shop.belar.md\/product\/acti-biotic-emergency-serum\/"},"modified":"2026-04-22T05:01:35","modified_gmt":"2026-04-22T05:01:35","slug":"acti-biotic-emergency-serum","status":"publish","type":"product","link":"https:\/\/shop.belar.md\/ro\/product\/acti-biotic-emergency-serum\/","title":{"rendered":"Acti-Biotic Emergency Serum"},"content":{"rendered":"<p>Este un remediu concentrat pentru eliminarea rapid\u0103 a erup\u021biilor cutanate, are un efect pronun\u021bat antiseptic \u0219i de vindecare a r\u0103nilor. Ingredientele active din ser stimuleaz\u0103 imunitatea proprie a pielii, inhib\u0103 dezvoltarea bacteriilor \u0219i promoveaz\u0103 regenerarea celulelor epidermice.<\/p>\n<p>Ingrediente: dermapure, acnee, vitamina E, pantenol, extract de calendula, vitamina A.<\/p>\n<p>Mod de aplicare: se aplic\u0103 local pe elemente inflamatorii de dou\u0103 ori pe zi sub o crem\u0103.<\/p>","protected":false},"excerpt":{"rendered":"<p>Ser terapeutic pentru pielea cu acnee<\/p>\n","protected":false},"featured_media":2332,"template":"","meta":[],"product_cat":[40,41],"product_tag":[],"_links":{"self":[{"href":"https:\/\/shop.belar.md\/ro\/wp-json\/wp\/v2\/product\/835"}],"collection":[{"href":"https:\/\/shop.belar.md\/ro\/wp-json\/wp\/v2\/product"}],"about":[{"href":"https:\/\/shop.belar.md\/ro\/wp-json\/wp\/v2\/types\/product"}],"wp:featuredmedia":[{"embeddable":true,"href":"https:\/\/shop.belar.md\/ro\/wp-json\/wp\/v2\/media\/2332"}],"wp:attachment":[{"href":"https:\/\/shop.belar.md\/ro\/wp-json\/wp\/v2\/media?parent=835"}],"wp:term":[{"taxonomy":"product_cat","embeddable":true,"href":"https:\/\/shop.belar.md\/ro\/wp-json\/wp\/v2\/product_cat?post=835"},{"taxonomy":"product_tag","embeddable":true,"href":"https:\/\/shop.belar.md\/ro\/wp-json\/wp\/v2\/product_tag?post=835"}],"curies":[{"name":"wp","href":"https:\/\/api.w.org\/{rel}","templated":true}]}}