{"id":821,"date":"2021-02-15T20:20:55","date_gmt":"2021-02-15T20:20:55","guid":{"rendered":"http:\/\/shop.belar.md\/product\/soothing-lotion\/"},"modified":"2026-04-16T05:00:25","modified_gmt":"2026-04-16T05:00:25","slug":"soothing-lotion","status":"publish","type":"product","link":"https:\/\/shop.belar.md\/ro\/product\/soothing-lotion\/","title":{"rendered":"Soothing Lotion"},"content":{"rendered":"<p>Lo\u021biunea poate fi utilizat\u0103 at\u00e2t ca tonifiant pentru pielea din jurul ochilor, c\u00e2t \u0219i ca o compres\u0103. \u00cen 10-15 minute, lo\u021biunea va calma ochii obosi\u021bi sau irita\u021bi, va ameliora umfl\u0103turile \u0219i ro\u0219ea\u021ba pleoapelor \u0219i va reda o senza\u021bie de prospe\u021bime \u0219i confort. Alantoina, infuzia de floarea de porumb, nefeliul \u0219i extractul de fructe de ginkgo biloba au efect decongestionant, calmant, u\u0219or antiseptic, antiinflamator \u0219i tonic.<br \/>\nCerere<br \/>\nUtiliza\u021bi ca un produs de cur\u0103\u021bare \u0219i toner pentru pleoape complementar \u0219i ca o compres\u0103 decongestionant\u0103 \u0219i lini\u0219titoare.<\/p>","protected":false},"excerpt":{"rendered":"<p>Lo\u021biune calmant\u0103<\/p>\n","protected":false},"featured_media":2343,"template":"","meta":[],"product_cat":[40,41],"product_tag":[],"_links":{"self":[{"href":"https:\/\/shop.belar.md\/ro\/wp-json\/wp\/v2\/product\/821"}],"collection":[{"href":"https:\/\/shop.belar.md\/ro\/wp-json\/wp\/v2\/product"}],"about":[{"href":"https:\/\/shop.belar.md\/ro\/wp-json\/wp\/v2\/types\/product"}],"wp:featuredmedia":[{"embeddable":true,"href":"https:\/\/shop.belar.md\/ro\/wp-json\/wp\/v2\/media\/2343"}],"wp:attachment":[{"href":"https:\/\/shop.belar.md\/ro\/wp-json\/wp\/v2\/media?parent=821"}],"wp:term":[{"taxonomy":"product_cat","embeddable":true,"href":"https:\/\/shop.belar.md\/ro\/wp-json\/wp\/v2\/product_cat?post=821"},{"taxonomy":"product_tag","embeddable":true,"href":"https:\/\/shop.belar.md\/ro\/wp-json\/wp\/v2\/product_tag?post=821"}],"curies":[{"name":"wp","href":"https:\/\/api.w.org\/{rel}","templated":true}]}}