{"id":817,"date":"2021-02-15T20:20:55","date_gmt":"2021-02-15T20:20:55","guid":{"rendered":"http:\/\/shop.belar.md\/product\/multi-repair-concentrate-fluid\/"},"modified":"2026-04-17T05:01:32","modified_gmt":"2026-04-17T05:01:32","slug":"multi-repair-concentrate-fluid","status":"publish","type":"product","link":"https:\/\/shop.belar.md\/ro\/product\/multi-repair-concentrate-fluid\/","title":{"rendered":"Multi Repair Concentrate Fluid"},"content":{"rendered":"<p>Un produs excelent pentru \u00eengrijirea pielii din jurul ochilor. Previne \u00eemb\u0103tr\u00e2nirea timpurie, elimin\u0103 urmele de stres \u0219i oboseal\u0103. Biocomplex Algizium C hidrateaz\u0103 \u0219i are efect anti-edem, protejeaz\u0103 \u00eempotriva radicalilor liberi. Molecula de ADN hidrateaz\u0103 perfect pielea \u0219i este, de asemenea, considerat\u0103 un filtru UV natural sigur. Extractele de mu\u0219e\u021bel \u0219i Ginkgo biloba reduc aspectul cearc\u0103nelor sub ochi. Uleiul de calendula are un efect calmant, antiseptic \u0219i de vindecare a r\u0103nilor. Uleiul de jojoba \u0219i vitamina E men\u021bin pielea proasp\u0103t\u0103, se \u00eenmoaie \u0219i sporesc elasticitatea.<\/p>\n<p>Ingrediente: algiziu C, extract de ginkgo biloba, vitamina E, molecul\u0103 ADN, unt de shea, ulei de calendula, ulei de jojoba.<\/p>\n<p>Mod de utilizare: aplica\u021bi diminea\u021ba \u0219i \/ sau seara pe pielea curat\u0103 din jurul ochilor.<\/p>","protected":false},"excerpt":{"rendered":"<p>Fluid cu ac\u021biune multi-regenerant\u0103 pentru zona din jurul ochilor<\/p>\n","protected":false},"featured_media":2341,"template":"","meta":[],"product_cat":[40,41],"product_tag":[],"_links":{"self":[{"href":"https:\/\/shop.belar.md\/ro\/wp-json\/wp\/v2\/product\/817"}],"collection":[{"href":"https:\/\/shop.belar.md\/ro\/wp-json\/wp\/v2\/product"}],"about":[{"href":"https:\/\/shop.belar.md\/ro\/wp-json\/wp\/v2\/types\/product"}],"wp:featuredmedia":[{"embeddable":true,"href":"https:\/\/shop.belar.md\/ro\/wp-json\/wp\/v2\/media\/2341"}],"wp:attachment":[{"href":"https:\/\/shop.belar.md\/ro\/wp-json\/wp\/v2\/media?parent=817"}],"wp:term":[{"taxonomy":"product_cat","embeddable":true,"href":"https:\/\/shop.belar.md\/ro\/wp-json\/wp\/v2\/product_cat?post=817"},{"taxonomy":"product_tag","embeddable":true,"href":"https:\/\/shop.belar.md\/ro\/wp-json\/wp\/v2\/product_tag?post=817"}],"curies":[{"name":"wp","href":"https:\/\/api.w.org\/{rel}","templated":true}]}}