{"id":753,"date":"2021-02-15T20:20:43","date_gmt":"2021-02-15T20:20:43","guid":{"rendered":"http:\/\/shop.belar.md\/product\/glyco-serum-70-10\/"},"modified":"2026-04-20T05:06:24","modified_gmt":"2026-04-20T05:06:24","slug":"glyco-serum-70-10","status":"publish","type":"product","link":"https:\/\/shop.belar.md\/ro\/product\/glyco-serum-70-10\/","title":{"rendered":"Glyco Serum 70\/10"},"content":{"rendered":"<p>Un preparat modern combinat pentru peeling acas\u0103. Con\u021bine papain\u0103 reticulat\u0103 stabilizat\u0103, precum \u0219i un complex de acizi \u03b1- \u0219i \u03b2-hidroxi \u00een combina\u021bie cu extracte de fructe tropicale. Medicamentul efectueaz\u0103 simultan peelingul enzimatic chimic \u0219i prelungit al pielii. Efectul medicamentului este sporit de un complex \u00eencapsulat cu dou\u0103 straturi X50, care poate p\u0103trunde ad\u00e2nc \u00een piele, precum \u0219i de o nou\u0103 form\u0103 extrem de eficient\u0103 de vitamina C, cu efect pe termen lung. Serul are un efect fenomenal de \u00eentinerire: \u00eembun\u0103t\u0103\u021be\u0219te sinteza fibrelor tinere de colagen, asigur\u0103 o regenerare puternic\u0103, uniformizeaz\u0103 culoarea \u0219i textura pielii, neteze\u0219te ridurile \u0219i v\u0103 permite s\u0103 realiza\u021bi o re\u00eennoire real\u0103 a celulelor pielii \u00eentr-un timp scurt.<br \/>\nCerere<br \/>\nAplica\u021bi zilnic o cantitate mic\u0103 de ser diminea\u021ba \u0219i \/ sau seara pe pielea fe\u021bei, g\u00e2tului \u0219i decolteului cur\u0103\u021bat\u0103 anterior. Aplica\u021bi deasupra o crem\u0103 potrivit\u0103 tipului dvs. de piele. Aplica\u021bi serul \u00eentr-un curs \u00een perioada de toamn\u0103-iarn\u0103.<\/p>","protected":false},"excerpt":{"rendered":"<p>Ser de re\u00eennoire 70\/10<\/p>\n","protected":false},"featured_media":2366,"template":"","meta":[],"product_cat":[40,41],"product_tag":[],"_links":{"self":[{"href":"https:\/\/shop.belar.md\/ro\/wp-json\/wp\/v2\/product\/753"}],"collection":[{"href":"https:\/\/shop.belar.md\/ro\/wp-json\/wp\/v2\/product"}],"about":[{"href":"https:\/\/shop.belar.md\/ro\/wp-json\/wp\/v2\/types\/product"}],"wp:featuredmedia":[{"embeddable":true,"href":"https:\/\/shop.belar.md\/ro\/wp-json\/wp\/v2\/media\/2366"}],"wp:attachment":[{"href":"https:\/\/shop.belar.md\/ro\/wp-json\/wp\/v2\/media?parent=753"}],"wp:term":[{"taxonomy":"product_cat","embeddable":true,"href":"https:\/\/shop.belar.md\/ro\/wp-json\/wp\/v2\/product_cat?post=753"},{"taxonomy":"product_tag","embeddable":true,"href":"https:\/\/shop.belar.md\/ro\/wp-json\/wp\/v2\/product_tag?post=753"}],"curies":[{"name":"wp","href":"https:\/\/api.w.org\/{rel}","templated":true}]}}