{"id":741,"date":"2021-02-15T20:20:39","date_gmt":"2021-02-15T20:20:39","guid":{"rendered":"http:\/\/shop.belar.md\/product\/matrixcell-high-density-night-cream\/"},"modified":"2026-04-22T05:01:30","modified_gmt":"2026-04-22T05:01:30","slug":"matrixcell-high-density-night-cream","status":"publish","type":"product","link":"https:\/\/shop.belar.md\/ro\/product\/matrixcell-high-density-night-cream\/","title":{"rendered":"Matrixcell High Density Night Cream"},"content":{"rendered":"<p>Crema cu o textur\u0103 moale \u0219i o arom\u0103 nobil\u0103, datorit\u0103 unei concentra\u021bii neobi\u0219nuit de mari de ingrediente active, \u00eentinere\u0219te \u00een mod activ pielea \u0219i restabile\u0219te ovalul fe\u021bei \u00een timpul somnului. Ac\u021bion\u00e2nd la nivel celular, ajut\u0103 la restabilirea volumului \u021besutului pierdut \u0219i, prin urmare, poate fi considerat o alternativ\u0103 cosmetic\u0103 la lipofilling.<\/p>\n<p>Medicamentul func\u021bioneaz\u0103 simultan \u00een mai multe direc\u021bii: combate \u00een mod activ ridurile, elimin\u0103 fl\u0103carea pielii, modeleaz\u0103 ovalul fe\u021bei, hr\u0103ne\u0219te intens \u0219i hidrateaz\u0103. Crema contribuie la cre\u0219terea tonusului, elasticit\u0103\u021bii \u0219i fermit\u0103\u021bii, cre\u0219te nivelul de hidratare al epidermei, red\u0103 vitalitatea pielii \u0219i are un efect regenerant puternic.<\/p>\n<p>Preparatul este deosebit de indispensabil pentru \u00eengrijirea pielii uscate \u0219i normale obosite, epuizate, \u00eemb\u0103tr\u00e2nite, predispuse la formarea ridurilor fine.<\/p>","protected":false},"excerpt":{"rendered":"<p>Crema de noapte foarte concentrat\u0103 Matricella<\/p>\n","protected":false},"featured_media":2223,"template":"","meta":[],"product_cat":[40,41],"product_tag":[],"_links":{"self":[{"href":"https:\/\/shop.belar.md\/ro\/wp-json\/wp\/v2\/product\/741"}],"collection":[{"href":"https:\/\/shop.belar.md\/ro\/wp-json\/wp\/v2\/product"}],"about":[{"href":"https:\/\/shop.belar.md\/ro\/wp-json\/wp\/v2\/types\/product"}],"wp:featuredmedia":[{"embeddable":true,"href":"https:\/\/shop.belar.md\/ro\/wp-json\/wp\/v2\/media\/2223"}],"wp:attachment":[{"href":"https:\/\/shop.belar.md\/ro\/wp-json\/wp\/v2\/media?parent=741"}],"wp:term":[{"taxonomy":"product_cat","embeddable":true,"href":"https:\/\/shop.belar.md\/ro\/wp-json\/wp\/v2\/product_cat?post=741"},{"taxonomy":"product_tag","embeddable":true,"href":"https:\/\/shop.belar.md\/ro\/wp-json\/wp\/v2\/product_tag?post=741"}],"curies":[{"name":"wp","href":"https:\/\/api.w.org\/{rel}","templated":true}]}}