{"id":733,"date":"2021-02-15T20:20:38","date_gmt":"2021-02-15T20:20:38","guid":{"rendered":"http:\/\/shop.belar.md\/product\/whitex-clarifying-anti-age-serum\/"},"modified":"2026-04-22T05:01:30","modified_gmt":"2026-04-22T05:01:30","slug":"whitex-clarifying-anti-age-serum","status":"publish","type":"product","link":"https:\/\/shop.belar.md\/ro\/product\/whitex-clarifying-anti-age-serum\/","title":{"rendered":"Whitex Clarifying Anti-Age Serum"},"content":{"rendered":"<p>Serul con\u021bine o concentra\u021bie ridicat\u0103 de ingrediente active care regleaz\u0103 produc\u021bia de pigment melanin\u0103 \u0219i are un puternic efect de str\u0103lucire \u0219i \u00eentinerire. Biocomplexele vegetale albesc petele de v\u00e2rst\u0103 \u0219i previn formarea altora noi. Componentele geno-active combat semnele \u00eemb\u0103tr\u00e2nirii, redau tonusul \u0219i elasticitatea pielii. Odat\u0103 cu utilizarea regulat\u0103 a medicamentului, petele de pigmentare sunt u\u0219or luminate, nuan\u021ba pielii este uniform\u0103, cap\u0103t\u0103 o culoare frumoas\u0103, uniform\u0103 \u0219i prospe\u021bime.<\/p>\n<p>Cerere<br \/>\nAplica\u021bi ser pe pete de v\u00e2rst\u0103 timp de 1-3 luni zilnic diminea\u021ba \u0219i seara \u00eenainte de a aplica crema.<\/p>","protected":false},"excerpt":{"rendered":"<p>Un ser luminos de \u00eentinerire<\/p>\n","protected":false},"featured_media":732,"template":"","meta":[],"product_cat":[40,41],"product_tag":[],"_links":{"self":[{"href":"https:\/\/shop.belar.md\/ro\/wp-json\/wp\/v2\/product\/733"}],"collection":[{"href":"https:\/\/shop.belar.md\/ro\/wp-json\/wp\/v2\/product"}],"about":[{"href":"https:\/\/shop.belar.md\/ro\/wp-json\/wp\/v2\/types\/product"}],"wp:featuredmedia":[{"embeddable":true,"href":"https:\/\/shop.belar.md\/ro\/wp-json\/wp\/v2\/media\/732"}],"wp:attachment":[{"href":"https:\/\/shop.belar.md\/ro\/wp-json\/wp\/v2\/media?parent=733"}],"wp:term":[{"taxonomy":"product_cat","embeddable":true,"href":"https:\/\/shop.belar.md\/ro\/wp-json\/wp\/v2\/product_cat?post=733"},{"taxonomy":"product_tag","embeddable":true,"href":"https:\/\/shop.belar.md\/ro\/wp-json\/wp\/v2\/product_tag?post=733"}],"curies":[{"name":"wp","href":"https:\/\/api.w.org\/{rel}","templated":true}]}}