{"id":717,"date":"2021-02-15T20:20:36","date_gmt":"2021-02-15T20:20:36","guid":{"rendered":"http:\/\/shop.belar.md\/product\/supradermic-filler\/"},"modified":"2026-04-20T05:07:05","modified_gmt":"2026-04-20T05:07:05","slug":"supradermic-filler","status":"publish","type":"product","link":"https:\/\/shop.belar.md\/ro\/product\/supradermic-filler\/","title":{"rendered":"Supradermic Filler"},"content":{"rendered":"<p>Medicamentul, creat pe baza cercet\u0103rilor \u0219tiin\u021bifice avansate \u0219i a tehnologiilor \u00eenalte, poate fi numit literalmente un remediu magic antirid care are un efect instantaneu. \u00cen c\u00e2teva secunde, acest material cosmetic transform\u0103 pielea, netezind ridurile \u0219i l\u0103s\u00e2nd fa\u021ba vizibil mai t\u00e2n\u0103r\u0103. Umplerea ridurilor din interior are loc f\u0103r\u0103 injec\u021bii folosind microsfere speciale de acid hialuronic. \u00cen sinergie cu acestea, ac\u021bioneaz\u0103 nanoparticule care reflect\u0103 lumina, care mascheaz\u0103 ridurile \u0219i pliurile nedorite, fac ca suprafa\u021ba pielii s\u0103 fie neted\u0103 \u0219i s\u0103 \u00eei ofere str\u0103lucire.<\/p>\n<p>Cerere:<br \/>\nFolosind v\u00e2rful degetelor, aplica\u021bi o cantitate mic\u0103 pe zonele ridate \u0219i absorbi\u021bi u\u0219or \u00een piele. \u00cencerca\u021bi s\u0103 completa\u021bi cele mai ad\u00e2nci riduri \u0219i falduri cu preparatul. Pute\u021bi aplica cosmetice decorative deasupra.<\/p>","protected":false},"excerpt":{"rendered":"<p>Ser pentru netezirea ridurilor<\/p>\n","protected":false},"featured_media":716,"template":"","meta":[],"product_cat":[40,41],"product_tag":[],"_links":{"self":[{"href":"https:\/\/shop.belar.md\/ro\/wp-json\/wp\/v2\/product\/717"}],"collection":[{"href":"https:\/\/shop.belar.md\/ro\/wp-json\/wp\/v2\/product"}],"about":[{"href":"https:\/\/shop.belar.md\/ro\/wp-json\/wp\/v2\/types\/product"}],"wp:featuredmedia":[{"embeddable":true,"href":"https:\/\/shop.belar.md\/ro\/wp-json\/wp\/v2\/media\/716"}],"wp:attachment":[{"href":"https:\/\/shop.belar.md\/ro\/wp-json\/wp\/v2\/media?parent=717"}],"wp:term":[{"taxonomy":"product_cat","embeddable":true,"href":"https:\/\/shop.belar.md\/ro\/wp-json\/wp\/v2\/product_cat?post=717"},{"taxonomy":"product_tag","embeddable":true,"href":"https:\/\/shop.belar.md\/ro\/wp-json\/wp\/v2\/product_tag?post=717"}],"curies":[{"name":"wp","href":"https:\/\/api.w.org\/{rel}","templated":true}]}}