{"id":697,"date":"2021-02-15T20:20:34","date_gmt":"2021-02-15T20:20:34","guid":{"rendered":"http:\/\/shop.belar.md\/product\/glycinutrine-creme\/"},"modified":"2026-04-19T05:01:47","modified_gmt":"2026-04-19T05:01:47","slug":"glycinutrine-creme","status":"publish","type":"product","link":"https:\/\/shop.belar.md\/ro\/product\/glycinutrine-creme\/","title":{"rendered":"Glycinutrine Creme"},"content":{"rendered":"<p>O crem\u0103 bogat\u0103 cu o textur\u0103 luxoas\u0103, special conceput\u0103 pentru pielea iritat\u0103, str\u00e2ns\u0103 \u0219i hipersensibil\u0103, predispus\u0103 la inflama\u021bie, ro\u0219ea\u021b\u0103, descuamare. Con\u021bine biocomplexe care controleaz\u0103 activitatea genelor responsabile de r\u0103sp\u00e2ndirea inflama\u021biei, precum \u0219i extracte din plante medicinale cu efect calmant. Crema creeaz\u0103 imediat o senza\u021bie de confort, calmeaz\u0103 irita\u021bia, amelioreaz\u0103 reac\u021bia inflamatorie, se \u00eenmoaie \u0219i hidrateaz\u0103, \u00een urma c\u0103rora dispar ro\u0219ea\u021ba \u0219i etan\u0219eitatea locale.<\/p>\n<p>Cerere:<br \/>\nzilnic diminea\u021ba \u0219i \/ sau seara se aplic\u0103 o cantitate mic\u0103 de crem\u0103 pe pielea curat\u0103 a fe\u021bei, g\u00e2tului, decolteului \u0219i se absorb cu mi\u0219c\u0103ri u\u0219oare de masaj.<\/p>","protected":false},"excerpt":{"rendered":"<p>Crema nutritiva de confort GLICINUTRINA<\/p>\n","protected":false},"featured_media":2228,"template":"","meta":[],"product_cat":[40,41],"product_tag":[],"_links":{"self":[{"href":"https:\/\/shop.belar.md\/ro\/wp-json\/wp\/v2\/product\/697"}],"collection":[{"href":"https:\/\/shop.belar.md\/ro\/wp-json\/wp\/v2\/product"}],"about":[{"href":"https:\/\/shop.belar.md\/ro\/wp-json\/wp\/v2\/types\/product"}],"wp:featuredmedia":[{"embeddable":true,"href":"https:\/\/shop.belar.md\/ro\/wp-json\/wp\/v2\/media\/2228"}],"wp:attachment":[{"href":"https:\/\/shop.belar.md\/ro\/wp-json\/wp\/v2\/media?parent=697"}],"wp:term":[{"taxonomy":"product_cat","embeddable":true,"href":"https:\/\/shop.belar.md\/ro\/wp-json\/wp\/v2\/product_cat?post=697"},{"taxonomy":"product_tag","embeddable":true,"href":"https:\/\/shop.belar.md\/ro\/wp-json\/wp\/v2\/product_tag?post=697"}],"curies":[{"name":"wp","href":"https:\/\/api.w.org\/{rel}","templated":true}]}}