{"id":665,"date":"2021-02-15T20:20:27","date_gmt":"2021-02-15T20:20:27","guid":{"rendered":"http:\/\/shop.belar.md\/product\/non-stop-tonus\/"},"modified":"2026-04-30T08:00:26","modified_gmt":"2026-04-30T05:00:26","slug":"non-stop-tonus","status":"publish","type":"product","link":"https:\/\/shop.belar.md\/ro\/product\/non-stop-tonus\/","title":{"rendered":"Non Stop Tonus"},"content":{"rendered":"<p>Crema pentru toate tipurile de piele con\u021bine ingrediente inovatoare care sus\u021bin vitalitatea, frumuse\u021bea \u0219i tinere\u021bea pielii. Un complex de vitamine, un stimulent energetic de origine marin\u0103 \u0219i vegetal\u0103, peptide \u0219i minerale ajut\u0103 la men\u021binerea tonusului, elasticit\u0103\u021bii \u0219i calit\u0103\u021bii pielii, protejeaz\u0103 \u00eempotriva radicalilor liberi \u0219i previn \u00eemb\u0103tr\u00e2nirea. Pielea este umplut\u0103 cu umezeal\u0103, scap\u0103 de urmele oboselii, devine neted\u0103 \u0219i elastic\u0103, cap\u0103t\u0103 str\u0103lucire, \u00eembun\u0103t\u0103\u021be\u0219te tenul.<\/p>\n<p>Cerere:<br \/>\nAplica\u021bi o cantitate mic\u0103 de crem\u0103 diminea\u021ba \u0219i \/ sau seara pe fa\u021b\u0103, g\u00e2t \u0219i decolteu. Pentru a spori efectul, se recomand\u0103 pre-aplicarea unuia dintre serurile Vitamin Energy pe piele.<\/p>\n<p>Ingrediente:<br \/>\nCOMPLEX DE VITAMINE E, C, B3, B5, B6: hidrateaz\u0103 \u0219i netezeste u\u0219urarea pielii. Protejeaz\u0103 perfect \u00eempotriva stresului oxidativ, are un efect revitalizant, \u00eembun\u0103t\u0103\u021be\u0219te tonusul \u0219i elasticitatea pielii.<\/p>\n<p>ENERGY BOOSTER: biocomplex pe baz\u0103 de alge ro\u0219ii Jania rubens \u0219i caragenan. Cre\u0219te activitatea mitocondriilor, este un puternic stimulator al metabolismului celular. Previne eficient \u00eemb\u0103tr\u00e2nirea prematur\u0103 cauzat\u0103 de radicalii liberi \u0219i poluarea mediului. Contracareaz\u0103 apari\u021bia ridurilor \u0219i a semnelor de oboseal\u0103 a pielii.<\/p>","protected":false},"excerpt":{"rendered":"<p>Crem\u0103 \u00eent\u0103ritoare fortificat\u0103<\/p>\n","protected":false},"featured_media":2390,"template":"","meta":[],"product_cat":[40,41],"product_tag":[],"_links":{"self":[{"href":"https:\/\/shop.belar.md\/ro\/wp-json\/wp\/v2\/product\/665"}],"collection":[{"href":"https:\/\/shop.belar.md\/ro\/wp-json\/wp\/v2\/product"}],"about":[{"href":"https:\/\/shop.belar.md\/ro\/wp-json\/wp\/v2\/types\/product"}],"wp:featuredmedia":[{"embeddable":true,"href":"https:\/\/shop.belar.md\/ro\/wp-json\/wp\/v2\/media\/2390"}],"wp:attachment":[{"href":"https:\/\/shop.belar.md\/ro\/wp-json\/wp\/v2\/media?parent=665"}],"wp:term":[{"taxonomy":"product_cat","embeddable":true,"href":"https:\/\/shop.belar.md\/ro\/wp-json\/wp\/v2\/product_cat?post=665"},{"taxonomy":"product_tag","embeddable":true,"href":"https:\/\/shop.belar.md\/ro\/wp-json\/wp\/v2\/product_tag?post=665"}],"curies":[{"name":"wp","href":"https:\/\/api.w.org\/{rel}","templated":true}]}}