{"id":653,"date":"2021-02-15T20:20:25","date_gmt":"2021-02-15T20:20:25","guid":{"rendered":"http:\/\/shop.belar.md\/product\/be-fresh-milk\/"},"modified":"2026-04-17T05:00:25","modified_gmt":"2026-04-17T05:00:25","slug":"be-fresh-milk","status":"publish","type":"product","link":"https:\/\/shop.belar.md\/ro\/product\/be-fresh-milk\/","title":{"rendered":"Be-Fresh Milk"},"content":{"rendered":"<p>Laptele cu o textur\u0103 foarte u\u0219oar\u0103 \u0219i un miros proasp\u0103t cur\u0103\u021b\u0103 perfect pielea de machiaj \u0219i impurit\u0103\u021bi f\u0103r\u0103 a-i \u00eenc\u0103lca bariera de protec\u021bie. Hidrateaz\u0103 \u0219i tonific\u0103, confer\u0103 o senza\u021bie de puritate \u0219i prospe\u021bime de lung\u0103 durat\u0103. Extractul de Acai con\u021bine vitamine (B1, B2, B3, C, E) \u0219i minerale, are un efect antioxidant excelent. Afinul &#8211; o surs\u0103 bogat\u0103 de vitamina C \u0219i bioflavonoide, previne \u00eemb\u0103tr\u00e2nirea prematur\u0103 a pielii.<\/p>\n<p>Cerere:<br \/>\nAplica\u021bi o cantitate mic\u0103 de lapte pe piele, emulsiona\u021bi u\u0219or \u0219i cl\u0103ti\u021bi cu ap\u0103. \u0218terge\u021bi cu aten\u021bie pielea cu tampoane de bumbac \u00eenmuiate \u00een lo\u021biune Bi-Fresh<\/p>","protected":false},"excerpt":{"rendered":"<p>Lapte demachiant Bi-Fresh<\/p>\n","protected":false},"featured_media":2385,"template":"","meta":[],"product_cat":[40,41],"product_tag":[],"_links":{"self":[{"href":"https:\/\/shop.belar.md\/ro\/wp-json\/wp\/v2\/product\/653"}],"collection":[{"href":"https:\/\/shop.belar.md\/ro\/wp-json\/wp\/v2\/product"}],"about":[{"href":"https:\/\/shop.belar.md\/ro\/wp-json\/wp\/v2\/types\/product"}],"wp:featuredmedia":[{"embeddable":true,"href":"https:\/\/shop.belar.md\/ro\/wp-json\/wp\/v2\/media\/2385"}],"wp:attachment":[{"href":"https:\/\/shop.belar.md\/ro\/wp-json\/wp\/v2\/media?parent=653"}],"wp:term":[{"taxonomy":"product_cat","embeddable":true,"href":"https:\/\/shop.belar.md\/ro\/wp-json\/wp\/v2\/product_cat?post=653"},{"taxonomy":"product_tag","embeddable":true,"href":"https:\/\/shop.belar.md\/ro\/wp-json\/wp\/v2\/product_tag?post=653"}],"curies":[{"name":"wp","href":"https:\/\/api.w.org\/{rel}","templated":true}]}}