{"id":643,"date":"2021-02-15T20:20:24","date_gmt":"2021-02-15T20:20:24","guid":{"rendered":"http:\/\/shop.belar.md\/product\/symbiotic-serum-skin-booster\/"},"modified":"2026-05-01T08:02:23","modified_gmt":"2026-05-01T05:02:23","slug":"symbiotic-serum-skin-booster","status":"publish","type":"product","link":"https:\/\/shop.belar.md\/ro\/product\/symbiotic-serum-skin-booster\/","title":{"rendered":"Symbiotic Serum Skin Booster"},"content":{"rendered":"<p>Serul de rapel este un puternic remediu concentrat pentru p\u0103strarea tinere\u021bii pielii, men\u021bin\u00e2ndu-i s\u0103n\u0103tatea \u0219i frumuse\u021bea, care spore\u0219te efectul oric\u0103rei creme. Izoflavonele din plante activate cu ac\u021biune asem\u0103n\u0103toare estrogenilor men\u021bin echilibrul hormonal, normalizeaz\u0103 metabolismul \u0219i previn \u00eemb\u0103tr\u00e2nirea timpurie a pielii. Biocomponen\u021bii de ultim\u0103 genera\u021bie stimuleaz\u0103 cre\u0219terea microflorei benefice, contracareaz\u0103 invazia microorganismelor patologice, men\u021bin echilibrul ecologic al pielii, \u00eent\u0103resc bariera epidermic\u0103 \u0219i, de asemenea, previn dezvoltarea reac\u021biilor inflamatorii. Serul este necesar \u00een special \u00een perioadele \u00een care apar semne de deshidratare, irita\u021bie a pielii, descuamare sau inflama\u021bie.<\/p>","protected":false},"excerpt":{"rendered":"<p>Booster Ser Symbiotic<\/p>\n","protected":false},"featured_media":2238,"template":"","meta":[],"product_cat":[40,41],"product_tag":[],"_links":{"self":[{"href":"https:\/\/shop.belar.md\/ro\/wp-json\/wp\/v2\/product\/643"}],"collection":[{"href":"https:\/\/shop.belar.md\/ro\/wp-json\/wp\/v2\/product"}],"about":[{"href":"https:\/\/shop.belar.md\/ro\/wp-json\/wp\/v2\/types\/product"}],"wp:featuredmedia":[{"embeddable":true,"href":"https:\/\/shop.belar.md\/ro\/wp-json\/wp\/v2\/media\/2238"}],"wp:attachment":[{"href":"https:\/\/shop.belar.md\/ro\/wp-json\/wp\/v2\/media?parent=643"}],"wp:term":[{"taxonomy":"product_cat","embeddable":true,"href":"https:\/\/shop.belar.md\/ro\/wp-json\/wp\/v2\/product_cat?post=643"},{"taxonomy":"product_tag","embeddable":true,"href":"https:\/\/shop.belar.md\/ro\/wp-json\/wp\/v2\/product_tag?post=643"}],"curies":[{"name":"wp","href":"https:\/\/api.w.org\/{rel}","templated":true}]}}