{"id":5187,"date":"2026-01-21T13:58:23","date_gmt":"2026-01-21T13:58:23","guid":{"rendered":"https:\/\/shop.belar.md\/?post_type=product&#038;p=5187"},"modified":"2026-05-02T08:02:03","modified_gmt":"2026-05-02T05:02:03","slug":"kurs-dlya-siyaniya-kozhi","status":"publish","type":"product","link":"https:\/\/shop.belar.md\/ro\/product\/kurs-dlya-siyaniya-kozhi\/","title":{"rendered":"Curs de fiole pentru un ten radiant"},"content":{"rendered":"<p><\/p>\n<p data-start=\"195\" data-end=\"454\"><strong data-start=\"195\" data-end=\"217\">PRO GLOW Selection<\/strong> este un program intensiv de terapie cu fiole, cu durat\u0103 de 7 zile, de la <strong data-start=\"291\" data-end=\"312\">Janssen Cosmetics<\/strong>. Am reunit trei dintre cele mai puternice concentrate \u00eentr-un singur set pentru a crea efectul unui \u201etratament de salon\u201d chiar la tine acas\u0103.<\/p>\n<p data-start=\"456\" data-end=\"620\">Programul func\u021bioneaz\u0103 pe baza <strong data-start=\"487\" data-end=\"510\">sinergiei efectelor<\/strong>: de la lifting instantaneu \u0219i estomparea semnelor de oboseal\u0103, p\u00e2n\u0103 la un \u201eglow interior\u201d profund \u0219i vizibil.<\/p>\n<hr data-start=\"622\" data-end=\"625\" \/>\n<h3 data-start=\"627\" data-end=\"653\"><strong data-start=\"631\" data-end=\"653\">Con\u021binutul setului<\/strong><\/h3>\n<p data-start=\"655\" data-end=\"754\">Setul con\u021bine <strong data-start=\"669\" data-end=\"692\">7 fiole a c\u00e2te 2 ml<\/strong>, distribuite strategic pentru o ac\u021biune complex\u0103 \u0219i complet\u0103:<\/p>\n<hr data-start=\"756\" data-end=\"759\" \/>\n<h3 data-start=\"761\" data-end=\"779\"><a href=\"https:\/\/shop.belar.md\/product\/ukreplyajushhij-lifting-koncentrat-s-morskim-kollagenom\/\"><strong>ACTIVATE<\/strong> <\/a><\/h3>\n<p data-start=\"780\" data-end=\"864\"><strong data-start=\"780\" data-end=\"815\">(2 fiole Marine Collagen Fluid)<\/strong><br data-start=\"815\" data-end=\"818\" \/><strong data-start=\"818\" data-end=\"830\">Ac\u021biune:<\/strong> Lifting instantaneu \u0219i fermitate.<\/p>\n<p data-start=\"866\" data-end=\"1123\"><strong data-start=\"866\" data-end=\"885\">Cum ac\u021bioneaz\u0103:<\/strong><br data-start=\"885\" data-end=\"888\" \/>Colagenul marin formeaz\u0103 la suprafa\u021ba pielii un voal invizibil care redefine\u0219te ovalul fe\u021bei \u0219i re\u021bine umiditatea. Extractul de rodie \u0219i vitamina C stimuleaz\u0103 sinteza colagenului propriu \u0219i protejeaz\u0103 pielea \u00eempotriva foto\u00eemb\u0103tr\u00e2nirii.<\/p>\n<hr data-start=\"1125\" data-end=\"1128\" \/>\n<h3 data-start=\"1130\" data-end=\"1152\"><strong data-start=\"1134\" data-end=\"1150\">ANTI FATIGUE<\/strong><\/h3>\n<p data-start=\"1153\" data-end=\"1256\"><strong data-start=\"1153\" data-end=\"1190\">(2 fiole Brilliance Shine Elixir)<\/strong><br data-start=\"1190\" data-end=\"1193\" \/><strong data-start=\"1193\" data-end=\"1205\">Ac\u021biune:<\/strong> \u201eEnergizant\u201d pentru piele \u0219i protec\u021bie anti-stres.<\/p>\n<p data-start=\"1258\" data-end=\"1510\"><strong data-start=\"1258\" data-end=\"1277\">Cum ac\u021bioneaz\u0103:<\/strong><br data-start=\"1277\" data-end=\"1280\" \/>Extractul de arbore de m\u0103tase persan estompeaz\u0103 semnele lipsei de somn \u0219i ale suprasolicit\u0103rii. Peptida <strong data-start=\"1384\" data-end=\"1405\">Matrixyl Synthe\u20196<\/strong> neteze\u0219te ridurile de expresie, iar acidul hialuronic cu lan\u021b lung ofer\u0103 hidratare intens\u0103 \u0219i de durat\u0103.<\/p>\n<hr data-start=\"1512\" data-end=\"1515\" \/>\n<h3 data-start=\"1517\" data-end=\"1532\"><a href=\"https:\/\/shop.belar.md\/product\/koncentrat-dlya-vyravnivaniya-tona-i-siyaniya-kozhi-s-ekstraktom-piona\/\"><strong>GLAZE<\/strong> <\/a><\/h3>\n<p data-start=\"1533\" data-end=\"1625\"><strong data-start=\"1533\" data-end=\"1565\">(3 fiole Radiant Skin Fluid)<\/strong><br data-start=\"1565\" data-end=\"1568\" \/><strong data-start=\"1568\" data-end=\"1580\">Ac\u021biune:<\/strong> \u201eEfect de glazur\u0103\u201d \u0219i uniformizarea tonului.<\/p>\n<p data-start=\"1627\" data-end=\"1946\"><strong data-start=\"1627\" data-end=\"1646\">Cum ac\u021bioneaz\u0103:<\/strong><br data-start=\"1646\" data-end=\"1649\" \/>Extractul unic de alge din Oceanul Indian cre\u0219te luminozitatea pielii cu <strong data-start=\"1722\" data-end=\"1729\">28%<\/strong> <em data-start=\"1730\" data-end=\"1752\">(dovedit prin teste)<\/em>. Extractul de bujor ac\u021bioneaz\u0103 ca antioxidant \u0219i lumineaz\u0103 delicat tenul, iar combina\u021bia de acid hialuronic cu greutate molecular\u0103 mic\u0103 \u0219i mare hidrateaz\u0103 \u00een profunzime toate straturile pielii.<\/p>\n<hr data-start=\"1948\" data-end=\"1951\" \/>\n<h3 data-start=\"1953\" data-end=\"1977\"><strong data-start=\"1957\" data-end=\"1977\">Mod de utilizare<\/strong><\/h3>\n<p data-start=\"1979\" data-end=\"2247\">Utiliza\u021bi fiolele alternativ sau \u00een combina\u021bie <em data-start=\"2026\" data-end=\"2060\">(la recomandarea cosmetologului)<\/em>. \u00cenf\u0103\u0219ura\u021bi v\u00e2rful fiolei \u00eentr-un \u0219erve\u021bel \u0219i rupe\u021bi-l printr-o mi\u0219care ferm\u0103. Aplica\u021bi con\u021binutul pe fa\u021b\u0103, g\u00e2t \u0219i decolteu, l\u0103sa\u021bi s\u0103 se absoarb\u0103 complet, apoi aplica\u021bi crema potrivit\u0103.<\/p>\n<p data-start=\"2249\" data-end=\"2330\"><strong data-start=\"2249\" data-end=\"2277\">Cura recomandat\u0103: 7 zile<\/strong>, pentru un efect maxim.<br data-start=\"2301\" data-end=\"2304\" \/><strong data-start=\"2304\" data-end=\"2330\">Doar pentru uz extern.<\/strong><\/p>\n<p><\/p>","protected":false},"excerpt":{"rendered":"<p>Pro Glow Selection 7x2ml<\/p>\n","protected":false},"featured_media":5188,"template":"","meta":[],"product_cat":[551,40,41],"product_tag":[],"_links":{"self":[{"href":"https:\/\/shop.belar.md\/ro\/wp-json\/wp\/v2\/product\/5187"}],"collection":[{"href":"https:\/\/shop.belar.md\/ro\/wp-json\/wp\/v2\/product"}],"about":[{"href":"https:\/\/shop.belar.md\/ro\/wp-json\/wp\/v2\/types\/product"}],"wp:featuredmedia":[{"embeddable":true,"href":"https:\/\/shop.belar.md\/ro\/wp-json\/wp\/v2\/media\/5188"}],"wp:attachment":[{"href":"https:\/\/shop.belar.md\/ro\/wp-json\/wp\/v2\/media?parent=5187"}],"wp:term":[{"taxonomy":"product_cat","embeddable":true,"href":"https:\/\/shop.belar.md\/ro\/wp-json\/wp\/v2\/product_cat?post=5187"},{"taxonomy":"product_tag","embeddable":true,"href":"https:\/\/shop.belar.md\/ro\/wp-json\/wp\/v2\/product_tag?post=5187"}],"curies":[{"name":"wp","href":"https:\/\/api.w.org\/{rel}","templated":true}]}}