{"id":477,"date":"2021-01-12T16:41:54","date_gmt":"2021-01-12T16:41:54","guid":{"rendered":"http:\/\/shop.belar.md\/product\/import-placeholder-for-498\/"},"modified":"2026-04-20T05:07:05","modified_gmt":"2026-04-20T05:07:05","slug":"oxygenating-body-scrub","status":"publish","type":"product","link":"https:\/\/shop.belar.md\/ro\/product\/oxygenating-body-scrub\/","title":{"rendered":"Oxygenating body scrub"},"content":{"rendered":"<p><span style=\"font-weight: 400;\">Bucur\u0103-te de rezultat imediat dup\u0103 utilizare: pielea respir\u0103, devine mai neted\u0103, mai elastic\u0103 \u0219i tonifiat\u0103! Exfoliantul corporal oxigenant cu pudr\u0103 de silice \u0219i extract de alge este un gel de du\u0219 \u0219i un peeling delicat \u201e2 \u00een 1\u201d. \u00cen contact cu apa, formeaz\u0103 o spum\u0103 revigorant\u0103 care se \u00eentinde u\u0219or, cur\u0103\u021b\u0103, hidrateaz\u0103 \u0219i tonific\u0103 pielea. Exfoliaz\u0103 celulele moarte ale pielii, activeaz\u0103 re\u00eennoirea pielii, neteze\u0219te vizibil textura pielii \u0219i reduce aspectul celulitei. Con\u021bine extract de alge, bogat \u00een minerale \u0219i microelemente, cre\u0219te elasticitatea \u0219i densitatea pielii. Preg\u0103te\u0219te pielea pentru \u00eengrijire ulterioar\u0103, \u00eembun\u0103t\u0103\u021bind penetrarea ingredientelor active. O u\u0219oar\u0103 arom\u0103 \u201emarin\u0103\u201d te \u00eencarc\u0103 cu energie! Textura este gelatinoas\u0103, cu granule mici, rotunjite. Parfum de briz\u0103 marin\u0103, unisex.<\/span><\/p>\n<p><b><i>Avantaje:<\/i><\/b><\/p>\n<ul>\n<li style=\"font-weight: 400;\" aria-level=\"1\"><span style=\"font-weight: 400;\">un produs universal \u201e2 \u00een 1\u201d \u2013 gel de du\u0219 \u0219i exfoliant delicat pentru corp;<\/span><\/li>\n<li style=\"font-weight: 400;\" aria-level=\"1\"><span style=\"font-weight: 400;\">con\u021bine ingrediente naturale de cur\u0103\u021bare bl\u00e2nde;<\/span><\/li>\n<li style=\"font-weight: 400;\" aria-level=\"1\"><span style=\"font-weight: 400;\">cur\u0103\u021b\u0103 \u00een profunzime, tonific\u0103, uniformizeaz\u0103 textura pielii, stimuleaz\u0103 re\u00eennoirea \u0219i regenerarea;<\/span><\/li>\n<li style=\"font-weight: 400;\" aria-level=\"1\"><span style=\"font-weight: 400;\">reduce aspectul pielii de \u201ecoaj\u0103 de portocal\u0103\u201d;<\/span><\/li>\n<li style=\"font-weight: 400;\" aria-level=\"1\"><span style=\"font-weight: 400;\">are efect de drenaj \u2013 elimin\u0103 excesul de lichid;<\/span><\/li>\n<li style=\"font-weight: 400;\" aria-level=\"1\"><span style=\"font-weight: 400;\">\u00eembun\u0103t\u0103\u021be\u0219te microcircula\u021bia, \u00eent\u0103re\u0219te vasele sanguine;<\/span><\/li>\n<li style=\"font-weight: 400;\" aria-level=\"1\"><span style=\"font-weight: 400;\">reduce aspectul de piele aspr\u0103, deshidratat\u0103;<\/span><\/li>\n<li style=\"font-weight: 400;\" aria-level=\"1\"><span style=\"font-weight: 400;\">preg\u0103te\u0219te pielea corpului pentru rutina\u00a0 ulterioar\u0103 de \u00eengrijire;<\/span><\/li>\n<li style=\"font-weight: 400;\" aria-level=\"1\"><span style=\"font-weight: 400;\">produs \u201eunisex\u201d.<\/span><\/li>\n<\/ul>\n<p><b><i>Inova\u021bii, componente active<\/i><\/b><\/p>\n<ul>\n<li><b>Dioxid de siliciu hidratat\/silice:<\/b><span style=\"font-weight: 400;\"> materii prime minerale \u0219i pulbere. Cur\u0103\u021b\u0103 pielea de celulele moarte, absoarbe impurit\u0103\u021bile \u0219i excesul de sebum.<\/span><\/li>\n<li><b>Coco-betain\u0103:<\/b><span style=\"font-weight: 400;\"> surfactant u\u0219or pe baz\u0103 de materie vegetal\u0103 (nuc\u0103 de cocos).<\/span><\/li>\n<li><b>Extract de alge:<\/b><span style=\"font-weight: 400;\"> satureaz\u0103 pielea cu minerale \u0219i microelemente; hidrateaz\u0103, revitalizeaz\u0103; activeaz\u0103 metabolismul celular \u0219i mecanismul lipolizei.<\/span><\/li>\n<li><b>Salvie de mare (Samphire):<\/b><span style=\"font-weight: 400;\"> stimuleaz\u0103 sinteza colagenului \u0219i a elastinei, accelereaz\u0103 procesul de regenerare a \u021besuturilor, promoveaz\u0103 eliminarea excesului de lichide din organism, previne apari\u021bia celulitei.<\/span><\/li>\n<\/ul>\n<p><\/p>","protected":false},"excerpt":{"rendered":"<p>Oxygenating body scrub, <i><span style=\"font-weight: 400;\">150 ml<\/span><\/i><\/p>\n","protected":false},"featured_media":505,"template":"","meta":[],"product_cat":[60],"product_tag":[],"_links":{"self":[{"href":"https:\/\/shop.belar.md\/ro\/wp-json\/wp\/v2\/product\/477"}],"collection":[{"href":"https:\/\/shop.belar.md\/ro\/wp-json\/wp\/v2\/product"}],"about":[{"href":"https:\/\/shop.belar.md\/ro\/wp-json\/wp\/v2\/types\/product"}],"wp:featuredmedia":[{"embeddable":true,"href":"https:\/\/shop.belar.md\/ro\/wp-json\/wp\/v2\/media\/505"}],"wp:attachment":[{"href":"https:\/\/shop.belar.md\/ro\/wp-json\/wp\/v2\/media?parent=477"}],"wp:term":[{"taxonomy":"product_cat","embeddable":true,"href":"https:\/\/shop.belar.md\/ro\/wp-json\/wp\/v2\/product_cat?post=477"},{"taxonomy":"product_tag","embeddable":true,"href":"https:\/\/shop.belar.md\/ro\/wp-json\/wp\/v2\/product_tag?post=477"}],"curies":[{"name":"wp","href":"https:\/\/api.w.org\/{rel}","templated":true}]}}