{"id":418,"date":"2021-01-12T16:41:43","date_gmt":"2021-01-12T16:41:43","guid":{"rendered":"http:\/\/shop.belar.md\/product\/import-placeholder-for-440\/"},"modified":"2026-04-22T05:00:20","modified_gmt":"2026-04-22T05:00:20","slug":"epigenetic-serum","status":"publish","type":"product","link":"https:\/\/shop.belar.md\/ro\/product\/epigenetic-serum\/","title":{"rendered":"Serum de rejuvenare complex\u0103 \u0219i prevenire a \u00eemb\u0103tr\u00e2nirii premature a pielii la nivel celular"},"content":{"rendered":"<p><span style=\"font-weight: 400;\">Inova\u021bie \u0219tiin\u021bific\u0103! <\/span><b><i>Epigenetic Serum<\/i><\/b><span style=\"font-weight: 400;\"> \u2013 ser rejuvenant, cel mai important ingredient al c\u0103rui are capacitatea de a activa gene, r\u0103spunz\u0103toare pentru sinteza colagenului \u0219i a elastinei, pentru hidratare profund\u0103 \u0219i pentru propriet\u0103\u021bile de barier\u0103 ale pielii \u0219i multe alte procese care contribuie la ameliorarea calit\u0103\u021bii tenului.\u00a0<\/span><\/p>\n<p><span style=\"font-weight: 400;\">\u00cen acela\u0219i timp, acesta diminueaz\u0103 activitatea genelor care afecteaz\u0103 negativ durata de via\u021b\u0103 a celulelor, \u00eencetinind procesul de \u00eemb\u0103tr\u00e2nire prematur\u0103 a pielii. \u00cencep\u00e2nd cu v\u00e2rsta de 25 de ani <\/span><i><span style=\"font-weight: 400;\">Epigenetic Serum<\/span><\/i><span style=\"font-weight: 400;\"> devine o solu\u021bie indispensabil\u0103 pentru profilaxia anti-age. Acesta restabile\u0219te pielea supus\u0103 stresului extern \u0219i o protejeaz\u0103 de factorii de mediu. Textura u\u0219oar\u0103 de emulsie se \u00eembib\u0103 repede, hidrateaz\u0103 intens tenul, neteze\u0219te ridurile, \u00eent\u0103re\u0219te capilarele \u0219i sus\u021bine procesul de regenerare al celulelor. Are o arom\u0103 pl\u0103cut\u0103, lejer\u0103. Potrivit\u0103 pentru toate tipurile de piele.\u00a0<\/span><\/p>\n<p><b><i>Avantaje:<\/i><\/b><\/p>\n<ul>\n<li style=\"font-weight: 400;\" aria-level=\"1\"><span style=\"font-weight: 400;\">rejuvenare complex\u0103 \u0219i profilaxia \u00eemb\u0103tr\u00e2nirii premature la nivel celular;<\/span><\/li>\n<li style=\"font-weight: 400;\" aria-level=\"1\"><span style=\"font-weight: 400;\">eficacitate demonstrat\u0103 \u00een studiile clinice de laborator \u00abin vitro\u00bb \u0219i \u00abin vivo\u00bb;<\/span><\/li>\n<li style=\"font-weight: 400;\" aria-level=\"1\"><span style=\"font-weight: 400;\">serum inteligent \u2013 con\u021bine Epigenomyl\u00ae , un ingredient unic, care spore\u0219te activitatea genelor, responsabile de ameliorarea calit\u0103\u021bii pielii;<\/span><\/li>\n<li style=\"font-weight: 400;\" aria-level=\"1\"><span style=\"font-weight: 400;\">rezultat instant &#8211; hidratare intens\u0103 a pielii, luminozitate \u0219i str\u0103lucire;<\/span><\/li>\n<li style=\"font-weight: 400;\" aria-level=\"1\"><span style=\"font-weight: 400;\">rezultat cumulat \u2013 piele mai ferm\u0103, mai fin\u0103, mai pu\u021bine riduri, ten s\u0103n\u0103tos, lifting vizibil;<\/span><\/li>\n<li style=\"font-weight: 400;\" aria-level=\"1\"><span style=\"font-weight: 400;\">rejuvenare complex\u0103 a tenului \u0219i efect vizibil anti-age peste 28 de zile de utilizare;<\/span><\/li>\n<li style=\"font-weight: 400;\" aria-level=\"1\"><span style=\"font-weight: 400;\">produs potrivit pentru toate tipurile de ten \u0219i pentru b\u0103rba\u021bi;<\/span><\/li>\n<li style=\"font-weight: 400;\" aria-level=\"1\"><span style=\"font-weight: 400;\">must-have de la v\u00e2rsta de 25 de ani;<\/span><\/li>\n<li style=\"font-weight: 400;\" aria-level=\"1\"><span style=\"font-weight: 400;\">ambalaj practic &#8211; p\u0103streaz\u0103 propriet\u0103\u021bile, dozaj exact, consum econom;<\/span><\/li>\n<li style=\"font-weight: 400;\" aria-level=\"1\"><span style=\"font-weight: 400;\">emulsie lejer\u0103, arom\u0103 delicat\u0103 \u0219i pl\u0103cut\u0103;<\/span><\/li>\n<li style=\"font-weight: 400;\" aria-level=\"1\"><span style=\"font-weight: 400;\">se combin\u0103 cu orice crem\u0103 \u00een func\u021bie de tipul de piele, spore\u0219te eficacitatea oric\u0103rui program anti-\u00eemb\u0103tr\u00e2nire.<\/span><\/li>\n<\/ul>\n<p><b><i>Inova\u021bii, componente active:<\/i><\/b><\/p>\n<ul>\n<li><b>Epigenomyl\u00ae: extras Calendula officinalis<\/b> <b><i>\u2013<\/i><\/b><span style=\"font-weight: 400;\"> un modulator epigenetic care poate influen\u021ba expresia genelor &#8211; spore\u0219te activitatea celor \u201epozitive\u201d \u0219i le dezactiveaz\u0103 pe cele \u201enegative\u201d. Opre\u0219te descompunerea colagenului, elastinei \u0219i fibrilinei, readuce celulele la normal, restabile\u0219te pielea expus\u0103 la stres extern \u0219i protejeaz\u0103 \u00eempotriva influen\u021belor d\u0103un\u0103toare ale mediului. <\/span><span style=\"font-weight: 400;\">Are propriet\u0103\u021bi antioxidante, antiinflamatorii, calmante \u0219i de \u00eentinerire; activeaz\u0103 func\u021biile de protec\u021bie ale pielii, stimuleaz\u0103 procesele de re\u00eennoire celular\u0103, \u00eent\u0103re\u0219te capilarele, neteze\u0219te pielea.<\/span><\/li>\n<li><b>Acid hialuronic cu greutate molecular\u0103 mare<\/b><span style=\"font-weight: 400;\">: un agent de hidratare derivat din biotehnologie, cu capacitate puternic\u0103 de a lega \u0219i re\u021bine umiditatea la suprafa\u021ba pielii.<\/span><\/li>\n<li><b>Acid hialuronic cu greutate molecular\u0103 mic\u0103<\/b><span style=\"font-weight: 400;\">: un agent de hidratare derivat din biotehnologie, cu propriet\u0103\u021bi puternice de legare a umidit\u0103\u021bii. P\u0103trunde \u00een straturile profunde ale epidermei, neteze\u0219te pielea din interior \u0219i previne pierderea umidit\u0103\u021bii.<\/span><b> <\/b><\/li>\n<li><b>Izomerat de zaharid\u0103: <\/b><span style=\"font-weight: 400;\">o component\u0103 ob\u021binut\u0103 din zaharuri naturale, men\u021bine <\/span><span style=\"font-weight: 400;\">umiditatea; se leag\u0103 ferm de keratina pielii \u0219i asigur\u0103 o hidratare optim\u0103.\u00a0<\/span><\/li>\n<\/ul>\n<p><b><i>Mod de utilizare: <\/i><\/b><span style=\"font-weight: 400;\">Diminea\u021ba \u0219i\/sau seara aplica\u021bi o cantitate mic\u0103 pe pielea fe\u021bei, a g\u00e2tului \u0219i a decolteului. Aplica\u021bi apoi o crem\u0103 de zi sau de noapte.<\/span><\/p>","protected":false},"excerpt":{"rendered":"<p>Epigenetic serum, 10 ml<\/p>\n","protected":false},"featured_media":448,"template":"","meta":[],"product_cat":[40,41],"product_tag":[],"_links":{"self":[{"href":"https:\/\/shop.belar.md\/ro\/wp-json\/wp\/v2\/product\/418"}],"collection":[{"href":"https:\/\/shop.belar.md\/ro\/wp-json\/wp\/v2\/product"}],"about":[{"href":"https:\/\/shop.belar.md\/ro\/wp-json\/wp\/v2\/types\/product"}],"wp:featuredmedia":[{"embeddable":true,"href":"https:\/\/shop.belar.md\/ro\/wp-json\/wp\/v2\/media\/448"}],"wp:attachment":[{"href":"https:\/\/shop.belar.md\/ro\/wp-json\/wp\/v2\/media?parent=418"}],"wp:term":[{"taxonomy":"product_cat","embeddable":true,"href":"https:\/\/shop.belar.md\/ro\/wp-json\/wp\/v2\/product_cat?post=418"},{"taxonomy":"product_tag","embeddable":true,"href":"https:\/\/shop.belar.md\/ro\/wp-json\/wp\/v2\/product_tag?post=418"}],"curies":[{"name":"wp","href":"https:\/\/api.w.org\/{rel}","templated":true}]}}