{"id":416,"date":"2021-01-12T16:41:43","date_gmt":"2021-01-12T16:41:43","guid":{"rendered":"http:\/\/shop.belar.md\/product\/import-placeholder-for-436\/"},"modified":"2026-04-22T10:52:48","modified_gmt":"2026-04-22T07:52:48","slug":"good-night-lip-mask","status":"publish","type":"product","link":"https:\/\/shop.belar.md\/ro\/product\/good-night-lip-mask\/","title":{"rendered":"Masc\u0103 de noapte pentru buze"},"content":{"rendered":"<p><span style=\"font-weight: 400;\">O masc\u0103 de buze, cu textur\u0103 delicat\u0103 de balsam \u0219i o arom\u0103 rafinat\u0103 &#8211; \u00eengrijire luxoas\u0103, restaurare \u0219i protec\u021bie a pielii buzelor timp de 24 de ore. Con\u021bine 80% ingrediente naturale &#8211; uleiuri valoroase, cear\u0103 \u0219i acid hialuronic. Hr\u0103ne\u0219te intens, hidrateaz\u0103 \u0219i neteze\u0219te pielea. Ofer\u0103 buzelor fermitate, volum senzual \u0219i str\u0103lucire. Elimin\u0103 rapid senza\u021bia de usc\u0103ciune \u0219i descuamarea, red\u0103 senza\u021bia de confort. Reduce aspectul ridurilor sub\u021biri \u0219i previne formarea acestora. Textura unui balsam ruj gros, de culoare roz pal, cu o str\u0103lucire delicat\u0103, sidefat\u0103. Aroma este delicat\u0103 de fructe de p\u0103dure.<\/span><\/p>\n<p><b><i>Avantaje:<\/i><\/b><\/p>\n<ul>\n<li style=\"font-weight: 400;\" aria-level=\"1\"><span style=\"font-weight: 400;\">confort instantaneu pentru buzele cr\u0103pate \u0219i uscate &#8211; hidrateaz\u0103, catifeleaz\u0103 \u0219i restaureaz\u0103;<\/span><\/li>\n<li style=\"font-weight: 400;\" aria-level=\"1\"><span style=\"font-weight: 400;\">con\u021bine uleiuri \u0219i ceruri naturale valoroase;<\/span><\/li>\n<li style=\"font-weight: 400;\" aria-level=\"1\"><span style=\"font-weight: 400;\">utilizare universal\u0103 \u2013 \u00eengrijire intensiv\u0103 a buzelor noaptea \u0219i balsam protector \u0219i hr\u0103nitor ziua;<\/span><\/li>\n<li style=\"font-weight: 400;\" aria-level=\"1\"><span style=\"font-weight: 400;\">neteze\u0219te ridurile din jurul gurii;<\/span><\/li>\n<li style=\"font-weight: 400;\" aria-level=\"1\"><span style=\"font-weight: 400;\">protejeaz\u0103 pielea buzelor de \u00eemb\u0103tr\u00e2nirea prematur\u0103;<\/span><\/li>\n<li style=\"font-weight: 400;\" aria-level=\"1\"><span style=\"font-weight: 400;\">ofer\u0103 o senza\u021bie de confort;<\/span><\/li>\n<li style=\"font-weight: 400;\" aria-level=\"1\"><span style=\"font-weight: 400;\">ofer\u0103 buzelor un volum suplimentar, o nuan\u021b\u0103 roz delicat\u0103 \u0219i o str\u0103lucire frumoas\u0103;<\/span><\/li>\n<li style=\"font-weight: 400;\" aria-level=\"1\"><span style=\"font-weight: 400;\">textur\u0103 pl\u0103cut\u0103, nelipicioas\u0103;<\/span><\/li>\n<li style=\"font-weight: 400;\" aria-level=\"1\"><span style=\"font-weight: 400;\">consum econom;<\/span><\/li>\n<li style=\"font-weight: 400;\" aria-level=\"1\"><span style=\"font-weight: 400;\">poate fi folosit ca baz\u0103 pentru ruj.<\/span><\/li>\n<\/ul>\n<p><b><i>Inova\u021bii, componente active:<\/i><\/b><\/p>\n<ul>\n<li><b>Unt de shea:<\/b> <span style=\"font-weight: 400;\">ob\u021binut din nucile arborelui de shea (Butyrospermum parkii), protejeaz\u0103 pielea de deshidratare, compenseaz\u0103 lipsa lipidelor, neteze\u0219te \u0219i catifeleaz\u0103.<\/span><\/li>\n<li><b>Cear\u0103 de floarea soarelui:<\/b> <span style=\"font-weight: 400;\">catifeleaz\u0103 \u0219i protejeaz\u0103 pielea, oferind o senza\u021bie de confort.<\/span><\/li>\n<li><b>Cear\u0103 de Candelilla:<\/b> <span style=\"font-weight: 400;\">Derivat\u0103 din frunzele \u0219i tulpinile arbustului Candelilla (Euphorbia antisyphilitica) din nordul Mexicului \u0219i sud-vestul Statelor Unite, confer\u0103 m\u0103\u0219tii o textur\u0103 moale \u0219i pl\u0103cut\u0103. Are un efect antiseptic u\u0219or, catifeleaz\u0103 \u0219i protejeaz\u0103 pielea.<\/span><\/li>\n<li><b>Ulei de in:<\/b> <span style=\"font-weight: 400;\">bogat \u00een acizi gra\u0219i nesatura\u021bi Omega-3 \u0219i Omega-6, \u00eent\u0103re\u0219te func\u021bia de barier\u0103 a pielii.<\/span><\/li>\n<li><b>Ulei de semin\u021be de bumbac:<\/b> <span style=\"font-weight: 400;\">con\u021bine o cantitate mare de vitamina E, catifeleaz\u0103 \u0219i protejeaz\u0103 pielea de \u00eemb\u0103tr\u00e2nirea prematur\u0103.<\/span><\/li>\n<li><b>Extract de n\u0103sturel (Spilanthes Acmella):<\/b> <span style=\"font-weight: 400;\">relaxant muscular natural din plante. Blocheaz\u0103 contrac\u021biile musculare \u0219i le relaxeaz\u0103, netezind ridurile de expresie \u0219i prevenind formarea acestora.<\/span><\/li>\n<li><b>Acid hialuronic:<\/b><span style=\"font-weight: 400;\"> hidrateaz\u0103 \u00een profunzime \u0219i re\u021bine umiditatea \u00een piele.<\/span><\/li>\n<\/ul>\n<p><b><i>Mod de utilizare:\u00a0<\/i><\/b><\/p>\n<ol>\n<li><span style=\"font-weight: 400;\">Aplica\u021bi masca de buze Goodnight seara pe pielea \u0219i conturul buzelor cur\u0103\u021bate \u00een prealabil, masa\u021bi u\u0219or. L\u0103sa\u021bi peste noapte. <\/span><\/li>\n<li><span style=\"font-weight: 400;\">Aplica\u021bi pe parcursul zilei ca luciu de buze sau balsam.<\/span><\/li>\n<\/ol>\n<p><\/p>","protected":false},"excerpt":{"rendered":"<p>Good night lip mask, 15 ml<\/p>\n","protected":false},"featured_media":446,"template":"","meta":[],"product_cat":[40,41],"product_tag":[],"_links":{"self":[{"href":"https:\/\/shop.belar.md\/ro\/wp-json\/wp\/v2\/product\/416"}],"collection":[{"href":"https:\/\/shop.belar.md\/ro\/wp-json\/wp\/v2\/product"}],"about":[{"href":"https:\/\/shop.belar.md\/ro\/wp-json\/wp\/v2\/types\/product"}],"wp:featuredmedia":[{"embeddable":true,"href":"https:\/\/shop.belar.md\/ro\/wp-json\/wp\/v2\/media\/446"}],"wp:attachment":[{"href":"https:\/\/shop.belar.md\/ro\/wp-json\/wp\/v2\/media?parent=416"}],"wp:term":[{"taxonomy":"product_cat","embeddable":true,"href":"https:\/\/shop.belar.md\/ro\/wp-json\/wp\/v2\/product_cat?post=416"},{"taxonomy":"product_tag","embeddable":true,"href":"https:\/\/shop.belar.md\/ro\/wp-json\/wp\/v2\/product_tag?post=416"}],"curies":[{"name":"wp","href":"https:\/\/api.w.org\/{rel}","templated":true}]}}