{"id":4158,"date":"2025-03-17T09:58:33","date_gmt":"2025-03-17T09:58:33","guid":{"rendered":"https:\/\/shop.belar.md\/?post_type=product&#038;p=4158"},"modified":"2026-04-18T05:02:03","modified_gmt":"2026-04-18T05:02:03","slug":"legkaya-uspokaivajushhaya-emulsiya","status":"publish","type":"product","link":"https:\/\/shop.belar.md\/ro\/product\/legkaya-uspokaivajushhaya-emulsiya\/","title":{"rendered":"Emulsie intens calmant\u0103"},"content":{"rendered":"<p><span style=\"font-weight: 400;\">Lo\u021biunea intens calmant\u0103 este o emulsie u\u0219oar\u0103, cu ac\u021biune 24 de ore, destinat\u0103 pielii sensibile de orice tip. Se absoarbe rapid, calmeaz\u0103 instantaneu, hidrateaz\u0103 \u0219i catifeleaz\u0103 pielea. Ideal\u0103 pentru tenul gras \u0219i mixt, cea mai bun\u0103 op\u021biune pentru oricine prefer\u0103 texturi mai pu\u021bin saturate. Ofer\u0103 pielii sensibile \u00eengrijire intens\u0103, protec\u021bie \u00een timpul zilei \u0219i accelereaz\u0103 procesul de regenerare pe timpul nop\u021bii. \u00cent\u0103re\u0219te bariera protectoare a pielii, cre\u0219te rezisten\u021ba acesteia la iritan\u021bii externi \u0219i previne reac\u021biile alergice.\u00a0<\/span><\/p>\n<p><b><i>Avantaje:<\/i><\/b><\/p>\n<ul>\n<li style=\"font-weight: 400;\" aria-level=\"1\"><span style=\"font-weight: 400;\">\u00eengrijire intens\u0103, 24 de ore, pentru pielea sensibil\u0103 de orice tip;<\/span><\/li>\n<li style=\"font-weight: 400;\" aria-level=\"1\"><span style=\"font-weight: 400;\">calmeaz\u0103 pielea, elimin\u0103 instantaneu simptomele de hipersensibilitate;<\/span><\/li>\n<li style=\"font-weight: 400;\" aria-level=\"1\"><span style=\"font-weight: 400;\">amelioreaz\u0103 ro\u0219ea\u021ba, irita\u021bia, pruritul;<\/span><\/li>\n<li style=\"font-weight: 400;\" aria-level=\"1\"><span style=\"font-weight: 400;\">cre\u0219te nivelul de hidratare a pielii;<\/span><\/li>\n<li style=\"font-weight: 400;\" aria-level=\"1\"><span style=\"font-weight: 400;\">regenereaz\u0103 \u0219i \u00eent\u0103re\u0219te bariera natural\u0103 de protec\u021bie a pielii;<\/span><\/li>\n<li style=\"font-weight: 400;\" aria-level=\"1\"><span style=\"font-weight: 400;\">face pielea mai rezistent\u0103 la iritan\u021bii externi;<\/span><\/li>\n<li style=\"font-weight: 400;\" aria-level=\"1\"><span style=\"font-weight: 400;\">are o textur\u0103 u\u0219oar\u0103, absorbit\u0103 rapid &#8211; ideal\u0103 pentru tenul gras \u0219i mixt;<\/span><\/li>\n<li style=\"font-weight: 400;\" aria-level=\"1\"><span style=\"font-weight: 400;\">efect cumulativ \u2013 utilizarea regulat\u0103 elimin\u0103 dezvoltarea sensibilit\u0103\u021bii;<\/span><\/li>\n<li style=\"font-weight: 400;\" aria-level=\"1\"><span style=\"font-weight: 400;\">potrivit pentru \u00eengrijirea complex\u0103 a pielii hipersensibile (alergii, rozacee, afec\u021biuni dup\u0103 boli \u0219i \u00een timpul tratamentului);<\/span><\/li>\n<li style=\"font-weight: 400;\" aria-level=\"1\"><span style=\"font-weight: 400;\">hipoalergenic \u0219i sigur, demonstrat clinic;<\/span><\/li>\n<li style=\"font-weight: 400;\" aria-level=\"1\"><span style=\"font-weight: 400;\">utilizare universal\u0103 &#8211; pentru \u00eengrijire diminea\u021ba \u0219i seara.<\/span><\/li>\n<\/ul>\n<p><b><i>Inova\u021bii, componente active<\/i><\/b><\/p>\n<ul>\n<li><b>Complex Skin Defence+:<\/b> <span style=\"font-weight: 400;\">un fitocomplex activ din ulei de semin\u021be de coac\u0103ze negre, bogat \u00een acizi gra\u0219i omega-3 \u0219i -6, extract de plant\u0103 medicinal\u0103 <\/span><i><span style=\"font-weight: 400;\">Cardiospermum<\/span><\/i><span style=\"font-weight: 400;\"> cu un con\u021binut ridicat de fitosteroli \u0219i ac\u021biune similar\u0103 hidrocortizonului \u0219i frac\u021biune nesaponificabil\u0103 de <\/span><i><span style=\"font-weight: 400;\">ulei de floarea-soarelui<\/span><\/i><span style=\"font-weight: 400;\">. Reduce inflama\u021bia, restabile\u0219te \u0219i \u00eent\u0103re\u0219te bariera epidermic\u0103, reduce hiperreactivitatea pielii \u0219i reduce riscul de reac\u021bii alergice;<\/span><\/li>\n<li><b>Acid hialuronic (cu greutate molecular\u0103 mare \u0219i mic\u0103):<\/b> <span style=\"font-weight: 400;\">hidrateaz\u0103 intens, protejeaz\u0103 \u0219i neteze\u0219te pielea;<\/span><\/li>\n<li><b>Unt de shea:<\/b><span style=\"font-weight: 400;\"> hr\u0103ne\u0219te pielea \u0219i protejeaz\u0103 bariera epidermic\u0103 de deteriorare;<\/span><\/li>\n<li><b>Izostearat de izostearil:<\/b><span style=\"font-weight: 400;\"> un emolient pe baz\u0103 de plante; se integreaz\u0103 \u00een lipidele intercelulare, restabile\u0219te \u0219i \u00eent\u0103re\u0219te func\u021bia de barier\u0103 a pielii;<\/span><\/li>\n<li><b>Squalan: <\/b><span style=\"font-weight: 400;\">previne TEWL (pierderea transepidermic\u0103 de ap\u0103), calmeaz\u0103, catifeleaz\u0103 \u0219i neteze\u0219te pielea.<\/span><\/li>\n<li><b>Izomerat de zaharid\u0103:<\/b><span style=\"font-weight: 400;\"> ofer\u0103 hidratare suplimentar\u0103 pielii timp de 72 de ore;<\/span><\/li>\n<li><b><i>\u03b1-bisabolol: <\/i><\/b><span style=\"font-weight: 400;\">calmeaz\u0103, reduce inflama\u021bia, irita\u021bia \u0219i pruritul.<\/span><\/li>\n<li><b>Alantoin\u0103:<\/b> <span style=\"font-weight: 400;\">calmeaz\u0103, catifeleaz\u0103, hidrateaz\u0103, promoveaz\u0103 regenerarea pielii, \u00eei restabile\u0219te propriet\u0103\u021bile de barier\u0103. Adesea utilizat \u00een cosmetice pentru \u00eengrijirea pielii cu dermatit\u0103.<\/span><\/li>\n<li><b>Vitamina E:<\/b> <span style=\"font-weight: 400;\">are efect antioxidant, protejeaz\u0103 celulele pielii de efectele distructive ale radicalilor liberi.<\/span><\/li>\n<\/ul>\n<p><b><i>Mod de utilizare: <\/i><\/b><span style=\"font-weight: 400;\">Diminea\u021ba \u0219i seara, aplica\u021bi o cantitate mic\u0103 de emulsie pe pielea curat\u0103.<\/span><\/p>","protected":false},"excerpt":{"rendered":"<p>Intence Calming Lotion, 50 ml<\/p>\n","protected":false},"featured_media":4159,"template":"","meta":[],"product_cat":[551,40,41],"product_tag":[],"_links":{"self":[{"href":"https:\/\/shop.belar.md\/ro\/wp-json\/wp\/v2\/product\/4158"}],"collection":[{"href":"https:\/\/shop.belar.md\/ro\/wp-json\/wp\/v2\/product"}],"about":[{"href":"https:\/\/shop.belar.md\/ro\/wp-json\/wp\/v2\/types\/product"}],"wp:featuredmedia":[{"embeddable":true,"href":"https:\/\/shop.belar.md\/ro\/wp-json\/wp\/v2\/media\/4159"}],"wp:attachment":[{"href":"https:\/\/shop.belar.md\/ro\/wp-json\/wp\/v2\/media?parent=4158"}],"wp:term":[{"taxonomy":"product_cat","embeddable":true,"href":"https:\/\/shop.belar.md\/ro\/wp-json\/wp\/v2\/product_cat?post=4158"},{"taxonomy":"product_tag","embeddable":true,"href":"https:\/\/shop.belar.md\/ro\/wp-json\/wp\/v2\/product_tag?post=4158"}],"curies":[{"name":"wp","href":"https:\/\/api.w.org\/{rel}","templated":true}]}}