{"id":4150,"date":"2024-12-26T13:25:48","date_gmt":"2024-12-26T13:25:48","guid":{"rendered":"https:\/\/shop.belar.md\/?post_type=product&#038;p=4150"},"modified":"2026-04-18T05:03:02","modified_gmt":"2026-04-18T05:03:02","slug":"syvorotka-ot-pigmentnyh-pyaten-s-traneksamovoj-kislotoj-i-niacinamidami","status":"publish","type":"product","link":"https:\/\/shop.belar.md\/ro\/product\/syvorotka-ot-pigmentnyh-pyaten-s-traneksamovoj-kislotoj-i-niacinamidami\/","title":{"rendered":"Ser cu acid tranexamic, \u00eent\u0103re\u0219te bariera epidermic\u0103 \u0219i previne inflama\u021bia"},"content":{"rendered":"<p><span style=\"font-weight: 400;\">Petele pigmentare, cicatricile provocate de acnee \u0219i rozaceea pot fi un stres major pentru oricine are aceste probleme ale pielii. Serul cu acid tranexamic este un ser bl\u00e2nd \u0219i eficient. Ajut\u0103 la netezirea manifest\u0103rilor discromiei, av\u00e2nd \u00een acela\u0219i timp un efect antiinflamator \u0219i \u00eent\u0103rind pere\u021bii vaselor sanguine. Acidul tranexamic este un ingredient activ sintetic derivat din aminoacidul lizin\u0103, considerat cel mai eficient agent de albire la nivel mondial. Interfereaz\u0103 cu interac\u021biunea dintre melanocite \u0219i keratinocite, suprim\u00e2nd astfel sinteza melaninei \u0219i prevenind formarea de noi pete pigmentare. Combate diverse forme de hiperpigmentare (pete de v\u00e2rst\u0103, pete solare, melasm\u0103 etc.). Niacinamida spore\u0219te efectul de iluminare. Ilumineaz\u0103 uniform pielea, \u00eent\u0103re\u0219te bariera epidermic\u0103 \u0219i previne inflama\u021bia. Acidul hialuronic cu propriet\u0103\u021bi de albire suprim\u0103 produc\u021bia de melanin\u0103, reduce apari\u021bia discromiei \u0219i red\u0103 str\u0103lucirea natural\u0103 a pielii. Combina\u021bia de izomerat de zaharid\u0103 cu acid hialuronic (cu greutate molecular\u0103 mic\u0103 \u0219i mare) ofer\u0103 hidratare instantanee \u0219i prelungit\u0103, elasticitate \u0219i netezime a pielii. Prin utilizarea regulat\u0103 a serului, ro\u0219ea\u021ba este redus\u0103, iar culoarea pielii devine mai deschis\u0103 \u0219i mai uniform\u0103.<\/span><\/p>\n<p><b><i>Avantaje:<\/i><\/b><\/p>\n<ul>\n<li style=\"font-weight: 400;\" aria-level=\"1\"><span style=\"font-weight: 400;\">nete\u0219te decolorarea existent\u0103 a pielii, inclusiv cea post-acneic\u0103;<\/span><\/li>\n<li style=\"font-weight: 400;\" aria-level=\"1\"><span style=\"font-weight: 400;\">previne formarea de noi pete pigmentare;<\/span><\/li>\n<li style=\"font-weight: 400;\" aria-level=\"1\"><span style=\"font-weight: 400;\">ilumineaz\u0103 vizibil pigmentarea cauzat\u0103 de expunerea la soare;<\/span><\/li>\n<li style=\"font-weight: 400;\" aria-level=\"1\"><span style=\"font-weight: 400;\">ofer\u0103 un ton al pielii vizibil mai uniform;<\/span><\/li>\n<li style=\"font-weight: 400;\" aria-level=\"1\"><span style=\"font-weight: 400;\">hidrateaz\u0103 instantaneu \u0219i pentru lung\u0103 durat\u0103;<\/span><\/li>\n<li style=\"font-weight: 400;\" aria-level=\"1\"><span style=\"font-weight: 400;\">are efect antiinflamator;<\/span><\/li>\n<li style=\"font-weight: 400;\" aria-level=\"1\"><span style=\"font-weight: 400;\">\u00eent\u0103re\u0219te pere\u021bii vaselor sanguine, reduce ro\u0219ea\u021ba;<\/span><\/li>\n<li style=\"font-weight: 400;\" aria-level=\"1\"><span style=\"font-weight: 400;\">foarte bine tolerat chiar \u0219i de pielea sensibil\u0103;<\/span><\/li>\n<li style=\"font-weight: 400;\" aria-level=\"1\"><span style=\"font-weight: 400;\">pH 7,0.<\/span><\/li>\n<\/ul>\n<p><b><i>Inova\u021bii, componente active<\/i><\/b><\/p>\n<p><b>Acid tranexamic:<\/b><span style=\"font-weight: 400;\"> previne interac\u021biunea dintre melanocite \u0219i keratinocite, inhib\u0103 activitatea tirozinazei \u0219i reduce formarea de melanin\u0103, uniformiz\u00e2nd astfel nuan\u021ba pielii. Ilumineaz\u0103 pigmentarea nedorit\u0103, previne formarea de noi pete pigmentare, activeaz\u0103 autofagia celular\u0103.<\/span><\/p>\n<p><b>Niacinamid\u0103:<\/b><span style=\"font-weight: 400;\"> blocheaz\u0103 transportul melaninei, \u00eent\u0103re\u0219te bariera epidermic\u0103, previne inflama\u021bia.<\/span><\/p>\n<p><b>Acid hialuronic (cu greutate molecular\u0103 mic\u0103 \u0219i mare):<\/b><span style=\"font-weight: 400;\"> asigur\u0103 o hidratare intensiv\u0103 a pielii, reduce pierderea transepidermic\u0103 de ap\u0103.<\/span><\/p>\n<p><b>Acid hialuronic cu efect de iluminare:<\/b><span style=\"font-weight: 400;\"> acidul alfa-linolenic este transportat c\u0103tre enzimele tirozinaze din melanocite \u0219i le distruge, suprim\u00e2nd produc\u021bia de melanin\u0103 \u0219i \u00eembun\u0103t\u0103\u021bind uniformitatea culorii pielii.<\/span><\/p>\n<p><b>Izomerat de zaharid\u0103:<\/b><span style=\"font-weight: 400;\"> Complex de carbohidra\u021bi cu rol \u00een hidratarea de lung\u0103 durat\u0103 a pielii.<\/span><\/p>\n<p><b>Unt de shea:<\/b><span style=\"font-weight: 400;\"> Hr\u0103ne\u0219te pielea \u0219i sus\u021bine func\u021bia de barier\u0103 a acesteia.<\/span><\/p>\n<p><b>Ulei de macadamia:<\/b><span style=\"font-weight: 400;\"> se absoarbe u\u0219or, pielea devine moale \u0219i ferm\u0103.<\/span><\/p>\n<p><b><i>Mod de utilizare:\u00a0<\/i><\/b><span style=\"font-weight: 400;\">Se recomand\u0103 aplicarea serului cu acid tranexamic de 3 ori pe s\u0103pt\u0103m\u00e2n\u0103, seara, pe fa\u021b\u0103, g\u00e2t \u0219i decolteu, prin mi\u0219c\u0103ri u\u0219oare de tapotare pentru o absorb\u021bie mai bun\u0103, iar apoi aplicarea cremei de \u00eengrijire zilnic\u0103 deasupra. Evita\u021bi contactul cu pleoapele \u0219i buzele. Dac\u0103 este bine tolerat de piele, serul poate fi utilizat zilnic. Este necesar s\u0103 fie\u00a0 protejat\u0103 pielea de radia\u021biile UV, de exemplu cu <\/span><a href=\"https:\/\/shop.belar.md\/ro\/product\/face-guard-advanced\/\"><i><span style=\"font-weight: 400;\">Face Guard Advanced<\/span><\/i><\/a><span style=\"font-weight: 400;\">.<\/span><\/p>\n<p><b>Important:<\/b><span style=\"font-weight: 400;\"> Nu utiliza\u021bi serul cu acid tranexamic \u00een timpul sarcinii \u0219i al\u0103pt\u0103rii!<\/span><\/p>","protected":false},"excerpt":{"rendered":"<p>TRANEXAMIC ACID SERUM, 30 \u043c\u043b<\/p>\n","protected":false},"featured_media":4151,"template":"","meta":[],"product_cat":[551,40,41],"product_tag":[],"_links":{"self":[{"href":"https:\/\/shop.belar.md\/ro\/wp-json\/wp\/v2\/product\/4150"}],"collection":[{"href":"https:\/\/shop.belar.md\/ro\/wp-json\/wp\/v2\/product"}],"about":[{"href":"https:\/\/shop.belar.md\/ro\/wp-json\/wp\/v2\/types\/product"}],"wp:featuredmedia":[{"embeddable":true,"href":"https:\/\/shop.belar.md\/ro\/wp-json\/wp\/v2\/media\/4151"}],"wp:attachment":[{"href":"https:\/\/shop.belar.md\/ro\/wp-json\/wp\/v2\/media?parent=4150"}],"wp:term":[{"taxonomy":"product_cat","embeddable":true,"href":"https:\/\/shop.belar.md\/ro\/wp-json\/wp\/v2\/product_cat?post=4150"},{"taxonomy":"product_tag","embeddable":true,"href":"https:\/\/shop.belar.md\/ro\/wp-json\/wp\/v2\/product_tag?post=4150"}],"curies":[{"name":"wp","href":"https:\/\/api.w.org\/{rel}","templated":true}]}}