{"id":4114,"date":"2024-12-26T13:17:24","date_gmt":"2024-12-26T13:17:24","guid":{"rendered":"https:\/\/shop.belar.md\/?post_type=product&#038;p=4114"},"modified":"2026-05-02T08:02:53","modified_gmt":"2026-05-02T05:02:53","slug":"syvorotka-s-azelainovoj-kislotoj-2","status":"publish","type":"product","link":"https:\/\/shop.belar.md\/ro\/product\/syvorotka-s-azelainovoj-kislotoj-2\/","title":{"rendered":"Ser exfoliant, cu acid azelaic, cu efect de \u00eembun\u0103t\u0103\u021bire a texturii pielii"},"content":{"rendered":"<p><span style=\"font-weight: 400;\">Combina\u021bia eficient\u0103 de acid azelaic \u0219i derivat de acid azelaic ajut\u0103 la uniformizarea texturii \u0219i tonusului pielii prin ac\u021biunea sa iluminatoare \u0219i exfoliant\u0103 delicat\u0103. Acidul azelaic este utilizat \u00een industria farmaceutic\u0103 ca ingredient antibacterian \u0219i antiinflamator. Cu utilizare regulat\u0103, reduce num\u0103rul de comedoane, papule \u0219i pustule. Exfolierea delicat\u0103 a celulelor moarte ale pielii promoveaz\u0103 un proces s\u0103n\u0103tos de keratinizare. Porii r\u0103m\u00e2n cura\u021bi, mai pu\u021bin \u00eenfunda\u021bi, iar aspectul pielii este \u00eembun\u0103t\u0103\u021bit semnificativ. \u00cen plus, acidul azelaic ilumineaz\u0103 zonele hiperpigmentate ale pielii, inclusiv cele post-acneice, \u0219i reduce ro\u0219ea\u021ba, cauzat\u0103 de inflama\u021bie. Derivatul de acid azelaic reduce produc\u021bia de sebum \u0219i protejeaz\u0103 pielea de radicalii liberi. Formula de gel cu absorb\u021bie rapid\u0103, non-gras\u0103, este bine tolerat\u0103 de toate tipurile de piele, inclusiv de pielea sensibil\u0103, \u0219i poate fi utilizat\u0103 chiar \u0219i \u00een timpul sarcinii. Pielea devine mai neted\u0103, tenul &#8211; radiant \u0219i proasp\u0103t.<\/span><\/p>\n<p><b><i>Avantaje:<\/i><\/b><\/p>\n<ul>\n<li style=\"font-weight: 400;\" aria-level=\"1\"><span style=\"font-weight: 400;\">gel non-gras cu absorb\u021bie rapid\u0103;<\/span><\/li>\n<li style=\"font-weight: 400;\" aria-level=\"1\"><span style=\"font-weight: 400;\">regleaz\u0103 produc\u021bia de sebum;<\/span><\/li>\n<li style=\"font-weight: 400;\" aria-level=\"1\"><span style=\"font-weight: 400;\">reduce num\u0103rul de comedoane, papule \u0219i pustule;<\/span><\/li>\n<li style=\"font-weight: 400;\" aria-level=\"1\"><span style=\"font-weight: 400;\">protejeaz\u0103 celulele de radicalii liberi;<\/span><\/li>\n<li style=\"font-weight: 400;\" aria-level=\"1\"><span style=\"font-weight: 400;\">ofer\u0103 un ten uniform \u0219i radiant;<\/span><\/li>\n<li style=\"font-weight: 400;\" aria-level=\"1\"><span style=\"font-weight: 400;\">potrivit pentru pielea sensibil\u0103;<\/span><\/li>\n<li style=\"font-weight: 400;\" aria-level=\"1\"><span style=\"font-weight: 400;\">poate fi utilizat \u00een timpul sarcinii;<\/span><\/li>\n<\/ul>\n<p><b><i>Inova\u021bii, componente active:<\/i><\/b><\/p>\n<ul>\n<li><b>Acid azelaic:<\/b><span style=\"font-weight: 400;\"> are efecte antibacteriene, anticomedogene \u0219i exfoliante, sus\u021bine procesul s\u0103n\u0103tos de keratinizare a pielii, reduce num\u0103rul de comedoane, papule \u0219i pustule \u0219i reduce recuren\u021ba acestora.<\/span><\/li>\n<li><b>Derivat de acid azelaic:<\/b><span style=\"font-weight: 400;\"> ajut\u0103 la uniformizarea texturii \u0219i culorii pielii, regleaz\u0103 produc\u021bia de sebum prin reducerea foliculilor sebacei activi, are efect de iluminare \u0219i protejeaz\u0103 \u00eempotriva radicalilor liberi.<\/span><\/li>\n<\/ul>\n<p><b><i>Mod de utilizare:\u00a0<\/i><\/b><span style=\"font-weight: 400;\">Aplica\u021bi pe pielea curat\u0103 diminea\u021ba \u0219i\/sau seara, de trei ori pe s\u0103pt\u0103m\u00e2n\u0103 \u0219i completa\u021bi tratamentul cu o crem\u0103 \u00een func\u021bie de tipul dumneavoastr\u0103 de ten. Dac\u0103 este necesar, poate fi utilizat zilnic, diminea\u021ba \u0219i seara. \u00cen plus, este necesar s\u0103 se utilizeze produse cu protec\u021bie UV, de exemplu <\/span><i><span style=\"font-weight: 400;\"><a href=\"https:\/\/shop.belar.md\/ro\/product\/face-guard-advanced\/\">Face Guard Advanced<\/a>.<\/span><\/i><span style=\"font-weight: 400;\"> Acidul azelaic \u0219i deriva\u021bii s\u0103i pot fi utiliza\u021bi ca alternativ\u0103 la acidul salicilic \u00een timpul sarcinii.<\/span><\/p>","protected":false},"excerpt":{"rendered":"<p>Azelaic Acid Serum, 30ml<\/p>\n","protected":false},"featured_media":4115,"template":"","meta":[],"product_cat":[551,40,41],"product_tag":[],"_links":{"self":[{"href":"https:\/\/shop.belar.md\/ro\/wp-json\/wp\/v2\/product\/4114"}],"collection":[{"href":"https:\/\/shop.belar.md\/ro\/wp-json\/wp\/v2\/product"}],"about":[{"href":"https:\/\/shop.belar.md\/ro\/wp-json\/wp\/v2\/types\/product"}],"wp:featuredmedia":[{"embeddable":true,"href":"https:\/\/shop.belar.md\/ro\/wp-json\/wp\/v2\/media\/4115"}],"wp:attachment":[{"href":"https:\/\/shop.belar.md\/ro\/wp-json\/wp\/v2\/media?parent=4114"}],"wp:term":[{"taxonomy":"product_cat","embeddable":true,"href":"https:\/\/shop.belar.md\/ro\/wp-json\/wp\/v2\/product_cat?post=4114"},{"taxonomy":"product_tag","embeddable":true,"href":"https:\/\/shop.belar.md\/ro\/wp-json\/wp\/v2\/product_tag?post=4114"}],"curies":[{"name":"wp","href":"https:\/\/api.w.org\/{rel}","templated":true}]}}