{"id":404,"date":"2021-01-12T16:41:42","date_gmt":"2021-01-12T16:41:42","guid":{"rendered":"http:\/\/shop.belar.md\/product\/import-placeholder-for-412\/"},"modified":"2026-04-15T05:02:16","modified_gmt":"2026-04-15T05:02:16","slug":"calming-hydro-gel","status":"publish","type":"product","link":"https:\/\/shop.belar.md\/ro\/product\/calming-hydro-gel\/","title":{"rendered":"Crem\u0103-gel  2 \u00een 1: crem\u0103 hidratant\u0103 anti-age \u0219i gel calmant dup\u0103 ras"},"content":{"rendered":"<p><span style=\"font-weight: 400;\">Un gel-crem\u0103 u\u0219or, cu propriet\u0103\u021bi anti-age, con\u021bine ingredientele active <\/span><i><span style=\"font-weight: 400;\">Men\u2019s Super Moist<\/span><\/i><span style=\"font-weight: 400;\"> \u0219i <\/span><i><span style=\"font-weight: 400;\">Men\u2019s Ultra Calm<\/span><\/i><span style=\"font-weight: 400;\">, dezvoltate special pentru pielea b\u0103rba\u021bilor. Acestea men\u021bin pielea \u00een stare perfect\u0103: hidrateaz\u0103 \u0219i calmeaz\u0103 instantaneu, previn irita\u021biile \u0219i inflama\u021biile dup\u0103 ras, catifeleaz\u0103, \u00eent\u0103resc \u0219i energizeaz\u0103. Men\u021bine pielea b\u0103rba\u021bilor neted\u0103 \u0219i ferm\u0103, neteze\u0219te ridurile \u0219i protejeaz\u0103 \u00eempotriva \u00eemb\u0103tr\u00e2nirii premature. Textur\u0103: emulsie u\u0219oar\u0103, culoare albastru deschis. Arom\u0103: parfum proasp\u0103t de briz\u0103 marin\u0103.<\/span><\/p>\n<p><b><i>Avantaje:<\/i><\/b><\/p>\n<ul>\n<li style=\"font-weight: 400;\" aria-level=\"1\"><span style=\"font-weight: 400;\">produs 2 \u00een 1 \u2013 crem\u0103 hidratant\u0103 anti-\u00eemb\u0103tr\u00e2nire \u0219i gel after shave calmant;<\/span><\/li>\n<li style=\"font-weight: 400;\" aria-level=\"1\"><span style=\"font-weight: 400;\">formule speciale \u0219i complexe active dezvoltate special pentru pielea b\u0103rba\u021bilor;<\/span><\/li>\n<li style=\"font-weight: 400;\" aria-level=\"1\"><span style=\"font-weight: 400;\">form\u0103 biodisponibil\u0103 a componentelor \u2013 penetrare profund\u0103 \u0219i acumulare \u00een piele;<\/span><\/li>\n<li style=\"font-weight: 400;\" aria-level=\"1\"><span style=\"font-weight: 400;\">textur\u0103 u\u0219oar\u0103 \u2013 se absoarbe rapid, f\u0103r\u0103 a l\u0103sa o pelicul\u0103 gras\u0103;<\/span><\/li>\n<li style=\"font-weight: 400;\" aria-level=\"1\"><span style=\"font-weight: 400;\">efect instant \u0219i de lung\u0103 durat\u0103 \u2013 hidratare profund\u0103, senza\u021bie de confort \u0219i prospe\u021bime;<\/span><\/li>\n<li style=\"font-weight: 400;\" aria-level=\"1\"><span style=\"font-weight: 400;\">efect cumulativ \u2013 o piele mai ferm\u0103, neted\u0103 \u0219i \u00eengrijit\u0103;<\/span><\/li>\n<li style=\"font-weight: 400;\" aria-level=\"1\"><span style=\"font-weight: 400;\">potrivit pentru utilizare diminea\u021ba \u0219i seara;<\/span><\/li>\n<li style=\"font-weight: 400;\" aria-level=\"1\"><span style=\"font-weight: 400;\">parfum delicat \u201emasculin\u201d.<\/span><\/li>\n<\/ul>\n<p><b><i>Inova\u021bii, componente active<\/i><\/b><\/p>\n<ul>\n<li><b>Men\u2019s Super Moist:<\/b><span style=\"font-weight: 400;\"> con\u021bine componente cheie ale factorului natural de hidratare a pielii (NMF). Ofer\u0103 un efect hidratant imediat \u0219i de lung\u0103 durat\u0103, revitalizeaz\u0103, neteze\u0219te ridurile \u0219i protejeaz\u0103 pielea de \u00eemb\u0103tr\u00e2nirea prematur\u0103.<\/span><\/li>\n<li><b>Acid hialuronic (cu greutate molecular\u0103 mare \u0219i mic\u0103):<\/b><span style=\"font-weight: 400;\"> hidrateaz\u0103 intens \u0219i re\u021bine umiditatea \u00een piele.<\/span><\/li>\n<li><b>Izomerat de zaharid\u0103: <\/b><span style=\"font-weight: 400;\">un complex de carbohidra\u021bi, care spore\u0219te eficien\u021ba factorului natural de hidratare al pielii (NMF). Ofer\u0103 hidratare intens\u0103 \u0219i prelungit\u0103 a pielii, reduce deshidratarea, amelioreaz\u0103 irita\u021biile.<\/span><\/li>\n<li><b>D-panthenol:<\/b><span style=\"font-weight: 400;\"> calmeaz\u0103, hidrateaz\u0103, catifeleaz\u0103, protejeaz\u0103 \u0219i stimuleaz\u0103 regenerarea pielii. Amelioreaz\u0103 rapid irita\u021biile \u0219i pruritul.<\/span><\/li>\n<li><b>Men\u2019s Ultra Calm:<\/b><span style=\"font-weight: 400;\"> \u201eprim ajutor\u201d pentru pielea iritat\u0103. Con\u021bine un complex activ de extracte de plante (coac\u0103ze negre \u0219i clopo\u021bel cu flori mari), precum \u0219i componente nesaponificabile ale uleiului de floarea-soarelui. Bogat \u00een acizi gra\u0219i nesatura\u021bi \u0219i fitosteroli, calmeaz\u0103 instantaneu \u0219i reduce reactivitatea pielii.<\/span><\/li>\n<li><b>Aloe Vera:<\/b><span style=\"font-weight: 400;\"> hidrateaz\u0103 \u0219i calmeaz\u0103 pielea.<\/span><\/li>\n<li><b>Acetat de vitamina E: <\/b><span style=\"font-weight: 400;\">antioxidant, stimuleaz\u0103 procesele de regenerare \u0219i re\u00eennoire celular\u0103, previne \u00eemb\u0103tr\u00e2nirea pielii.<\/span><\/li>\n<\/ul>\n<p><b><i>Mod de utilizare:\u00a0<\/i><\/b><span style=\"font-weight: 400;\">\u00cen fiecare zi, diminea\u021ba \u0219i\/sau seara aplica\u021bi o cantitate mic\u0103 de crem\u0103-gel pe pielea curat\u0103. Folosi\u021bi de fiecare dat\u0103 dup\u0103 b\u0103rbierit.<\/span><\/p>","protected":false},"excerpt":{"rendered":"<p>Calming hydro gel, 50 ml<\/p>\n","protected":false},"featured_media":434,"template":"","meta":[],"product_cat":[40,41,511],"product_tag":[],"_links":{"self":[{"href":"https:\/\/shop.belar.md\/ro\/wp-json\/wp\/v2\/product\/404"}],"collection":[{"href":"https:\/\/shop.belar.md\/ro\/wp-json\/wp\/v2\/product"}],"about":[{"href":"https:\/\/shop.belar.md\/ro\/wp-json\/wp\/v2\/types\/product"}],"wp:featuredmedia":[{"embeddable":true,"href":"https:\/\/shop.belar.md\/ro\/wp-json\/wp\/v2\/media\/434"}],"wp:attachment":[{"href":"https:\/\/shop.belar.md\/ro\/wp-json\/wp\/v2\/media?parent=404"}],"wp:term":[{"taxonomy":"product_cat","embeddable":true,"href":"https:\/\/shop.belar.md\/ro\/wp-json\/wp\/v2\/product_cat?post=404"},{"taxonomy":"product_tag","embeddable":true,"href":"https:\/\/shop.belar.md\/ro\/wp-json\/wp\/v2\/product_tag?post=404"}],"curies":[{"name":"wp","href":"https:\/\/api.w.org\/{rel}","templated":true}]}}