{"id":402,"date":"2021-01-12T16:41:42","date_gmt":"2021-01-12T16:41:42","guid":{"rendered":"http:\/\/shop.belar.md\/product\/import-placeholder-for-408\/"},"modified":"2026-04-22T05:00:29","modified_gmt":"2026-04-22T05:00:29","slug":"2-phase-melafadin-concentrate","status":"publish","type":"product","link":"https:\/\/shop.belar.md\/ro\/product\/2-phase-melafadin-concentrate\/","title":{"rendered":"Complex de iluminare bifazic, \u00eempotriva petelor pigmentare, cu concentrat activ de vitamina C"},"content":{"rendered":"<p><span style=\"font-weight: 400;\">Un concentrat activ bifazic, cu componente puternice de albire, care spore\u0219te eficien\u021ba tuturor produselor din gama <\/span><i><span style=\"font-weight: 400;\">FAIR SKIN<\/span><\/i><span style=\"font-weight: 400;\">. Indispensabil \u00een \u00eengrijirea pielii cu pigmentare nedorit\u0103, tern\u0103, obosit\u0103, \u00eemb\u0103tr\u00e2nit\u0103. \u00cen plus, protejeaz\u0103 pielea de stresul oxidativ. Con\u021bine pudr\u0103 de vitamina C, \u00eentr-o form\u0103 biodisponibil\u0103, stabil\u0103 (faza 1) \u0219i un activator lichid \u00eembog\u0103\u021bit cu ingrediente active (faza 2). Ambele faze sunt amestecate pentru a crea un produs extrem de concentrat, cu propriet\u0103\u021bi de decolorare de neegalat. O sticl\u0103 convenabil\u0103, cu dozator de pipete, ajut\u0103 la aplicarea precis\u0103 a concentratului pe petele pigmentare. Dovedit clinic: dup\u0103 8 s\u0103pt\u0103m\u00e2ni, nuan\u021ba pielii este uniformizat\u0103,\u00a0 petele pigmentare sunt reduse cu 14%, iar pielea arat\u0103 radiant\u0103 \u0219i proasp\u0103t\u0103.<\/span><\/p>\n<p><b><i>Avantaje:<\/i><\/b><\/p>\n<ul>\n<li style=\"font-weight: 400;\" aria-level=\"1\"><span style=\"font-weight: 400;\">albe\u0219te eficient petele pigmentare, datorit\u0103 ac\u021biunii sinergice a ingredientelor active;<\/span><\/li>\n<li style=\"font-weight: 400;\" aria-level=\"1\"><span style=\"font-weight: 400;\">formul\u0103 concentrat\u0103, biodisponibilitate ridicat\u0103 \u2013 rezultate vizibile \u00een cel mai scurt timp posibil;<\/span><\/li>\n<li style=\"font-weight: 400;\" aria-level=\"1\"><span style=\"font-weight: 400;\">protejeaz\u0103 pielea de \u00eemb\u0103tr\u00e2nirea prematur\u0103;<\/span><\/li>\n<li style=\"font-weight: 400;\" aria-level=\"1\"><span style=\"font-weight: 400;\">\u00eembun\u0103t\u0103\u021be\u0219te sinteza colagenului \u2013 pielea devine mai ferm\u0103 \u0219i mai dens\u0103;<\/span><\/li>\n<li style=\"font-weight: 400;\" aria-level=\"1\"><span style=\"font-weight: 400;\">\u00eent\u0103re\u0219te vasele sanguine \u2013 potrivit pentru pielea cu rozacee;<\/span><\/li>\n<li style=\"font-weight: 400;\" aria-level=\"1\"><span style=\"font-weight: 400;\">1 flacon \u2013 10 zile de utilizare, garan\u021bie a stabilit\u0103\u021bii \u0219i conserv\u0103rii propriet\u0103\u021bilor ingredientelor active;<\/span><\/li>\n<li style=\"font-weight: 400;\" aria-level=\"1\"><span style=\"font-weight: 400;\">curs intensiv, conceput pentru 6 s\u0103pt\u0103m\u00e2ni;<\/span><\/li>\n<li style=\"font-weight: 400;\" aria-level=\"1\"><span style=\"font-weight: 400;\">ambalaj avantajos \u2013 dozaj precis.<\/span><\/li>\n<\/ul>\n<p><b><i>Inova\u021bii, componente active<\/i><\/b><\/p>\n<ul>\n<li><b>Faz\u0103 pulbere: fosfat de vitamina C:<\/b><span style=\"font-weight: 400;\"> acid ascorbic stabilizat; r\u0103m\u00e2n\u00e2nd stabil\u0103 \u00een ap\u0103, se transform\u0103 \u00een vitamina C la nivelul pielii sub influen\u021ba enzimelor cutanate (esteraze); inhib\u0103 maturarea melaninei.<\/span><\/li>\n<li><b>Faz\u0103 lichid\u0103: Lipoaminoacid (INCI): undecylenoyl fenilalanin\u0103):<\/b><span style=\"font-weight: 400;\"> o component\u0103 eficient\u0103 de albire a pielii, blocheaz\u0103 \u00een mod fiabil receptorii alfa-MSH de pe suprafa\u021ba melanocitelor.<\/span><\/li>\n<li><b>Complex de extracte de plante SORR:<\/b><span style=\"font-weight: 400;\"> extracte extrem de active de Siegesbeckia orientalis \u0219i Rabdosia rubescens; suprim\u0103 p\u0103trunderea melaninei \u00een keratinocite, au propriet\u0103\u021bi calmante \u0219i antiradicalice, uniformizeaz\u0103 culoarea \u0219i confer\u0103 pielii o str\u0103lucire radiant\u0103.<\/span><\/li>\n<li><b>Extract de r\u0103d\u0103cin\u0103 de dud alb (Morus alba):<\/b><span style=\"font-weight: 400;\"> Inhib\u0103 tirozinaza \u0219i stabilizeaz\u0103 forma sa inactiv\u0103.<\/span><\/li>\n<\/ul>\n<p><b><i>Mod de utilizare:\u00a0<\/i><\/b><span style=\"font-weight: 400;\">Diminea\u021ba \u0219i\/sau seara distribui\u021bi o cantitate mic\u0103 de ser (1-2 pipete) pe pielea fe\u021bei \u0219i a g\u00e2tului, l\u0103sa\u021bi s\u0103 se absoarb\u0103. Aplica\u021bi o crem\u0103 de zi sau de noapte \u00een func\u021bie de tipul Dvs. de piele. Recomandat pentru utilizare regulat\u0103 sau o cur\u0103 (6 s\u0103pt\u0103m\u00e2ni).<\/span><\/p>","protected":false},"excerpt":{"rendered":"<p>2-phase Melafadin concentrate, 4 cap<\/p>\n","protected":false},"featured_media":432,"template":"","meta":[],"product_cat":[40,41],"product_tag":[],"_links":{"self":[{"href":"https:\/\/shop.belar.md\/ro\/wp-json\/wp\/v2\/product\/402"}],"collection":[{"href":"https:\/\/shop.belar.md\/ro\/wp-json\/wp\/v2\/product"}],"about":[{"href":"https:\/\/shop.belar.md\/ro\/wp-json\/wp\/v2\/types\/product"}],"wp:featuredmedia":[{"embeddable":true,"href":"https:\/\/shop.belar.md\/ro\/wp-json\/wp\/v2\/media\/432"}],"wp:attachment":[{"href":"https:\/\/shop.belar.md\/ro\/wp-json\/wp\/v2\/media?parent=402"}],"wp:term":[{"taxonomy":"product_cat","embeddable":true,"href":"https:\/\/shop.belar.md\/ro\/wp-json\/wp\/v2\/product_cat?post=402"},{"taxonomy":"product_tag","embeddable":true,"href":"https:\/\/shop.belar.md\/ro\/wp-json\/wp\/v2\/product_tag?post=402"}],"curies":[{"name":"wp","href":"https:\/\/api.w.org\/{rel}","templated":true}]}}