{"id":397,"date":"2021-01-12T16:41:41","date_gmt":"2021-01-12T16:41:41","guid":{"rendered":"http:\/\/shop.belar.md\/product\/import-placeholder-for-398\/"},"modified":"2026-05-10T08:03:05","modified_gmt":"2026-05-10T05:03:05","slug":"brightening-exfoliator","status":"publish","type":"product","link":"https:\/\/shop.belar.md\/ro\/product\/brightening-exfoliator\/","title":{"rendered":"Exfoliant cremos, cu efect de albire, pe baz\u0103 de acizi de fructe"},"content":{"rendered":"<p><span style=\"font-weight: 400;\">Un peeling scrub cu o textur\u0103 cremoas\u0103, delicat\u0103 \u0219i o arom\u0103 u\u0219oar\u0103 de fructe, pentru o piele impecabil de neted\u0103, radiant\u0103 \u0219i re\u00eennoit\u0103. Con\u021bine microgranule abrazive rotunjite, precum \u0219i acizi &#8211; glicolic \u0219i citric, care sporesc efectul exfolierii mecanice. \u00cen rezultat, chiar \u0219i dup\u0103 o singur\u0103 aplicare,\u00a0 pielea este mai neted\u0103, mai deschis\u0103 la culoare, mai \u00eengrijit\u0103 \u0219i mai\u00a0 proasp\u0103t\u0103. Cu utilizare regulat\u0103, starea porilor se \u00eembun\u0103t\u0103\u021be\u0219te vizibil, petele pigmentare devin mai deschise la culoare, iar pielea arat\u0103 t\u00e2n\u0103r\u0103, s\u0103n\u0103toas\u0103 \u0219i frumoas\u0103.<\/span><\/p>\n<p><b><i>Avantaje:<\/i><\/b><\/p>\n<ul>\n<li style=\"font-weight: 400;\" aria-level=\"1\"><span style=\"font-weight: 400;\">produs \u201einstant beauty\u201d pentru ten tern \u0219i obosit &#8211; ten superb, str\u0103lucire s\u0103n\u0103toas\u0103, ten perfect neted;<\/span><\/li>\n<li style=\"font-weight: 400;\" aria-level=\"1\"><span style=\"font-weight: 400;\">preg\u0103tire optim\u0103 pentru \u00eengrijire activ\u0103 \u00een cadrul oric\u0103rui program anti-age;<\/span><\/li>\n<li style=\"font-weight: 400;\" aria-level=\"1\"><span style=\"font-weight: 400;\">efect cumulativ de rejuvenare, albirea petelor pigmentare, mai pu\u021bine riduri vizibile;<\/span><\/li>\n<li style=\"font-weight: 400;\" aria-level=\"1\"><span style=\"font-weight: 400;\">stimuleaz\u0103 regenerarea pielii;<\/span><\/li>\n<li style=\"font-weight: 400;\" aria-level=\"1\"><span style=\"font-weight: 400;\">previne formarea elementelor inflamatorii;<\/span><\/li>\n<li style=\"font-weight: 400;\" aria-level=\"1\"><span style=\"font-weight: 400;\">textur\u0103 confortabil\u0103: u\u0219or de aplicat \u0219i de sp\u0103lat;<\/span><\/li>\n<li style=\"font-weight: 400;\" aria-level=\"1\"><span style=\"font-weight: 400;\">preg\u0103tire expres\u0103 pentru aplicarea machiajului;<\/span><\/li>\n<li style=\"font-weight: 400;\" aria-level=\"1\"><span style=\"font-weight: 400;\">potrivit pentru utilizare pe parcursul la tot anul;<\/span><\/li>\n<li style=\"font-weight: 400;\" aria-level=\"1\"><span style=\"font-weight: 400;\">produs must-have pentru locuitorii ora\u0219ului;<\/span><\/li>\n<li style=\"font-weight: 400;\" aria-level=\"1\"><span style=\"font-weight: 400;\">ambalaj avantajos, consum econom;<\/span><\/li>\n<li style=\"font-weight: 400;\" aria-level=\"1\"><span style=\"font-weight: 400;\">nu con\u021bine parabeni.<\/span><\/li>\n<\/ul>\n<p><b><i>Inova\u021bii, componente active<\/i><\/b><\/p>\n<ul>\n<li><b>Sfere de polietilen\u0103:<\/b><span style=\"font-weight: 400;\"> granule de exfoliere pentru \u00eendep\u0103rtarea mecanic\u0103 a celulelor moarte ale pielii.<\/span><\/li>\n<li><b>Acid citric:<\/b><span style=\"font-weight: 400;\"> dizolv\u0103 \u201ecimentul\u201d dintre celulele moarte \u0219i \u00eembun\u0103t\u0103\u021be\u0219te structura suprafe\u021bei pielii, similar unui peeling chimic.<\/span><\/li>\n<li><b>Acid glicolic:<\/b><span style=\"font-weight: 400;\"> dizolv\u0103 substan\u021ba \u201ecimentant\u0103\u201d dintre celulele moarte \u0219i \u00eembun\u0103t\u0103\u021be\u0219te structura superficial\u0103 a pielii, similar unui peeling chimic.<\/span><\/li>\n<\/ul>\n<p><b><i>Mod de utilizare:\u00a0<\/i><\/b><span style=\"font-weight: 400;\">Se utilizeaz\u0103 de 2-3 ori pe s\u0103pt\u0103m\u00e2n\u0103 sau la nevoie, ca tratament expres. Aplica\u021bi pe pielea curat\u0103 a fe\u021bei, g\u00e2tului \u0219i decolteului, masa\u021bi u\u0219or, apoi cl\u0103ti\u021bi cu mult\u0103 ap\u0103. Dup\u0103 procedura de peeling, nu expune\u021bi pielea la lumina direct\u0103 a soarelui.<\/span><\/p>","protected":false},"excerpt":{"rendered":"<p>Brightening exfoliator, 50 ml<\/p>\n","protected":false},"featured_media":427,"template":"","meta":{"inline_featured_image":false,"_sitemap_exclude":false,"_sitemap_priority":"","_sitemap_frequency":""},"product_brand":[],"product_cat":[41,40],"product_tag":[],"class_list":{"0":"post-397","1":"product","2":"type-product","3":"status-publish","4":"has-post-thumbnail","6":"product_cat-dlya-lica","7":"product_cat-kosmetika","8":"pa_proizvoditel-janssen-cosmeceutical","10":"first","11":"instock","12":"shipping-taxable","13":"purchasable","14":"product-type-simple"},"_links":{"self":[{"href":"https:\/\/shop.belar.md\/ro\/wp-json\/wp\/v2\/product\/397","targetHints":{"allow":["GET"]}}],"collection":[{"href":"https:\/\/shop.belar.md\/ro\/wp-json\/wp\/v2\/product"}],"about":[{"href":"https:\/\/shop.belar.md\/ro\/wp-json\/wp\/v2\/types\/product"}],"wp:featuredmedia":[{"embeddable":true,"href":"https:\/\/shop.belar.md\/ro\/wp-json\/wp\/v2\/media\/427"}],"wp:attachment":[{"href":"https:\/\/shop.belar.md\/ro\/wp-json\/wp\/v2\/media?parent=397"}],"wp:term":[{"taxonomy":"product_brand","embeddable":true,"href":"https:\/\/shop.belar.md\/ro\/wp-json\/wp\/v2\/product_brand?post=397"},{"taxonomy":"product_cat","embeddable":true,"href":"https:\/\/shop.belar.md\/ro\/wp-json\/wp\/v2\/product_cat?post=397"},{"taxonomy":"product_tag","embeddable":true,"href":"https:\/\/shop.belar.md\/ro\/wp-json\/wp\/v2\/product_tag?post=397"}],"curies":[{"name":"wp","href":"https:\/\/api.w.org\/{rel}","templated":true}]}}