{"id":365,"date":"2021-01-12T16:41:30","date_gmt":"2021-01-12T16:41:30","guid":{"rendered":"http:\/\/shop.belar.md\/product\/import-placeholder-for-394\/"},"modified":"2026-04-21T05:04:26","modified_gmt":"2026-04-21T05:04:26","slug":"melafadin-cleansing-powder","status":"publish","type":"product","link":"https:\/\/shop.belar.md\/ro\/product\/melafadin-cleansing-powder\/","title":{"rendered":"Melafadin Cleansing Powder"},"content":{"rendered":"<p><span style=\"font-weight: 400;\">O pudr\u0103 luxoas\u0103, moale \u0219i m\u0103t\u0103soas\u0103, cu o form\u0103 pur\u0103 de vitamina C,\u00a0 biodisponibil\u0103, pentru o cur\u0103\u021bare de \u00eenalt\u0103 calitate \u0219i uniformizarea nuan\u021bei pielii. Amestecat\u0103 cu ap\u0103, se transform\u0103 \u00eentr-o spum\u0103 delicat\u0103 \u0219i parfumat\u0103, care \u00eendep\u0103rteaz\u0103 delicat \u0219i complet machiajul \u0219i impurit\u0103\u021bile, l\u0103s\u00e2nd pielea absolut curat\u0103, radiant\u0103 \u0219i proasp\u0103t\u0103. Albe\u0219te pigmentarea nedorit\u0103 \u0219i \u00eembun\u0103t\u0103\u021be\u0219te culoarea fe\u021bei. Preg\u0103te\u0219te pielea pentru produsele de \u00eengrijire activ\u0103. Potrivit\u0103 pentru toate tipurile de piele.<\/span><\/p>\n<p><b><i>Avantaje:<\/i><\/b><\/p>\n<ul>\n<li style=\"font-weight: 400;\" aria-level=\"1\"><span style=\"font-weight: 400;\">un demachiant modern de tip transformer: atunci c\u00e2nd este amestecat cu ap\u0103, pudra se transform\u0103 \u00eentr-o spum\u0103 de cur\u0103\u021bare;<\/span><\/li>\n<li style=\"font-weight: 400;\" aria-level=\"1\"><span style=\"font-weight: 400;\">\u00eendep\u0103rteaz\u0103 rapid, u\u0219or \u0219i eficient impurit\u0103\u021bile \u0219i machiajul;<\/span><\/li>\n<li style=\"font-weight: 400;\" aria-level=\"1\"><span style=\"font-weight: 400;\">las\u0103 pielea hidratat\u0103 \u0219i moale, nu usuc\u0103, nu provoac\u0103 o senza\u021bie de piele str\u00e2ns\u0103;<\/span><\/li>\n<li style=\"font-weight: 400;\" aria-level=\"1\"><span style=\"font-weight: 400;\">ofer\u0103 pielii prospe\u021bime \u0219i str\u0103lucire;<\/span><\/li>\n<li style=\"font-weight: 400;\" aria-level=\"1\"><span style=\"font-weight: 400;\">reduce\u00a0 petele pigmentare, inclusiv cele post-acneice;<\/span><\/li>\n<li style=\"font-weight: 400;\" aria-level=\"1\"><span style=\"font-weight: 400;\">cu utilizare regulat\u0103, prezint\u0103 propriet\u0103\u021bile unui exfoliant delicat \u2013 asigur\u0103 re\u00eennoirea pielii;<\/span><\/li>\n<li style=\"font-weight: 400;\" aria-level=\"1\"><span style=\"font-weight: 400;\">produs \u201eunisex\u201d \u2013 pentru orice v\u00e2rst\u0103, pentru toate tipurile de piele;<\/span><\/li>\n<li style=\"font-weight: 400;\" aria-level=\"1\"><span style=\"font-weight: 400;\">ingrediente naturale de cur\u0103\u021bare, f\u0103r\u0103 coloran\u021bi sau parabeni;<\/span><\/li>\n<li style=\"font-weight: 400;\" aria-level=\"1\"><span style=\"font-weight: 400;\">consum econom: nu mai mult de 0,5 g per aplicare;<\/span><\/li>\n<li style=\"font-weight: 400;\" aria-level=\"1\"><span style=\"font-weight: 400;\">arom\u0103 u\u0219oar\u0103 \u0219i pl\u0103cut\u0103.<\/span><\/li>\n<\/ul>\n<p><b><i>Inova\u021bii, componente active:<\/i><\/b><\/p>\n<ul>\n<li><b>Vitamina C pur\u0103 (acid ascorbic):<\/b><span style=\"font-weight: 400;\"> inhib\u0103 maturarea melaninei \u2013 ilumineaz\u0103 petele pigmentare, are efect antiinflamator, stimuleaz\u0103 sinteza colagenului.<\/span><\/li>\n<li><b>Surfactan\u021bi bl\u00e2nzi pe baz\u0103 de plante:<\/b><span style=\"font-weight: 400;\"> condensat de acizi gra\u0219i din nuc\u0103 de cocos \u0219i aminoacizi.<\/span><\/li>\n<\/ul>\n<p><b><i>Mod de utilizare:\u00a0<\/i><\/b><span style=\"font-weight: 400;\">Se utilizeaz\u0103 pentru sp\u0103lare zilnic\u0103 \u2013 diminea\u021ba \u0219i seara. Amesteca\u021bi o cantitate mic\u0103 de pulbere cu ap\u0103 p\u00e2n\u0103 se formeaz\u0103 spum\u0103. Aplica\u021bi pe pielea fe\u021bei \u0219i masa\u021bi. Cl\u0103ti\u021bi cu ap\u0103 cald\u0103.\u00a0<\/span><\/p>\n<p><b>Sfat:<\/b><span style=\"font-weight: 400;\"> Dilua\u021bi pudra de cur\u0103\u021bare Melafadin cu lo\u021biunea tonic\u0103 Melafadin pentru a intensifica efectul de albire al petelor pigmentare.<\/span><\/p>","protected":false},"excerpt":{"rendered":"<p>Melafadin Cleansing Powder, 60 gr<\/p>\n","protected":false},"featured_media":1956,"template":"","meta":[],"product_cat":[40,41],"product_tag":[],"_links":{"self":[{"href":"https:\/\/shop.belar.md\/ro\/wp-json\/wp\/v2\/product\/365"}],"collection":[{"href":"https:\/\/shop.belar.md\/ro\/wp-json\/wp\/v2\/product"}],"about":[{"href":"https:\/\/shop.belar.md\/ro\/wp-json\/wp\/v2\/types\/product"}],"wp:featuredmedia":[{"embeddable":true,"href":"https:\/\/shop.belar.md\/ro\/wp-json\/wp\/v2\/media\/1956"}],"wp:attachment":[{"href":"https:\/\/shop.belar.md\/ro\/wp-json\/wp\/v2\/media?parent=365"}],"wp:term":[{"taxonomy":"product_cat","embeddable":true,"href":"https:\/\/shop.belar.md\/ro\/wp-json\/wp\/v2\/product_cat?post=365"},{"taxonomy":"product_tag","embeddable":true,"href":"https:\/\/shop.belar.md\/ro\/wp-json\/wp\/v2\/product_tag?post=365"}],"curies":[{"name":"wp","href":"https:\/\/api.w.org\/{rel}","templated":true}]}}