{"id":363,"date":"2021-01-12T16:41:30","date_gmt":"2021-01-12T16:41:30","guid":{"rendered":"http:\/\/shop.belar.md\/product\/import-placeholder-for-390\/"},"modified":"2026-04-22T05:01:46","modified_gmt":"2026-04-22T05:01:46","slug":"rich-eye-contour-cream","status":"publish","type":"product","link":"https:\/\/shop.belar.md\/ro\/product\/rich-eye-contour-cream\/","title":{"rendered":"Crema nutritiva pentru pielea din jurul ochilor"},"content":{"rendered":"<p><span style=\"font-weight: 400;\">Aceast\u0103 crem\u0103 de \u00eengrijire a zonei din jurul ochilor este bogat\u0103 \u00een ingrediente active \u0219i red\u0103 fermitate pielii din jurul ochilor imediat \u0219i vizibil. \u00cen ciuda consisten\u021bei sale delicate, hidratarea pielii este crescut\u0103 pentru o perioad\u0103 lung\u0103 de timp.<\/span><\/p>\n<p><span style=\"font-weight: 400;\">Uleiurile \u0219i gr\u0103simile vegetale de \u00eenalt\u0103 calitate ofer\u0103 o consisten\u021b\u0103 delicat\u0103 \u0219i fac pielea moale \u0219i ferm\u0103. Efectul de lifting vizibil face ca zona ochilor s\u0103 par\u0103 mai neted\u0103, mai elastic\u0103 \u0219i mai t\u00e2n\u0103r\u0103. \u00cen acela\u0219i timp, regenerarea natural\u0103 a pielii este sus\u021binut\u0103, iar ridurile sunt reduse pe termen lung. <\/span><span style=\"font-weight: 400;\">At\u00e2t suprafa\u021ba pielii, c\u00e2t \u0219i straturile mai profunde ale acesteia sunt alimentate eficient cu umiditate.<\/span><\/p>\n<p><b>Avantaje:<\/b><\/p>\n<ul>\n<li><span style=\"font-weight: 400;\"> men\u021bine rezisten\u021ba \u0219i elasticitatea pielii;<\/span><\/li>\n<li><span style=\"font-weight: 400;\"> ridurile cauzate de deshidratare sunt reduse;<\/span><\/li>\n<li><span style=\"font-weight: 400;\"> pielea este netezit\u0103;<\/span><\/li>\n<li><span style=\"font-weight: 400;\"> baz\u0103 ideal\u0103 pentru o fixare bun\u0103 a machiajului ochilor;<\/span><\/li>\n<li><span style=\"font-weight: 400;\"> consisten\u021b\u0103 bogat\u0103, dar totu\u0219i u\u0219oar\u0103;<\/span><\/li>\n<li><span style=\"font-weight: 400;\"> \u00eembun\u0103t\u0103\u021bire vizibil\u0103 a structurii pielii;<\/span><\/li>\n<li><span style=\"font-weight: 400;\"> \u00eent\u0103re\u0219te \u021besutul moale din regiunea ochilor.<\/span><\/li>\n<\/ul>\n<p><b><i>Ingrediente, componente active<\/i><\/b><\/p>\n<ul>\n<li><b>Extract de ov\u0103z:<\/b><span style=\"font-weight: 400;\"> lifting vizibil al pielii.<\/span><\/li>\n<li><b>Izomerat de zaharid\u0103:<\/b><span style=\"font-weight: 400;\"> amestec de diverse zaharuri produse din glucoz\u0103 vegetal\u0103, care se leag\u0103 ferm de creatina pielii \u0219i asigur\u0103 o cre\u0219tere de lung\u0103 durat\u0103 a umidit\u0103\u021bii pielii.<\/span><\/li>\n<li><b>Acid hialuronic cu lan\u021b lung \u0219i scurt:<\/b><span style=\"font-weight: 400;\"> pielea devine imediat mai neted\u0103,\u00a0 cre\u0219te nivelul \u0219i durata de hidratare a pielii; neteze\u0219te \u0219i reduce ridurile cauzate de deshidratare;<\/span><\/li>\n<li><b>Palmitat de vitamina A: <\/b><span style=\"font-weight: 400;\">asigur\u0103 regenerarea epidermei;<\/span><\/li>\n<li><b><i>Ulei de macadamia: <\/i><\/b><span style=\"font-weight: 400;\">un puternic ingredient anti-age. Con\u021bine o cantitate mare de acizi gra\u0219i, minerale, vitamine (grupa B, E), potasiu, seleniu, zinc, calciu. Are propriet\u0103\u021bi antiinflamatorii, regenerante \u0219i antibacteriene. \u00cent\u0103re\u0219te imunitatea celulelor pielii, acceler\u00e2nd procesele metabolice ale carbohidra\u021bilor \u0219i proteinelor din acestea. Ajut\u0103 la reducerea activit\u0103\u021bii metaloproteinazelor matriceale.<\/span><\/li>\n<\/ul>\n<p><b><i>Mod de utilizare <\/i><\/b><span style=\"font-weight: 400;\">Aplica\u021bi crema pentru conturul ochilor prin masaj pe pielea curat\u0103 din jurul ochilor, diminea\u021ba \u0219i\/sau seara.<\/span><\/p>\n<p><span style=\"font-weight: 400;\">Este potrivit\u0103 ca baz\u0103 pentru fond de ten pentru machiajul ochilor.<\/span><\/p>","protected":false},"excerpt":{"rendered":"<p>RICH EYE CONTOUR CREAM, 15ML<\/p>\n","protected":false},"featured_media":393,"template":"","meta":[],"product_cat":[40,41],"product_tag":[],"_links":{"self":[{"href":"https:\/\/shop.belar.md\/ro\/wp-json\/wp\/v2\/product\/363"}],"collection":[{"href":"https:\/\/shop.belar.md\/ro\/wp-json\/wp\/v2\/product"}],"about":[{"href":"https:\/\/shop.belar.md\/ro\/wp-json\/wp\/v2\/types\/product"}],"wp:featuredmedia":[{"embeddable":true,"href":"https:\/\/shop.belar.md\/ro\/wp-json\/wp\/v2\/media\/393"}],"wp:attachment":[{"href":"https:\/\/shop.belar.md\/ro\/wp-json\/wp\/v2\/media?parent=363"}],"wp:term":[{"taxonomy":"product_cat","embeddable":true,"href":"https:\/\/shop.belar.md\/ro\/wp-json\/wp\/v2\/product_cat?post=363"},{"taxonomy":"product_tag","embeddable":true,"href":"https:\/\/shop.belar.md\/ro\/wp-json\/wp\/v2\/product_tag?post=363"}],"curies":[{"name":"wp","href":"https:\/\/api.w.org\/{rel}","templated":true}]}}