{"id":357,"date":"2021-01-12T16:41:30","date_gmt":"2021-01-12T16:41:30","guid":{"rendered":"http:\/\/shop.belar.md\/product\/import-placeholder-for-378\/"},"modified":"2026-04-17T05:01:34","modified_gmt":"2026-04-17T05:01:34","slug":"rich-nutrient-skin-refiner","status":"publish","type":"product","link":"https:\/\/shop.belar.md\/ro\/product\/rich-nutrient-skin-refiner\/","title":{"rendered":"SPF 15 crem\u0103 pentru piele uscat\u0103 \u0219i piele deshidratat\u0103"},"content":{"rendered":"<p>Rich Nutrient Skin Refiner este o crem\u0103 pentru pielea uscat\u0103 \u0219i \/ sau deshidratat\u0103, cu o textur\u0103 hr\u0103nitoare \u0219i \u00eembog\u0103\u021bit\u0103, care ofer\u0103 \u00eengrijire revitalizant\u0103 intensiv\u0103, prevenind apari\u021bia semnelor de \u00eemb\u0103tr\u00e2nire prematur\u0103. Cre\u0219te considerabil elasticitatea \u0219i elasticitatea pielii, \u00eencetine\u0219te procesul de \u00eemb\u0103tr\u00e2nire.<\/p>\n<p>* \u00cent\u0103re\u0219te bariera hidrolipidic\u0103<br \/>\n* Regleaz\u0103 nivelul de umiditate<br \/>\n* \u00cembun\u0103t\u0103\u021be\u0219te vizibil structura pielii<br \/>\n* Cre\u0219te fermitatea \u0219i elasticitatea<br \/>\n* Neteze\u0219te ridurile cauzate de usc\u0103ciune<br \/>\n* Previne \u00eemb\u0103tr\u00e2nirea prematur\u0103 a pielii<br \/>\n* Ofer\u0103 un efect de ridicare<br \/>\n* SPF 15 protejeaz\u0103 pielea<br \/>\ncerere<br \/>\nAplica\u021bi pe zona cur\u0103\u021bat\u0103 a fe\u021bei, g\u00e2tului \u0219i decolteului diminea\u021ba. Baza perfect\u0103 pentru machiaj.Utiliza\u021bi BB \u00een salon ca o crem\u0103 final\u0103.<br \/>\nINGREDIENTE ACTIVE<br \/>\n* Extract de ov\u0103z: polizaharidele (zaharurile vegetale) ob\u021binute din boabele de ov\u0103z au un efect intens de hidratare, leg\u00e2nd \u0219i p\u0103str\u00e2nd o cantitate semnificativ\u0103 de umiditate \u00een piele. \u00cen plus, extractul de ov\u0103z ofer\u0103 un efect pronun\u021bat de ridicare, form\u00e2nd un film 3D stabil pe suprafa\u021ba pielii.<br \/>\n* Zah\u0103r invertit: o component\u0103 care re\u021bine umezeala derivat\u0103 din zaharuri naturale; se combin\u0103 ferm cu cheratina pielii \u0219i asigur\u0103 o hidratare optim\u0103 datorit\u0103 capacit\u0103\u021bii sale de a lega umezeala.<br \/>\n* Acid hialuronic: asigur\u0103 o hidratare intens\u0103 \u0219i ajut\u0103 la re\u021binerea umezelii \u00een piele.<br \/>\n* Izostearil izostearat: \u00een reducerea ISIS; o component\u0103 de \u00eenmuiere de origine vegetal\u0103; \u00eembun\u0103t\u0103\u021be\u0219te aderen\u021ba lipidelor \u00een stratul cornos \u0219i reduce pierderea de ap\u0103 transepidermic\u0103.<br \/>\n* Derivat de acid cinamic: filtru UVB sintetic.<br \/>\n* Derivat de triazin\u0103: filtru UVB sintetic, o component\u0103 natural\u0103 a sebumului; previne deshidratarea, cre\u0219te elasticitatea, are un efect de netezire asupra pielii.<br \/>\n* Vitamina E: antioxidant, protejeaz\u0103 celulele pielii \u0219i \u00eembun\u0103t\u0103\u021be\u0219te nutri\u021bia acestora, previne procesele de \u00eemb\u0103tr\u00e2nire prematur\u0103.<br \/>\n* Vitamina C: stimuleaz\u0103 formarea de noi fibre de colagen, \u00eencetine\u0219te distrugerea acestora; protejeaz\u0103 \u00eempotriva radicalilor liberi, favorizeaz\u0103 luminarea pielii<\/p>","protected":false},"excerpt":{"rendered":"<p>Rich Nutrient Skin Refiner, 50 ml<\/p>\n","protected":false},"featured_media":387,"template":"","meta":[],"product_cat":[40,41],"product_tag":[],"_links":{"self":[{"href":"https:\/\/shop.belar.md\/ro\/wp-json\/wp\/v2\/product\/357"}],"collection":[{"href":"https:\/\/shop.belar.md\/ro\/wp-json\/wp\/v2\/product"}],"about":[{"href":"https:\/\/shop.belar.md\/ro\/wp-json\/wp\/v2\/types\/product"}],"wp:featuredmedia":[{"embeddable":true,"href":"https:\/\/shop.belar.md\/ro\/wp-json\/wp\/v2\/media\/387"}],"wp:attachment":[{"href":"https:\/\/shop.belar.md\/ro\/wp-json\/wp\/v2\/media?parent=357"}],"wp:term":[{"taxonomy":"product_cat","embeddable":true,"href":"https:\/\/shop.belar.md\/ro\/wp-json\/wp\/v2\/product_cat?post=357"},{"taxonomy":"product_tag","embeddable":true,"href":"https:\/\/shop.belar.md\/ro\/wp-json\/wp\/v2\/product_tag?post=357"}],"curies":[{"name":"wp","href":"https:\/\/api.w.org\/{rel}","templated":true}]}}