{"id":3546,"date":"2024-02-22T15:39:40","date_gmt":"2024-02-22T15:39:40","guid":{"rendered":"https:\/\/shop.belar.md\/?post_type=product&#038;p=3546"},"modified":"2026-04-20T05:06:36","modified_gmt":"2026-04-20T05:06:36","slug":"koncentrat-dlya-kletochnogo-obnovleniya-s-fito-estragenami","status":"publish","type":"product","link":"https:\/\/shop.belar.md\/ro\/product\/koncentrat-dlya-kletochnogo-obnovleniya-s-fito-estragenami\/","title":{"rendered":"Intense renewal fluid"},"content":{"rendered":"<p>Concentrat superactiv cu extract de celule stem din m\u0103rul Elve\u021bian, o surs\u0103 de factori de cre\u0219tere a plantelor. Celulele Stem ob\u021binute din mere stimuleaz\u0103 re\u00eennoirea pielii, p\u0103streaz\u0103 \u0219i prelungesc tinere\u021bea acesteia.\u00a0Stimuleaz\u0103 sinteza colagenului, elastinei \u0219i glicozaminoglicanilor, cele trei componente principale responsabile de tonusul \u0219i elasticitatea pielii. Prelunge\u0219te ciclul de via\u021b\u0103 al celulelor pielii, \u00eel protejeaz\u0103 de sub\u021bierea \u0219i formarea ridurilor. Protejeaz\u0103 \u00eempotriva daunelor cauzate de radicalii liberi \u0219i, ca urmare, de \u00eemb\u0103tr\u00e2nirea prematur\u0103. Acidul hialuronic hidrateaz\u0103 intens \u0219i re\u021bine umezeala. Rezultatul: piele revigorat\u0103, t\u00e2n\u0103r\u0103, elastic\u0103, efect de lifting, ten radiant. Textura este pe baz\u0103 de ap\u0103, de culoare verde deschis, aroma este proasp\u0103t\u0103.<\/p>\n<p><strong>Avantaje:<\/strong><\/p>\n<p>preg\u0103tire profesional\u0103 pentru uz casnic;<br \/>\nrezultatul la domiciliu este ca dup\u0103 tratamentele salonului;<br \/>\n\u00eembun\u0103t\u0103\u021be\u0219te efectul produselor de \u00eengrijire de baz\u0103;<br \/>\nCon\u021bine un booster de hidratare-restabile\u0219te instantaneu hidrobalan\u021ba pielii;<br \/>\nefect instant-piele hidratat\u0103 calitativ, proasp\u0103t\u0103 \u0219i radiant\u0103, ridicare pronun\u021bat\u0103;<br \/>\nefect cumulativ \u2013 pielea arat\u0103 mai t\u00e2n\u0103r\u0103 \u0219i mai str\u00e2ns\u0103;<br \/>\nconcentra\u021bia maxim\u0103 de ingrediente naturale;<br \/>\nForma biodisponibil\u0103 a componentelor este penetrarea profund\u0103 \u0219i acumularea \u00een piele;<br \/>\no posibil\u0103 alternativ\u0103 la injec\u021bii f\u0103r\u0103 restric\u021bii \u0219i disconfort;<br \/>\no fiol\u0103 de sticl\u0103 este un format modern &#8220;medical&#8221;, cu un minim de conservan\u021bi;<br \/>\nmonodoz\u0103 precis\u0103, siguran\u021b\u0103 a propriet\u0103\u021bilor \u0219i u\u0219urin\u021b\u0103 \u00een utilizare;<br \/>\nUn produs unisex, pentru orice tip de piele, pentru orice v\u00e2rst\u0103.<\/p>\n<p><strong>Aplica\u021bie<\/strong>: aplica\u021bi pe pielea curat\u0103 diminea\u021ba \u0219i seara. \u00cenf\u0103\u0219ura\u021bi v\u00e2rful fiolei cu un \u0219erve\u021bel de h\u00e2rtie \u0219i rupe\u021bi-l cu o mi\u0219care ascu\u021bit\u0103. Se toarn\u0103 con\u021binutul \u00een palma m\u00e2inii \u0219i se \u00eentinde pe piele, se las\u0103 s\u0103 se \u00eenmoaie. Apoi aplica\u021bi crema \u00een func\u021bie de tipul de piele. Numai pentru uz extern.<\/p>","protected":false},"excerpt":{"rendered":"<p>Stem sell fluid, 7 ampules<\/p>\n","protected":false},"featured_media":3547,"template":"","meta":[],"product_cat":[40,41],"product_tag":[],"_links":{"self":[{"href":"https:\/\/shop.belar.md\/ro\/wp-json\/wp\/v2\/product\/3546"}],"collection":[{"href":"https:\/\/shop.belar.md\/ro\/wp-json\/wp\/v2\/product"}],"about":[{"href":"https:\/\/shop.belar.md\/ro\/wp-json\/wp\/v2\/types\/product"}],"wp:featuredmedia":[{"embeddable":true,"href":"https:\/\/shop.belar.md\/ro\/wp-json\/wp\/v2\/media\/3547"}],"wp:attachment":[{"href":"https:\/\/shop.belar.md\/ro\/wp-json\/wp\/v2\/media?parent=3546"}],"wp:term":[{"taxonomy":"product_cat","embeddable":true,"href":"https:\/\/shop.belar.md\/ro\/wp-json\/wp\/v2\/product_cat?post=3546"},{"taxonomy":"product_tag","embeddable":true,"href":"https:\/\/shop.belar.md\/ro\/wp-json\/wp\/v2\/product_tag?post=3546"}],"curies":[{"name":"wp","href":"https:\/\/api.w.org\/{rel}","templated":true}]}}