{"id":354,"date":"2021-01-12T16:41:30","date_gmt":"2021-01-12T16:41:30","guid":{"rendered":"http:\/\/shop.belar.md\/product\/import-placeholder-for-372\/"},"modified":"2026-04-17T05:01:28","modified_gmt":"2026-04-17T05:01:28","slug":"brightening-face-cleanser","status":"publish","type":"product","link":"https:\/\/shop.belar.md\/ro\/product\/brightening-face-cleanser\/","title":{"rendered":"Brightening Face Cleanser"},"content":{"rendered":"<p>Laptele de cur\u0103\u021bare pentru pielea sensibil\u0103. Con\u021bine extract de m\u0103m\u0103lig\u0103 \u0219i cur\u0103\u021barea substan\u021belor active.<br \/>\nUTILIZAREA<br \/>\nAplica\u021bi Radiance \u00c9clat Cleanser diminea\u021ba \u0219i seara pe fa\u021b\u0103 \u0219i g\u00e2t \u0219i maseaz\u0103 cu v\u00e2rful degetelor \u00een mi\u0219c\u0103ri circulare mici. Cl\u0103ti\u021bi cu ap\u0103 curat\u0103 sau cu prosoape umede.<\/p>\n<p>Sfaturi: \u00een cazul unui machiaj mai \u00eenc\u0103p\u0103\u021b\u00e2nat, v\u0103 recomand\u0103m s\u0103 cur\u0103\u021ba\u021bi pielea folosind produsul de cur\u0103\u021bare Radiance \u00c9clat \u00een 2 pa\u0219i:<\/p>\n<p>1. Aplica\u021bi u\u0219or laptele demachiant \u0219i \u00eendep\u0103rta\u021bi-l cu un \u021besut cosmetic.<\/p>\n<p>2. Aplica\u021bi laptele demachiant a doua oar\u0103 \u0219i cl\u0103ti\u021bi cu mult\u0103 ap\u0103 sau prosoape umezit<br \/>\nINGREDIENTE<br \/>\n\u2022 Morus alba: extract de r\u0103d\u0103cin\u0103 de mure alb<\/p>\n<p>\u2022 Alcooli gra\u0219i etoxila\u021bi: surfactan\u021bi neionici, elimin\u0103 apa \u0219i particulele solubile \u00een ulei f\u0103r\u0103 a usca pielea<br \/>\n<\/p>","protected":false},"excerpt":{"rendered":"<p>Laptele de cur\u0103\u021bare pentru pielea sensibil\u0103<\/p>\n","protected":false},"featured_media":384,"template":"","meta":[],"product_cat":[40,41],"product_tag":[],"_links":{"self":[{"href":"https:\/\/shop.belar.md\/ro\/wp-json\/wp\/v2\/product\/354"}],"collection":[{"href":"https:\/\/shop.belar.md\/ro\/wp-json\/wp\/v2\/product"}],"about":[{"href":"https:\/\/shop.belar.md\/ro\/wp-json\/wp\/v2\/types\/product"}],"wp:featuredmedia":[{"embeddable":true,"href":"https:\/\/shop.belar.md\/ro\/wp-json\/wp\/v2\/media\/384"}],"wp:attachment":[{"href":"https:\/\/shop.belar.md\/ro\/wp-json\/wp\/v2\/media?parent=354"}],"wp:term":[{"taxonomy":"product_cat","embeddable":true,"href":"https:\/\/shop.belar.md\/ro\/wp-json\/wp\/v2\/product_cat?post=354"},{"taxonomy":"product_tag","embeddable":true,"href":"https:\/\/shop.belar.md\/ro\/wp-json\/wp\/v2\/product_tag?post=354"}],"curies":[{"name":"wp","href":"https:\/\/api.w.org\/{rel}","templated":true}]}}